{"id":34496,"date":"2022-02-21T12:38:48","date_gmt":"2022-02-21T11:38:48","guid":{"rendered":"https:\/\/www.osa.coop\/como-acceder-a-la-asistencia-sanitaria-domiciliaria-osa\/"},"modified":"2022-03-07T14:09:50","modified_gmt":"2022-03-07T13:09:50","slug":"como-acceder-a-la-asistencia-sanitaria-domiciliaria-osa","status":"publish","type":"page","link":"https:\/\/www.osa.coop\/es\/como-acceder-a-la-asistencia-sanitaria-domiciliaria-osa\/","title":{"rendered":"C\u00f3mo acceder a la asistencia sanitaria domiciliaria OSA"},"content":{"rendered":"<p>[et_pb_section fb_built=\u00bb1&#8243; next_background_color=\u00bbRGBA(0,0,0,0)\u00bb admin_label=\u00bbHero Section\u00bb _builder_version=\u00bb4.7.3&#8243; use_background_color_gradient=\u00bbon\u00bb background_color_gradient_start=\u00bbrgba(0,0,0,0.4)\u00bb background_color_gradient_end=\u00bbrgba(0,0,0,0.4)\u00bb background_color_gradient_overlays_image=\u00bbon\u00bb background_image=\u00bbhttps:\/\/www.osa.coop\/wp-content\/uploads\/2020\/11\/ADI_accedialservizio.jpg\u00bb background_position=\u00bbbottom_left\u00bb background_blend=\u00bbluminosity\u00bb custom_padding=\u00bb6%||6%|\u00bb filter_saturate=\u00bb91%\u00bb filter_brightness=\u00bb157%\u00bb bottom_divider_style=\u00bbslant\u00bb bottom_divider_height=\u00bb60px\u00bb background_color_gradient_direction__hover=\u00bb180deg\u00bb background_color_gradient_direction__hover_enabled=\u00bb180deg\u00bb background_color_gradient_start_position__hover=\u00bb0%\u00bb background_color_gradient_start_position__hover_enabled=\u00bb0%\u00bb background_color_gradient_end_position__hover=\u00bb100%\u00bb background_color_gradient_end_position__hover_enabled=\u00bb100%\u00bb][et_pb_row admin_label=\u00bbT\u00edtulo de la p\u00e1gina\u00bb _builder_version=\u00bb3.25&#8243;][et_pb_column type=\u00bb4_4&#8243; _builder_version=\u00bb3.25&#8243; custom_padding=\u00bb|||\u00bb custom_padding__hover=\u00bb|||\u00bb][et_pb_text admin_label=\u00bbHero Section Title\u00bb _builder_version=\u00bb4.7.3&#8243; text_font=\u00bbMontserrat||||||||\u00bb text_font_size=\u00bb18px\u00bb text_line_height=\u00bb1.8em\u00bb header_font=\u00bbMontserrat|600||on|||||\u00bb header_font_size=\u00bb48px\u00bb header_letter_spacing=\u00bb3px\u00bb header_line_height=\u00bb1.3em\u00bb header_2_font=\u00bbMontserrat|700|||||||\u00bb header_2_text_color=\u00bbrgba(255,255,255,0.6)\u00bb header_2_font_size=\u00bb90px\u00bb header_2_letter_spacing=\u00bb3px\u00bb header_2_line_height=\u00bb1.1em\u00bb text_orientation=\u00bbcenter\u00bb background_layout=\u00bbdark\u00bb max_width=\u00bb700px\u00bb module_alignment=\u00bbcenter\u00bb custom_margin=\u00bb|||\u00bb animation_style=\u00bbzoom\u00bb animation_direction=\u00bbbottom\u00bb header_font_size_tablet=\u00bb\u00bb header_font_size_phone=\u00bb28px\u00bb header_font_size_last_edited=\u00bbon|phone\u00bb header_2_font_size_tablet=\u00bb\u00bb header_2_font_size_phone=\u00bb50px\u00bb header_2_font_size_last_edited=\u00bbon|phone\u00bb]<\/p>\n<h1 style=\"text-align: center;\">C\u00d3MO ACCEDER<\/h1>\n<p>[\/et_pb_text][\/et_pb_column][\/et_pb_row][\/et_pb_section][et_pb_section fb_built=\u00bb1&#8243; _builder_version=\u00bb4.9.4&#8243; _module_preset=\u00bbdefault\u00bb background_color=\u00bbRGBA(0,0,0,0)\u00bb custom_margin=\u00bb0px||0px||false|false\u00bb custom_padding=\u00bb0px||0px||false|false\u00bb global_module=\u00bb14230&#8243; saved_tabs=\u00bball\u00bb][et_pb_row _builder_version=\u00bb4.9.4&#8243; _module_preset=\u00bbdefault\u00bb][et_pb_column type=\u00bb4_4&#8243; _builder_version=\u00bb4.9.4&#8243; _module_preset=\u00bbdefault\u00bb][et_pb_text _builder_version=\u00bb4.9.4&#8243; _module_preset=\u00bbdefault\u00bb][\/et_pb_text][\/et_pb_column][\/et_pb_row][\/et_pb_section][et_pb_section fb_built=\u00bb1&#8243; _builder_version=\u00bb4.9.4&#8243; _module_preset=\u00bbdefault\u00bb custom_margin=\u00bb0px||0px||false|false\u00bb custom_padding=\u00bb0px||0px||false|false\u00bb][et_pb_row _builder_version=\u00bb4.9.4&#8243; custom_margin=\u00bb0px||0px||false|false\u00bb custom_padding=\u00bb0px||0px||false|false\u00bb][et_pb_column type=\u00bb4_4&#8243; _builder_version=\u00bb3.25&#8243; custom_padding=\u00bb|||\u00bb custom_padding__hover=\u00bb|||\u00bb][et_pb_text admin_label=\u00bbSubtitle\u00bb _builder_version=\u00bb4.6.6&#8243; text_font=\u00bbMontserrat|500||on|||||\u00bb text_text_color=\u00bbrgba(0,0,0,0.25)\u00bb text_orientation=\u00bbcenter\u00bb animation_style=\u00bbfade\u00bb]<\/p>\n<p>LACIO<\/p>\n<p>[\/et_pb_text][et_pb_text admin_label=\u00bbTitle\u00bb _builder_version=\u00bb4.6.6&#8243; text_font=\u00bb||||||||\u00bb header_font=\u00bb||||||||\u00bb header_2_font=\u00bbMontserrat|500|||||||\u00bb header_2_text_align=\u00bbcenter\u00bb header_2_font_size=\u00bb30px\u00bb header_2_line_height=\u00bb1.4em\u00bb animation_style=\u00bbfade\u00bb]<\/p>\n<h2>SERVICIO DE ASISTENCIA SANITARIA DOMICILIARIA EN EL LACIO<br \/>los 5 pasos a seguir para acceder al servicio<\/h2>\n<p>&nbsp;<\/p>\n<p>[\/et_pb_text][\/et_pb_column][\/et_pb_row][et_pb_row column_structure=\u00bb1_3,2_3&#8243; _builder_version=\u00bb4.9.4&#8243; _module_preset=\u00bbdefault\u00bb][et_pb_column type=\u00bb1_3&#8243; _builder_version=\u00bb4.9.4&#8243; _module_preset=\u00bbdefault\u00bb][et_pb_image src=\u00bbhttps:\/\/www.osa.coop\/wp-content\/uploads\/2020\/07\/1.png\u00bb title_text=\u00bb1&#8243; align=\u00bbright\u00bb _builder_version=\u00bb4.9.4&#8243; _module_preset=\u00bbdefault\u00bb][\/et_pb_image][\/et_pb_column][et_pb_column type=\u00bb2_3&#8243; _builder_version=\u00bb4.9.4&#8243; _module_preset=\u00bbdefault\u00bb][et_pb_text _builder_version=\u00bb4.9.4&#8243; _module_preset=\u00bbdefault\u00bb]<\/p>\n<h5 style=\"text-align: left;\"><strong>FICHA \u00daNICA DE NOTIFICACI\u00d3N<\/strong><\/h5>\n<p style=\"text-align: left;\">Pide a tu m\u00e9dico o pediatra de familia la FICHA \u00daNICA DE NOTIFICACI\u00d3N (Scheda Unica di Segnalazione).<\/p>\n<p>[\/et_pb_text][\/et_pb_column][\/et_pb_row][et_pb_row column_structure=\u00bb1_3,2_3&#8243; _builder_version=\u00bb4.9.4&#8243; _module_preset=\u00bbdefault\u00bb][et_pb_column type=\u00bb1_3&#8243; _builder_version=\u00bb4.9.4&#8243; _module_preset=\u00bbdefault\u00bb][et_pb_image src=\u00bbhttps:\/\/www.osa.coop\/wp-content\/uploads\/2020\/07\/2.png\u00bb title_text=\u00bb2&#8243; align=\u00bbright\u00bb _builder_version=\u00bb4.9.4&#8243; _module_preset=\u00bbdefault\u00bb][\/et_pb_image][\/et_pb_column][et_pb_column type=\u00bb2_3&#8243; _builder_version=\u00bb4.9.4&#8243; _module_preset=\u00bbdefault\u00bb][et_pb_text _builder_version=\u00bb4.9.4&#8243; _module_preset=\u00bbdefault\u00bb]<\/p>\n<h5 style=\"text-align: left;\"><strong>ENTREGA DE LA FICHA AL CAD<\/strong><\/h5>\n<p style=\"text-align: left;\">Env\u00eda la ficha \u00fanica de notificaci\u00f3n o entr\u00e9gala al CENTRO DE ASISTENCIA DOMICILIARIA (CAD) de tu zona.<\/p>\n<p>[\/et_pb_text][\/et_pb_column][\/et_pb_row][et_pb_row column_structure=\u00bb1_3,2_3&#8243; _builder_version=\u00bb4.9.4&#8243; _module_preset=\u00bbdefault\u00bb][et_pb_column type=\u00bb1_3&#8243; _builder_version=\u00bb4.9.4&#8243; _module_preset=\u00bbdefault\u00bb][et_pb_image src=\u00bbhttps:\/\/www.osa.coop\/wp-content\/uploads\/2020\/07\/3.png\u00bb title_text=\u00bb3&#8243; align=\u00bbright\u00bb _builder_version=\u00bb4.9.4&#8243; _module_preset=\u00bbdefault\u00bb][\/et_pb_image][\/et_pb_column][et_pb_column type=\u00bb2_3&#8243; _builder_version=\u00bb4.9.4&#8243; _module_preset=\u00bbdefault\u00bb][et_pb_text _builder_version=\u00bb4.9.4&#8243; _module_preset=\u00bbdefault\u00bb]<\/p>\n<h5 style=\"text-align: left;\"><strong>EVALUACI\u00d3N Y ELABORACI\u00d3N DEL PLAN DE ATENCI\u00d3N INDIVIDUALIZADA<\/strong><\/h5>\n<p style=\"text-align: left;\">Espera la EVALUACI\u00d3N para la toma a cargo y la elaboraci\u00f3n de tu PLAN DE ATENCI\u00d3N INDIVIDUAL, que establece el objetivo terap\u00e9utico y que finaliza cuando \u00e9ste se consigue.<\/p>\n<p>[\/et_pb_text][\/et_pb_column][\/et_pb_row][et_pb_row column_structure=\u00bb1_3,2_3&#8243; _builder_version=\u00bb4.9.4&#8243; _module_preset=\u00bbdefault\u00bb][et_pb_column type=\u00bb1_3&#8243; _builder_version=\u00bb4.9.4&#8243; _module_preset=\u00bbdefault\u00bb][et_pb_image src=\u00bbhttps:\/\/www.osa.coop\/wp-content\/uploads\/2020\/07\/4.png\u00bb title_text=\u00bb4&#8243; align=\u00bbright\u00bb _builder_version=\u00bb4.9.4&#8243; _module_preset=\u00bbdefault\u00bb][\/et_pb_image][\/et_pb_column][et_pb_column type=\u00bb2_3&#8243; _builder_version=\u00bb4.9.4&#8243; _module_preset=\u00bbdefault\u00bb][et_pb_text _builder_version=\u00bb4.9.4&#8243; _module_preset=\u00bbdefault\u00bb]<\/p>\n<h5 style=\"text-align: left;\"><strong>FIRMA DEL PAI POR PARTE DEL CUIDADOR<\/strong><\/h5>\n<p style=\"text-align: left;\">Firma tu PAI o pide una firma a tu cuidador.<\/p>\n<p>[\/et_pb_text][\/et_pb_column][\/et_pb_row][et_pb_row column_structure=\u00bb1_3,2_3&#8243; _builder_version=\u00bb4.9.4&#8243; _module_preset=\u00bbdefault\u00bb][et_pb_column type=\u00bb1_3&#8243; _builder_version=\u00bb4.9.4&#8243; _module_preset=\u00bbdefault\u00bb][et_pb_image src=\u00bbhttps:\/\/www.osa.coop\/wp-content\/uploads\/2020\/07\/5.png\u00bb title_text=\u00bb5&#8243; align=\u00bbright\u00bb _builder_version=\u00bb4.9.4&#8243; _module_preset=\u00bbdefault\u00bb][\/et_pb_image][\/et_pb_column][et_pb_column type=\u00bb2_3&#8243; _builder_version=\u00bb4.9.4&#8243; _module_preset=\u00bbdefault\u00bb][et_pb_text _builder_version=\u00bb4.9.4&#8243; _module_preset=\u00bbdefault\u00bb]<\/p>\n<h5 style=\"text-align: left;\"><strong>ELECCI\u00d3N DEL ORGANISMO ACREDITADO<\/strong><\/h5>\n<p style=\"text-align: left;\">Elige el organismo acreditado que te atender\u00e1 en la asistencia domiciliaria.<\/p>\n<p>[\/et_pb_text][\/et_pb_column][\/et_pb_row][\/et_pb_section][et_pb_section fb_built=\u00bb1&#8243; admin_label=\u00bbQuote\u00bb _builder_version=\u00bb4.9.4&#8243; background_color=\u00bb#00457A\u00bb background_color_gradient_direction=\u00bb48deg\u00bb max_width=\u00bb100%\u00bb max_width_tablet=\u00bb100%\u00bb max_width_phone=\u00bb\u00bb max_width_last_edited=\u00bbon|desktop\u00bb custom_margin=\u00bb0px||0px||false|false\u00bb custom_padding=\u00bb0px||0px||false|false\u00bb][et_pb_row _builder_version=\u00bb4.9.4&#8243; width=\u00bb100%\u00bb max_width=\u00bb2560%\u00bb module_alignment=\u00bbcenter\u00bb custom_margin=\u00bb|-12%||\u00bb custom_margin_tablet=\u00bb|10%||10%\u00bb custom_margin_phone=\u00bb\u00bb custom_margin_last_edited=\u00bbon|tablet\u00bb custom_padding=\u00bb|||\u00bb use_custom_width=\u00bbon\u00bb width_unit=\u00bboff\u00bb][et_pb_column type=\u00bb4_4&#8243; _builder_version=\u00bb3.25&#8243; custom_padding=\u00bb|||\u00bb custom_padding__hover=\u00bb|||\u00bb][et_pb_text _builder_version=\u00bb4.9.4&#8243; text_font=\u00bbMontserrat||||||||\u00bb text_font_size=\u00bb24px\u00bb text_line_height=\u00bb1.6em\u00bb header_font=\u00bb||||||||\u00bb background_layout=\u00bbdark\u00bb animation_style=\u00bbfade\u00bb hover_enabled=\u00bb0&#8243; sticky_enabled=\u00bb0&#8243;]<\/p>\n<h2 style=\"text-align: center;\">CONT\u00c1CTANOS PARA M\u00c1S INFORMACI\u00d3N<\/h2>\n<p style=\"text-align: center;\"><span style=\"color: #ffffff;\"><a href=\"mailto:chiediaosa@osa.coop\" style=\"color: #ffffff;\">chiediaosa@osa.coop<\/a><\/span><br \/><strong><span style=\"color: #99cc00;\">n\u00famero gratuito 800 933 307<\/span><\/strong><\/p>\n<p>[\/et_pb_text][\/et_pb_column][\/et_pb_row][et_pb_row _builder_version=\u00bb4.9.4&#8243; _module_preset=\u00bbdefault\u00bb][et_pb_column type=\u00bb4_4&#8243; _builder_version=\u00bb4.9.4&#8243; _module_preset=\u00bbdefault\u00bb][et_pb_button button_url=\u00bbhttps:\/\/www.osa.coop\/wp-content\/uploads\/2021\/03\/OSA-carta-servizi-rev.pdf\u00bb button_text=\u00bbDESCARGA LA CARTA DE SERVICIOS ADI LACIO\u00bb button_alignment=\u00bbcenter\u00bb _builder_version=\u00bb4.9.4&#8243; _module_preset=\u00bbdefault\u00bb background_layout=\u00bbdark\u00bb][\/et_pb_button][\/et_pb_column][\/et_pb_row][\/et_pb_section][et_pb_section fb_built=\u00bb1&#8243; _builder_version=\u00bb4.9.4&#8243; _module_preset=\u00bbdefault\u00bb custom_margin=\u00bb0px||0px||false|false\u00bb custom_padding=\u00bb0px||0px||false|false\u00bb][et_pb_row column_structure=\u00bb1_3,1_3,1_3&#8243; _builder_version=\u00bb4.7.3&#8243; _module_preset=\u00bbdefault\u00bb][et_pb_column type=\u00bb1_3&#8243; _builder_version=\u00bb4.7.3&#8243; _module_preset=\u00bbdefault\u00bb][et_pb_button button_url=\u00bbhttps:\/\/www.osa.coop\/es\/la-libertad-de-elegir-osa\/\u00bb button_text=\u00bbACREDITACI\u00d3N\u00bb button_alignment=\u00bbcenter\u00bb _builder_version=\u00bb4.7.3&#8243; _module_preset=\u00bbdefault\u00bb][\/et_pb_button][\/et_pb_column][et_pb_column type=\u00bb1_3&#8243; _builder_version=\u00bb4.7.3&#8243; _module_preset=\u00bbdefault\u00bb][et_pb_button button_url=\u00bbhttps:\/\/www.osa.coop\/es\/por-que-elegir-osa\/\u00bb button_text=\u00bbLas oficinas OSA en el LACIO\u00bb button_alignment=\u00bbcenter\u00bb _builder_version=\u00bb4.7.3&#8243; _module_preset=\u00bbdefault\u00bb][\/et_pb_button][\/et_pb_column][et_pb_column type=\u00bb1_3&#8243; _builder_version=\u00bb4.7.3&#8243; _module_preset=\u00bbdefault\u00bb][et_pb_button button_url=\u00bbhttps:\/\/www.osa.coop\/es\/los-servicios\/asistencia-domiciliaria\/asistencia-domiciliaria-lacio\/\u00bb button_text=\u00bbASISTENCIA DOMICILIARIA\u00bb _builder_version=\u00bb4.9.4&#8243; _module_preset=\u00bbdefault\u00bb][\/et_pb_button][\/et_pb_column][\/et_pb_row][\/et_pb_section]<\/p>\n","protected":false},"excerpt":{"rendered":"<p>C\u00d3MO ACCEDERLACIOSERVICIO DE ASISTENCIA SANITARIA DOMICILIARIA EN EL LACIOlos 5 pasos a seguir para acceder al servicio &nbsp;FICHA \u00daNICA DE NOTIFICACI\u00d3N Pide a tu m\u00e9dico o pediatra de familia la FICHA \u00daNICA DE NOTIFICACI\u00d3N (Scheda Unica di Segnalazione).ENTREGA DE LA FICHA AL CAD Env\u00eda la ficha \u00fanica de notificaci\u00f3n o entr\u00e9gala al CENTRO DE ASISTENCIA [&hellip;]<\/p>\n","protected":false},"author":1,"featured_media":0,"parent":0,"menu_order":0,"comment_status":"closed","ping_status":"closed","template":"","meta":{"_et_pb_use_builder":"on","_et_pb_old_content":"","_et_gb_content_width":"","footnotes":""},"class_list":["post-34496","page","type-page","status-publish","hentry"],"yoast_head":"<!-- This site is optimized with the Yoast SEO plugin v26.6 - https:\/\/yoast.com\/wordpress\/plugins\/seo\/ -->\n<title>C\u00f3mo acceder a la asistencia sanitaria domiciliaria OSA - OSA coop<\/title>\n<meta name=\"robots\" content=\"index, follow, max-snippet:-1, max-image-preview:large, max-video-preview:-1\" \/>\n<link rel=\"canonical\" href=\"https:\/\/www.osa.coop\/es\/como-acceder-a-la-asistencia-sanitaria-domiciliaria-osa\/\" \/>\n<meta property=\"og:locale\" content=\"es_ES\" \/>\n<meta property=\"og:type\" content=\"article\" \/>\n<meta property=\"og:title\" content=\"C\u00f3mo acceder a la asistencia sanitaria domiciliaria OSA - OSA coop\" \/>\n<meta property=\"og:description\" content=\"C\u00d3MO ACCEDERLACIOSERVICIO DE ASISTENCIA SANITARIA DOMICILIARIA EN EL LACIOlos 5 pasos a seguir para acceder al servicio &nbsp;FICHA \u00daNICA DE NOTIFICACI\u00d3N Pide a tu m\u00e9dico o pediatra de familia la FICHA \u00daNICA DE NOTIFICACI\u00d3N (Scheda Unica di Segnalazione).ENTREGA DE LA FICHA AL CAD Env\u00eda la ficha \u00fanica de notificaci\u00f3n o entr\u00e9gala al CENTRO DE ASISTENCIA [&hellip;]\" \/>\n<meta property=\"og:url\" content=\"https:\/\/www.osa.coop\/es\/como-acceder-a-la-asistencia-sanitaria-domiciliaria-osa\/\" \/>\n<meta property=\"og:site_name\" content=\"OSA coop\" \/>\n<meta property=\"article:modified_time\" content=\"2022-03-07T13:09:50+00:00\" \/>\n<meta name=\"twitter:card\" content=\"summary_large_image\" \/>\n<meta name=\"twitter:label1\" content=\"Tiempo de lectura\" \/>\n\t<meta name=\"twitter:data1\" content=\"6 minutos\" \/>\n<script type=\"application\/ld+json\" class=\"yoast-schema-graph\">{\"@context\":\"https:\/\/schema.org\",\"@graph\":[{\"@type\":\"WebPage\",\"@id\":\"https:\/\/www.osa.coop\/es\/como-acceder-a-la-asistencia-sanitaria-domiciliaria-osa\/\",\"url\":\"https:\/\/www.osa.coop\/es\/como-acceder-a-la-asistencia-sanitaria-domiciliaria-osa\/\",\"name\":\"C\u00f3mo acceder a la asistencia sanitaria domiciliaria OSA - OSA coop\",\"isPartOf\":{\"@id\":\"https:\/\/www.osa.coop\/es\/#website\"},\"datePublished\":\"2022-02-21T11:38:48+00:00\",\"dateModified\":\"2022-03-07T13:09:50+00:00\",\"breadcrumb\":{\"@id\":\"https:\/\/www.osa.coop\/es\/como-acceder-a-la-asistencia-sanitaria-domiciliaria-osa\/#breadcrumb\"},\"inLanguage\":\"es\",\"potentialAction\":[{\"@type\":\"ReadAction\",\"target\":[\"https:\/\/www.osa.coop\/es\/como-acceder-a-la-asistencia-sanitaria-domiciliaria-osa\/\"]}]},{\"@type\":\"BreadcrumbList\",\"@id\":\"https:\/\/www.osa.coop\/es\/como-acceder-a-la-asistencia-sanitaria-domiciliaria-osa\/#breadcrumb\",\"itemListElement\":[{\"@type\":\"ListItem\",\"position\":1,\"name\":\"Home\",\"item\":\"https:\/\/www.osa.coop\/es\/\"},{\"@type\":\"ListItem\",\"position\":2,\"name\":\"C\u00f3mo acceder a la asistencia sanitaria domiciliaria OSA\"}]},{\"@type\":\"WebSite\",\"@id\":\"https:\/\/www.osa.coop\/es\/#website\",\"url\":\"https:\/\/www.osa.coop\/es\/\",\"name\":\"OSA coop\",\"description\":\"Operatori Sanitari Associati\",\"potentialAction\":[{\"@type\":\"SearchAction\",\"target\":{\"@type\":\"EntryPoint\",\"urlTemplate\":\"https:\/\/www.osa.coop\/es\/?s={search_term_string}\"},\"query-input\":{\"@type\":\"PropertyValueSpecification\",\"valueRequired\":true,\"valueName\":\"search_term_string\"}}],\"inLanguage\":\"es\"}]}<\/script>\n<!-- \/ Yoast SEO plugin. -->","yoast_head_json":{"title":"C\u00f3mo acceder a la asistencia sanitaria domiciliaria OSA - OSA coop","robots":{"index":"index","follow":"follow","max-snippet":"max-snippet:-1","max-image-preview":"max-image-preview:large","max-video-preview":"max-video-preview:-1"},"canonical":"https:\/\/www.osa.coop\/es\/como-acceder-a-la-asistencia-sanitaria-domiciliaria-osa\/","og_locale":"es_ES","og_type":"article","og_title":"C\u00f3mo acceder a la asistencia sanitaria domiciliaria OSA - OSA coop","og_description":"C\u00d3MO ACCEDERLACIOSERVICIO DE ASISTENCIA SANITARIA DOMICILIARIA EN EL LACIOlos 5 pasos a seguir para acceder al servicio &nbsp;FICHA \u00daNICA DE NOTIFICACI\u00d3N Pide a tu m\u00e9dico o pediatra de familia la FICHA \u00daNICA DE NOTIFICACI\u00d3N (Scheda Unica di Segnalazione).ENTREGA DE LA FICHA AL CAD Env\u00eda la ficha \u00fanica de notificaci\u00f3n o entr\u00e9gala al CENTRO DE ASISTENCIA [&hellip;]","og_url":"https:\/\/www.osa.coop\/es\/como-acceder-a-la-asistencia-sanitaria-domiciliaria-osa\/","og_site_name":"OSA coop","article_modified_time":"2022-03-07T13:09:50+00:00","twitter_card":"summary_large_image","twitter_misc":{"Tiempo de lectura":"6 minutos"},"schema":{"@context":"https:\/\/schema.org","@graph":[{"@type":"WebPage","@id":"https:\/\/www.osa.coop\/es\/como-acceder-a-la-asistencia-sanitaria-domiciliaria-osa\/","url":"https:\/\/www.osa.coop\/es\/como-acceder-a-la-asistencia-sanitaria-domiciliaria-osa\/","name":"C\u00f3mo acceder a la asistencia sanitaria domiciliaria OSA - OSA coop","isPartOf":{"@id":"https:\/\/www.osa.coop\/es\/#website"},"datePublished":"2022-02-21T11:38:48+00:00","dateModified":"2022-03-07T13:09:50+00:00","breadcrumb":{"@id":"https:\/\/www.osa.coop\/es\/como-acceder-a-la-asistencia-sanitaria-domiciliaria-osa\/#breadcrumb"},"inLanguage":"es","potentialAction":[{"@type":"ReadAction","target":["https:\/\/www.osa.coop\/es\/como-acceder-a-la-asistencia-sanitaria-domiciliaria-osa\/"]}]},{"@type":"BreadcrumbList","@id":"https:\/\/www.osa.coop\/es\/como-acceder-a-la-asistencia-sanitaria-domiciliaria-osa\/#breadcrumb","itemListElement":[{"@type":"ListItem","position":1,"name":"Home","item":"https:\/\/www.osa.coop\/es\/"},{"@type":"ListItem","position":2,"name":"C\u00f3mo acceder a la asistencia sanitaria domiciliaria OSA"}]},{"@type":"WebSite","@id":"https:\/\/www.osa.coop\/es\/#website","url":"https:\/\/www.osa.coop\/es\/","name":"OSA coop","description":"Operatori Sanitari Associati","potentialAction":[{"@type":"SearchAction","target":{"@type":"EntryPoint","urlTemplate":"https:\/\/www.osa.coop\/es\/?s={search_term_string}"},"query-input":{"@type":"PropertyValueSpecification","valueRequired":true,"valueName":"search_term_string"}}],"inLanguage":"es"}]}},"_links":{"self":[{"href":"https:\/\/www.osa.coop\/es\/wp-json\/wp\/v2\/pages\/34496","targetHints":{"allow":["GET"]}}],"collection":[{"href":"https:\/\/www.osa.coop\/es\/wp-json\/wp\/v2\/pages"}],"about":[{"href":"https:\/\/www.osa.coop\/es\/wp-json\/wp\/v2\/types\/page"}],"author":[{"embeddable":true,"href":"https:\/\/www.osa.coop\/es\/wp-json\/wp\/v2\/users\/1"}],"replies":[{"embeddable":true,"href":"https:\/\/www.osa.coop\/es\/wp-json\/wp\/v2\/comments?post=34496"}],"version-history":[{"count":32,"href":"https:\/\/www.osa.coop\/es\/wp-json\/wp\/v2\/pages\/34496\/revisions"}],"predecessor-version":[{"id":35516,"href":"https:\/\/www.osa.coop\/es\/wp-json\/wp\/v2\/pages\/34496\/revisions\/35516"}],"wp:attachment":[{"href":"https:\/\/www.osa.coop\/es\/wp-json\/wp\/v2\/media?parent=34496"}],"curies":[{"name":"wp","href":"https:\/\/api.w.org\/{rel}","templated":true}]}}