{"id":34583,"date":"2022-02-22T15:42:56","date_gmt":"2022-02-22T14:42:56","guid":{"rendered":"https:\/\/www.osa.coop\/los-servicios\/asistencia-domiciliaria\/"},"modified":"2025-07-09T17:01:02","modified_gmt":"2025-07-09T15:01:02","slug":"asistencia-domiciliaria","status":"publish","type":"page","link":"https:\/\/www.osa.coop\/es\/los-servicios\/asistencia-domiciliaria\/","title":{"rendered":"Asistencia domiciliaria"},"content":{"rendered":"<p>[et_pb_section fb_built=\u00bb1&#8243; _builder_version=\u00bb4.16&#8243; _module_preset=\u00bbdefault\u00bb background_color=\u00bbRGBA(0,0,0,0)\u00bb custom_margin=\u00bb0px||0px||false|false\u00bb custom_padding=\u00bb0px||0px||false|false\u00bb saved_tabs=\u00bball\u00bb global_colors_info=\u00bb{}\u00bb][et_pb_row _builder_version=\u00bb4.16&#8243; _module_preset=\u00bbdefault\u00bb global_colors_info=\u00bb{}\u00bb][et_pb_column type=\u00bb4_4&#8243; _builder_version=\u00bb4.16&#8243; _module_preset=\u00bbdefault\u00bb global_colors_info=\u00bb{}\u00bb][et_pb_text _builder_version=\u00bb4.16&#8243; _module_preset=\u00bbdefault\u00bb global_colors_info=\u00bb{}\u00bb]<\/p>\n<p><span><span><span><a href=\"https:\/\/www.osa.coop\/es\/\">Home<\/a><\/span><\/span><\/span><\/p>\n<p>[\/et_pb_text][\/et_pb_column][\/et_pb_row][\/et_pb_section][et_pb_section fb_built=\u00bb1&#8243; admin_label=\u00bbHero\u00bb _builder_version=\u00bb4.16&#8243; use_background_color_gradient=\u00bbon\u00bb background_color_gradient_stops=\u00bbrgba(0,0,0,0.5) 0%|rgba(0,0,0,0) 100%\u00bb background_color_gradient_overlays_image=\u00bbon\u00bb background_color_gradient_start=\u00bbrgba(0,0,0,0.5)\u00bb background_color_gradient_end=\u00bbrgba(0,0,0,0)\u00bb background_image=\u00bbhttps:\/\/www.osa.coop\/wp-content\/uploads\/2020\/11\/ASSISTENZA-SLIDE-SHOW-stretta.jpg\u00bb custom_margin=\u00bb|||\u00bb custom_padding=\u00bb102px||78px|||\u00bb bottom_divider_style=\u00bbslant\u00bb bottom_divider_color=\u00bb#ffffff\u00bb bottom_divider_flip=\u00bbhorizontal\u00bb animation_style=\u00bbslide\u00bb animation_direction=\u00bbtop\u00bb animation_intensity_slide=\u00bb5%\u00bb animation_starting_opacity=\u00bb100%\u00bb global_colors_info=\u00bb{}\u00bb][et_pb_row column_structure=\u00bb3_4,1_4&#8243; _builder_version=\u00bb4.16&#8243; background_size=\u00bbinitial\u00bb background_position=\u00bbtop_left\u00bb background_repeat=\u00bbrepeat\u00bb custom_padding=\u00bb27px|0px|0px|0px\u00bb global_colors_info=\u00bb{}\u00bb][et_pb_column type=\u00bb3_4&#8243; _builder_version=\u00bb4.16&#8243; custom_padding=\u00bb|||\u00bb global_colors_info=\u00bb{}\u00bb custom_padding__hover=\u00bb|||\u00bb][et_pb_text admin_label=\u00bbTitle\u00bb _builder_version=\u00bb4.16&#8243; text_font=\u00bb||||||||\u00bb header_font=\u00bbMontserrat|600|||||||\u00bb header_font_size=\u00bb80px\u00bb background_layout=\u00bbdark\u00bb animation_style=\u00bbzoom\u00bb animation_direction=\u00bbleft\u00bb animation_intensity_zoom=\u00bb10%\u00bb header_font_size_tablet=\u00bb\u00bb header_font_size_phone=\u00bb72px\u00bb header_font_size_last_edited=\u00bbon|phone\u00bb global_colors_info=\u00bb{}\u00bb]<\/p>\n<h1>LA ASISTENCIA SANITARIA DOMICILIARIA EN CONVENIO.<\/h1>\n<p>[\/et_pb_text][et_pb_divider color=\u00bbrgba(255,255,255,0.7)\u00bb divider_weight=\u00bb3px\u00bb _builder_version=\u00bb4.16&#8243; max_width=\u00bb120px\u00bb animation_style=\u00bbzoom\u00bb animation_direction=\u00bbleft\u00bb global_colors_info=\u00bb{}\u00bb][\/et_pb_divider][\/et_pb_column][et_pb_column type=\u00bb1_4&#8243; _builder_version=\u00bb4.16&#8243; custom_padding=\u00bb|||\u00bb global_colors_info=\u00bb{}\u00bb custom_padding__hover=\u00bb|||\u00bb][\/et_pb_column][\/et_pb_row][et_pb_row _builder_version=\u00bb4.16&#8243; _module_preset=\u00bbdefault\u00bb width=\u00bb96%\u00bb max_width=\u00bb96%\u00bb custom_margin=\u00bb0px||0px||false|false\u00bb custom_padding=\u00bb5px||5px||false|false\u00bb global_colors_info=\u00bb{}\u00bb][et_pb_column type=\u00bb4_4&#8243; _builder_version=\u00bb4.16&#8243; _module_preset=\u00bbdefault\u00bb global_colors_info=\u00bb{}\u00bb][et_pb_code module_class=\u00bbx-breadcrumb\u00bb _builder_version=\u00bb4.16&#8243; _module_preset=\u00bbdefault\u00bb global_colors_info=\u00bb{}\u00bb]<span><span><a href=\"https:\/\/www.osa.coop\/es\/\">Home<\/a><\/span><\/span>[\/et_pb_code][\/et_pb_column][\/et_pb_row][et_pb_row _builder_version=\u00bb4.16&#8243; custom_padding=\u00bb4px|0px|0px|0px||\u00bb global_colors_info=\u00bb{}\u00bb][et_pb_column type=\u00bb4_4&#8243; _builder_version=\u00bb4.16&#8243; custom_padding=\u00bb|||\u00bb global_colors_info=\u00bb{}\u00bb custom_padding__hover=\u00bb|||\u00bb][et_pb_text admin_label=\u00bbTitle\u00bb _builder_version=\u00bb4.24.2&#8243; text_font=\u00bb||||||||\u00bb header_font=\u00bbMontserrat|600|||||||\u00bb header_font_size=\u00bb80px\u00bb header_line_height=\u00bb1.2em\u00bb background_layout=\u00bbdark\u00bb animation_style=\u00bbzoom\u00bb animation_direction=\u00bbleft\u00bb animation_intensity_zoom=\u00bb10%\u00bb hover_enabled=\u00bb0&#8243; header_font_size_tablet=\u00bb\u00bb header_font_size_phone=\u00bb72px\u00bb header_font_size_last_edited=\u00bbon|phone\u00bb global_colors_info=\u00bb{}\u00bb sticky_enabled=\u00bb0&#8243;]<\/p>\n<h4><strong>M\u00e1s de 2.000<\/strong> profesionales de la salud, <strong>m\u00e1s de 42.000<\/strong> pacientes al a\u00f1o.<\/h4>\n<h4>Una <strong>experiencia de m\u00e1s de treinta a\u00f1os<\/strong> asegura una asistencia domiciliaria de calidad.<\/h4>\n<h4>Una <strong>presencia capilar<\/strong> significativa en todo el territorio italiano.<\/h4>\n<p>[\/et_pb_text][\/et_pb_column][\/et_pb_row][\/et_pb_section][et_pb_section fb_built=\u00bb1&#8243; admin_label=\u00bbAbout\u00bb _builder_version=\u00bb4.16&#8243; custom_padding=\u00bb5px||66px|||\u00bb global_colors_info=\u00bb{}\u00bb][et_pb_row _builder_version=\u00bb4.16&#8243; module_alignment=\u00bbcenter\u00bb custom_margin=\u00bb|||\u00bb custom_margin_tablet=\u00bb0px|||\u00bb custom_margin_phone=\u00bb0px|||\u00bb custom_margin_last_edited=\u00bboff|desktop\u00bb custom_padding=\u00bb|||\u00bb global_colors_info=\u00bb{}\u00bb][et_pb_column type=\u00bb4_4&#8243; _builder_version=\u00bb4.16&#8243; background_color_gradient_direction=\u00bb35deg\u00bb custom_padding=\u00bb|||\u00bb custom_padding_tablet=\u00bb|0px||\u00bb global_colors_info=\u00bb{}\u00bb padding_tablet=\u00bb|0px||\u00bb custom_padding__hover=\u00bb|||\u00bb][et_pb_text admin_label=\u00bbTitle\u00bb _builder_version=\u00bb4.16&#8243; text_font=\u00bb||||||||\u00bb text_text_color=\u00bb#ffffff\u00bb header_font=\u00bb||||||||\u00bb header_2_font=\u00bbMontserrat|500|||||||\u00bb header_2_font_size=\u00bb30px\u00bb header_2_line_height=\u00bb1.4em\u00bb animation_style=\u00bbfade\u00bb animation_direction=\u00bbright\u00bb animation_starting_opacity=\u00bb100%\u00bb global_colors_info=\u00bb{}\u00bb]<\/p>\n<h2>La Asistencia Sanitaria Domiciliaria de OSA.<\/h2>\n<p>[\/et_pb_text][et_pb_divider color=\u00bb#4866ff\u00bb divider_weight=\u00bb3px\u00bb _builder_version=\u00bb4.16&#8243; max_width=\u00bb80px\u00bb animation_style=\u00bbslide\u00bb animation_direction=\u00bbright\u00bb animation_intensity_slide=\u00bb5%\u00bb animation_starting_opacity=\u00bb100%\u00bb global_colors_info=\u00bb{}\u00bb][\/et_pb_divider][\/et_pb_column][\/et_pb_row][et_pb_row column_structure=\u00bb1_2,1_2&#8243; _builder_version=\u00bb4.16&#8243; _module_preset=\u00bbdefault\u00bb custom_padding=\u00bb3px||0px|||\u00bb global_colors_info=\u00bb{}\u00bb][et_pb_column type=\u00bb1_2&#8243; _builder_version=\u00bb4.16&#8243; _module_preset=\u00bbdefault\u00bb global_colors_info=\u00bb{}\u00bb][et_pb_text _builder_version=\u00bb4.24.2&#8243; _module_preset=\u00bbdefault\u00bb global_colors_info=\u00bb{}\u00bb]<\/p>\n<div class=\"wpb_text_column wpb_content_element \">\n<div class=\"wpb_wrapper\">\n<p>La <b>Cooperativa OSA<\/b>, gracias a <strong>su organizaci\u00f3n<\/strong> y a su <strong>difusi\u00f3n capilar en el territorio<\/strong>, asegura al paciente <strong>atenci\u00f3n de emergencia<\/strong> y <strong>continuidad asistencial <\/strong>ya que cuenta con <strong>profesionales formados <\/strong>y <strong>actualizados<\/strong>. <strong>El equipo de profesionales<\/strong> est\u00e1 compuesto por m\u00e9dicos especialistas, enfermeros, fisioterapeutas, logopedas, terapeutas expertos en neuropsicomotricidad, terapeutas ocupacionales, operadores sociosanitarios (OSS).<\/p>\n<p><span><strong>UNA EXPERIENCIA DE 40 A\u00d1OS ASEGURA UNA ASISTENCIA DOMICILIARIA DE CALIDAD.<\/strong><\/span><\/p>\n<p><span>Estamos presentes en el Lacio, en los Abruzos, en Lombard\u00eda, Apulia, Basilicata, Campania, Cerde\u00f1a y Sicilia.<\/span><\/p>\n<\/div>\n<\/div>\n<p>[\/et_pb_text][et_pb_text _builder_version=\u00bb4.24.2&#8243; _module_preset=\u00bbdefault\u00bb global_colors_info=\u00bb{}\u00bb]<\/p>\n<p><strong>&gt; Abruzos<\/strong><\/p>\n<p><strong>&gt; Lacio<\/strong><\/p>\n<p><strong>&gt; Lombard\u00eda<\/strong><strong><\/strong><\/p>\n<p><strong>&gt; Campania<\/strong><\/p>\n<p><strong>&gt; Basilicata<\/strong><\/p>\n<p><strong>&gt; Apulia<\/strong><\/p>\n<p><strong>&gt; Cerde\u00f1a<\/strong><\/p>\n<p><strong>&gt; Sicilia<\/strong><\/p>\n<p>[\/et_pb_text][\/et_pb_column][et_pb_column type=\u00bb1_2&#8243; _builder_version=\u00bb4.16&#8243; _module_preset=\u00bbdefault\u00bb global_colors_info=\u00bb{}\u00bb][et_pb_image src=\u00bbhttps:\/\/www.osa.coop\/wp-content\/uploads\/2024\/07\/adi-OSA-Italia.png\u00bb title_text=\u00bbadi-OSA-Italia\u00bb _builder_version=\u00bb4.24.2&#8243; _module_preset=\u00bbdefault\u00bb global_colors_info=\u00bb{}\u00bb][\/et_pb_image][\/et_pb_column][\/et_pb_row][\/et_pb_section]<\/p>\n","protected":false},"excerpt":{"rendered":"<p><span><span><a href=\"https:\/\/www.osa.coop\/es\/\">Home<\/a><\/span><\/span>LA ASISTENCIA SANITARIA DOMICILIARIA EN CONVENIO.<span><span><a href=\"https:\/\/www.osa.coop\/es\/\">Home<\/a><\/span><\/span>M\u00e1s de 2.000 profesionales de la salud, m\u00e1s de 42.000 pacientes al a\u00f1o. Una experiencia de m\u00e1s de treinta a\u00f1os asegura una asistencia domiciliaria de calidad. Una presencia capilar significativa en todo el territorio italiano.La Asistencia Sanitaria Domiciliaria de OSA. La Cooperativa OSA, gracias a su organizaci\u00f3n y a su [&hellip;]<\/p>\n","protected":false},"author":1,"featured_media":0,"parent":34565,"menu_order":0,"comment_status":"closed","ping_status":"closed","template":"","meta":{"_et_pb_use_builder":"on","_et_pb_old_content":"","_et_gb_content_width":"","footnotes":""},"class_list":["post-34583","page","type-page","status-publish","hentry"],"yoast_head":"<!-- This site is optimized with the Yoast SEO plugin v26.6 - https:\/\/yoast.com\/wordpress\/plugins\/seo\/ -->\n<title>Asistencia domiciliaria - OSA coop<\/title>\n<meta name=\"robots\" content=\"index, follow, max-snippet:-1, max-image-preview:large, max-video-preview:-1\" \/>\n<link rel=\"canonical\" href=\"https:\/\/www.osa.coop\/es\/los-servicios\/asistencia-domiciliaria\/\" \/>\n<meta property=\"og:locale\" content=\"es_ES\" \/>\n<meta property=\"og:type\" content=\"article\" \/>\n<meta property=\"og:title\" content=\"La Asistencia Domiciliaria Integrada de OSA\" \/>\n<meta property=\"og:description\" content=\"LA ASISTENCIA SANITARIA DOMICILIARIA EN CONVENIO.M\u00e1s de 2.000 profesionales de la salud, m\u00e1s de 42.000 pacientes al a\u00f1o. Una experiencia de m\u00e1s de treinta a\u00f1os asegura una asistencia domiciliaria de calidad. Una presencia capilar significativa en todo el territorio italiano.La Asistencia Sanitaria Domiciliaria de OSA. La Cooperativa OSA, gracias a su organizaci\u00f3n y a su [&hellip;]\" \/>\n<meta property=\"og:url\" content=\"https:\/\/www.osa.coop\/es\/los-servicios\/asistencia-domiciliaria\/\" \/>\n<meta property=\"og:site_name\" content=\"OSA coop\" \/>\n<meta property=\"article:modified_time\" content=\"2025-07-09T15:01:02+00:00\" \/>\n<meta property=\"og:image\" content=\"https:\/\/www.osa.coop\/wp-content\/uploads\/2021\/03\/ASSISTENZA-SLIDE-SHOW.jpg\" \/>\n<meta name=\"twitter:card\" content=\"summary_large_image\" \/>\n<meta name=\"twitter:label1\" content=\"Tiempo de lectura\" \/>\n\t<meta name=\"twitter:data1\" content=\"4 minutos\" \/>\n<script type=\"application\/ld+json\" class=\"yoast-schema-graph\">{\"@context\":\"https:\/\/schema.org\",\"@graph\":[{\"@type\":\"WebPage\",\"@id\":\"https:\/\/www.osa.coop\/es\/los-servicios\/asistencia-domiciliaria\/\",\"url\":\"https:\/\/www.osa.coop\/es\/los-servicios\/asistencia-domiciliaria\/\",\"name\":\"Asistencia domiciliaria - OSA coop\",\"isPartOf\":{\"@id\":\"https:\/\/www.osa.coop\/es\/#website\"},\"datePublished\":\"2022-02-22T14:42:56+00:00\",\"dateModified\":\"2025-07-09T15:01:02+00:00\",\"breadcrumb\":{\"@id\":\"https:\/\/www.osa.coop\/es\/los-servicios\/asistencia-domiciliaria\/#breadcrumb\"},\"inLanguage\":\"es\",\"potentialAction\":[{\"@type\":\"ReadAction\",\"target\":[\"https:\/\/www.osa.coop\/es\/los-servicios\/asistencia-domiciliaria\/\"]}]},{\"@type\":\"BreadcrumbList\",\"@id\":\"https:\/\/www.osa.coop\/es\/los-servicios\/asistencia-domiciliaria\/#breadcrumb\",\"itemListElement\":[{\"@type\":\"ListItem\",\"position\":1,\"name\":\"Home\",\"item\":\"https:\/\/www.osa.coop\/es\/\"},{\"@type\":\"ListItem\",\"position\":2,\"name\":\"Los servicios\",\"item\":\"https:\/\/www.osa.coop\/es\/los-servicios\/\"},{\"@type\":\"ListItem\",\"position\":3,\"name\":\"Asistencia domiciliaria\"}]},{\"@type\":\"WebSite\",\"@id\":\"https:\/\/www.osa.coop\/es\/#website\",\"url\":\"https:\/\/www.osa.coop\/es\/\",\"name\":\"OSA coop\",\"description\":\"Operatori Sanitari Associati\",\"potentialAction\":[{\"@type\":\"SearchAction\",\"target\":{\"@type\":\"EntryPoint\",\"urlTemplate\":\"https:\/\/www.osa.coop\/es\/?s={search_term_string}\"},\"query-input\":{\"@type\":\"PropertyValueSpecification\",\"valueRequired\":true,\"valueName\":\"search_term_string\"}}],\"inLanguage\":\"es\"}]}<\/script>\n<!-- \/ Yoast SEO plugin. -->","yoast_head_json":{"title":"Asistencia domiciliaria - OSA coop","robots":{"index":"index","follow":"follow","max-snippet":"max-snippet:-1","max-image-preview":"max-image-preview:large","max-video-preview":"max-video-preview:-1"},"canonical":"https:\/\/www.osa.coop\/es\/los-servicios\/asistencia-domiciliaria\/","og_locale":"es_ES","og_type":"article","og_title":"La Asistencia Domiciliaria Integrada de OSA","og_description":"LA ASISTENCIA SANITARIA DOMICILIARIA EN CONVENIO.M\u00e1s de 2.000 profesionales de la salud, m\u00e1s de 42.000 pacientes al a\u00f1o. Una experiencia de m\u00e1s de treinta a\u00f1os asegura una asistencia domiciliaria de calidad. Una presencia capilar significativa en todo el territorio italiano.La Asistencia Sanitaria Domiciliaria de OSA. La Cooperativa OSA, gracias a su organizaci\u00f3n y a su [&hellip;]","og_url":"https:\/\/www.osa.coop\/es\/los-servicios\/asistencia-domiciliaria\/","og_site_name":"OSA coop","article_modified_time":"2025-07-09T15:01:02+00:00","og_image":[{"url":"https:\/\/www.osa.coop\/wp-content\/uploads\/2021\/03\/ASSISTENZA-SLIDE-SHOW.jpg","type":"","width":"","height":""}],"twitter_card":"summary_large_image","twitter_misc":{"Tiempo de lectura":"4 minutos"},"schema":{"@context":"https:\/\/schema.org","@graph":[{"@type":"WebPage","@id":"https:\/\/www.osa.coop\/es\/los-servicios\/asistencia-domiciliaria\/","url":"https:\/\/www.osa.coop\/es\/los-servicios\/asistencia-domiciliaria\/","name":"Asistencia domiciliaria - OSA coop","isPartOf":{"@id":"https:\/\/www.osa.coop\/es\/#website"},"datePublished":"2022-02-22T14:42:56+00:00","dateModified":"2025-07-09T15:01:02+00:00","breadcrumb":{"@id":"https:\/\/www.osa.coop\/es\/los-servicios\/asistencia-domiciliaria\/#breadcrumb"},"inLanguage":"es","potentialAction":[{"@type":"ReadAction","target":["https:\/\/www.osa.coop\/es\/los-servicios\/asistencia-domiciliaria\/"]}]},{"@type":"BreadcrumbList","@id":"https:\/\/www.osa.coop\/es\/los-servicios\/asistencia-domiciliaria\/#breadcrumb","itemListElement":[{"@type":"ListItem","position":1,"name":"Home","item":"https:\/\/www.osa.coop\/es\/"},{"@type":"ListItem","position":2,"name":"Los servicios","item":"https:\/\/www.osa.coop\/es\/los-servicios\/"},{"@type":"ListItem","position":3,"name":"Asistencia domiciliaria"}]},{"@type":"WebSite","@id":"https:\/\/www.osa.coop\/es\/#website","url":"https:\/\/www.osa.coop\/es\/","name":"OSA coop","description":"Operatori Sanitari Associati","potentialAction":[{"@type":"SearchAction","target":{"@type":"EntryPoint","urlTemplate":"https:\/\/www.osa.coop\/es\/?s={search_term_string}"},"query-input":{"@type":"PropertyValueSpecification","valueRequired":true,"valueName":"search_term_string"}}],"inLanguage":"es"}]}},"_links":{"self":[{"href":"https:\/\/www.osa.coop\/es\/wp-json\/wp\/v2\/pages\/34583","targetHints":{"allow":["GET"]}}],"collection":[{"href":"https:\/\/www.osa.coop\/es\/wp-json\/wp\/v2\/pages"}],"about":[{"href":"https:\/\/www.osa.coop\/es\/wp-json\/wp\/v2\/types\/page"}],"author":[{"embeddable":true,"href":"https:\/\/www.osa.coop\/es\/wp-json\/wp\/v2\/users\/1"}],"replies":[{"embeddable":true,"href":"https:\/\/www.osa.coop\/es\/wp-json\/wp\/v2\/comments?post=34583"}],"version-history":[{"count":34,"href":"https:\/\/www.osa.coop\/es\/wp-json\/wp\/v2\/pages\/34583\/revisions"}],"predecessor-version":[{"id":39651,"href":"https:\/\/www.osa.coop\/es\/wp-json\/wp\/v2\/pages\/34583\/revisions\/39651"}],"up":[{"embeddable":true,"href":"https:\/\/www.osa.coop\/es\/wp-json\/wp\/v2\/pages\/34565"}],"wp:attachment":[{"href":"https:\/\/www.osa.coop\/es\/wp-json\/wp\/v2\/media?parent=34583"}],"curies":[{"name":"wp","href":"https:\/\/api.w.org\/{rel}","templated":true}]}}