{"id":34704,"date":"2022-02-24T10:46:17","date_gmt":"2022-02-24T09:46:17","guid":{"rendered":"https:\/\/www.osa.coop\/los-servicios\/residencias\/"},"modified":"2025-07-24T11:55:31","modified_gmt":"2025-07-24T09:55:31","slug":"residencias","status":"publish","type":"page","link":"https:\/\/www.osa.coop\/es\/los-servicios\/residencias\/","title":{"rendered":"Residencias"},"content":{"rendered":"<p>[et_pb_section fb_built=\u00bb1&#8243; _builder_version=\u00bb4.16&#8243; _module_preset=\u00bbdefault\u00bb background_color=\u00bb#3b3b3b\u00bb custom_margin=\u00bb0px||0px||false|false\u00bb custom_padding=\u00bb0px||0px||false|false\u00bb global_colors_info=\u00bb{}\u00bb][et_pb_row _builder_version=\u00bb4.16&#8243; _module_preset=\u00bbdefault\u00bb width=\u00bb94%\u00bb max_width=\u00bb94%\u00bb custom_margin=\u00bb0px||0px||false|false\u00bb custom_padding=\u00bb5px||5px||false|false\u00bb global_colors_info=\u00bb{}\u00bb][et_pb_column type=\u00bb4_4&#8243; _builder_version=\u00bb4.16&#8243; _module_preset=\u00bbdefault\u00bb global_colors_info=\u00bb{}\u00bb][et_pb_code module_class=\u00bbx-breadcrumb\u00bb _builder_version=\u00bb4.16&#8243; _module_preset=\u00bbdefault\u00bb global_colors_info=\u00bb{}\u00bb]<span><span><a href=\"https:\/\/www.osa.coop\/es\/\">Home<\/a><\/span><\/span>[\/et_pb_code][\/et_pb_column][\/et_pb_row][\/et_pb_section][et_pb_section fb_built=\u00bb1&#8243; next_background_color=\u00bb#ffffff\u00bb _builder_version=\u00bb4.16&#8243; _module_preset=\u00bbdefault\u00bb background_color=\u00bb#f7f7f7&#8243; custom_padding=\u00bb||52px|||\u00bb top_divider_color=\u00bb#f7f7f7&#8243; top_divider_height=\u00bb143px\u00bb top_divider_repeat=\u00bb0x\u00bb top_divider_flip=\u00bbhorizontal\u00bb bottom_divider_style=\u00bbslant\u00bb global_colors_info=\u00bb{}\u00bb][et_pb_row column_structure=\u00bb1_3,2_3&#8243; _builder_version=\u00bb4.16&#8243; _module_preset=\u00bbdefault\u00bb global_colors_info=\u00bb{}\u00bb][et_pb_column type=\u00bb1_3&#8243; _builder_version=\u00bb4.16&#8243; _module_preset=\u00bbdefault\u00bb global_colors_info=\u00bb{}\u00bb][et_pb_image src=\u00bbhttps:\/\/www.osa.coop\/wp-content\/uploads\/2020\/11\/Bellagio.jpg\u00bb title_text=\u00bbBellagio\u00bb _builder_version=\u00bb4.16&#8243; _module_preset=\u00bbdefault\u00bb global_colors_info=\u00bb{}\u00bb][\/et_pb_image][\/et_pb_column][et_pb_column type=\u00bb2_3&#8243; _builder_version=\u00bb4.16&#8243; _module_preset=\u00bbdefault\u00bb global_colors_info=\u00bb{}\u00bb][et_pb_text _builder_version=\u00bb4.16&#8243; _module_preset=\u00bbdefault\u00bb global_colors_info=\u00bb{}\u00bb]<\/p>\n<h4><strong>RSA BELLAGIO<\/strong><\/h4>\n<p style=\"text-align: justify;\">Inmersa en un parque de m\u00e1s de 24.000 metros cuadrados y con vistas al promontorio \u00ablariano\u00bb del lago de Como, en Visgnola, que es una parte del municipio de Bellagio, la Residencia Asistida (RSA) cuenta con 150 camas distribuidas en 77 habitaciones, desde las que se puede admirar el estupendo panorama. Los Hu\u00e9spedes tienen acceso a un camino protegido para pasear por la naturaleza y disfrutar de la incre\u00edble belleza del paisaje. La residencia cuenta con equipos m\u00e9dicos avanzados para atender a las personas con discapacidad, consultorios, un gimnasio para fisioterapia y rehabilitaci\u00f3n, salas para terapia ocupacional. El personal m\u00e9dico y de enfermer\u00eda garantiza asistencia personalizada las 24 horas del d\u00eda.<\/p>\n<p>[\/et_pb_text][et_pb_button button_url=\u00bbhttp:\/\/www.residenzabellagio.it\u00bb url_new_window=\u00bbon\u00bb button_text=\u00bbM\u00e1s informaci\u00f3n\u00bb _builder_version=\u00bb4.16&#8243; _module_preset=\u00bbdefault\u00bb global_colors_info=\u00bb{}\u00bb][\/et_pb_button][\/et_pb_column][\/et_pb_row][\/et_pb_section][et_pb_section fb_built=\u00bb1&#8243; _builder_version=\u00bb4.16&#8243; _module_preset=\u00bbdefault\u00bb custom_padding=\u00bb31px||8px|||\u00bb top_divider_style=\u00bbslant\u00bb top_divider_color=\u00bb#f7f7f7&#8243; top_divider_flip=\u00bbhorizontal|vertical\u00bb bottom_divider_flip=\u00bbvertical\u00bb global_colors_info=\u00bb{}\u00bb][et_pb_row column_structure=\u00bb3_5,2_5&#8243; _builder_version=\u00bb4.16&#8243; _module_preset=\u00bbdefault\u00bb custom_margin=\u00bb39px|auto||auto||\u00bb custom_padding=\u00bb3px|||||\u00bb global_colors_info=\u00bb{}\u00bb][et_pb_column type=\u00bb3_5&#8243; _builder_version=\u00bb4.16&#8243; _module_preset=\u00bbdefault\u00bb global_colors_info=\u00bb{}\u00bb][et_pb_text _builder_version=\u00bb4.16&#8243; _module_preset=\u00bbdefault\u00bb min_height=\u00bb308px\u00bb custom_padding=\u00bb||1px|||\u00bb global_colors_info=\u00bb{}\u00bb]<\/p>\n<h4><strong>RESIDENCIA DE ANCIANOS MELOGRANO<\/strong><\/h4>\n<p style=\"text-align: justify;\"><span>La Villa del Melograno es la residencia de ancianos realizada por Fondazione Banca di Credito Cooperativo di Roma. <\/span><span>Construida en los a\u00f1os 60 por los arquitectos Luccichenti y Nervi, ha sido completamente refaccionada y reconvertida en una moderna residencia de ancianos. <\/span><span>Est\u00e1 rodeada por un amplio parque privado, ricamente plantado de pinos y olivos centenarios. <\/span><span>Operativa desde enero de 2012, est\u00e1 ubicada en Via Valle di Sant&#8217;Ignazio (calle secundaria que atraviesa Via Tuscolana) a solo 8 km del Grande Raccordo Anulare de Roma.<\/span><\/p>\n<p>[\/et_pb_text][et_pb_button button_url=\u00bbhttp:\/\/www.villadelmelograno.it\/\u00bb url_new_window=\u00bbon\u00bb button_text=\u00bbM\u00e1s informaci\u00f3n\u00bb _builder_version=\u00bb4.16&#8243; _module_preset=\u00bbdefault\u00bb custom_margin=\u00bb-147px|||||\u00bb global_colors_info=\u00bb{}\u00bb][\/et_pb_button][\/et_pb_column][et_pb_column type=\u00bb2_5&#8243; _builder_version=\u00bb4.16&#8243; _module_preset=\u00bbdefault\u00bb global_colors_info=\u00bb{}\u00bb][et_pb_image src=\u00bbhttps:\/\/www.osa.coop\/wp-content\/uploads\/2020\/11\/MELOGRANO.jpeg\u00bb title_text=\u00bbMELOGRANO\u00bb _builder_version=\u00bb4.16&#8243; _module_preset=\u00bbdefault\u00bb custom_margin=\u00bb4px||-4px|||\u00bb global_colors_info=\u00bb{}\u00bb][\/et_pb_image][\/et_pb_column][\/et_pb_row][\/et_pb_section]<\/p>\n","protected":false},"excerpt":{"rendered":"<p><span><span><a href=\"https:\/\/www.osa.coop\/es\/\">Home<\/a><\/span><\/span>RSA BELLAGIO Inmersa en un parque de m\u00e1s de 24.000 metros cuadrados y con vistas al promontorio \u00ablariano\u00bb del lago de Como, en Visgnola, que es una parte del municipio de Bellagio, la Residencia Asistida (RSA) cuenta con 150 camas distribuidas en 77 habitaciones, desde las que se puede admirar el estupendo panorama. Los Hu\u00e9spedes [&hellip;]<\/p>\n","protected":false},"author":1,"featured_media":0,"parent":34565,"menu_order":0,"comment_status":"closed","ping_status":"closed","template":"","meta":{"_et_pb_use_builder":"on","_et_pb_old_content":"","_et_gb_content_width":"","footnotes":""},"class_list":["post-34704","page","type-page","status-publish","hentry"],"yoast_head":"<!-- This site is optimized with the Yoast SEO plugin v26.6 - https:\/\/yoast.com\/wordpress\/plugins\/seo\/ -->\n<title>Residencias - OSA coop<\/title>\n<meta name=\"robots\" content=\"index, follow, max-snippet:-1, max-image-preview:large, max-video-preview:-1\" \/>\n<link rel=\"canonical\" href=\"https:\/\/www.osa.coop\/es\/los-servicios\/residencias\/\" \/>\n<meta property=\"og:locale\" content=\"es_ES\" \/>\n<meta property=\"og:type\" content=\"article\" \/>\n<meta property=\"og:title\" content=\"Residencias - OSA coop\" \/>\n<meta property=\"og:description\" content=\"RSA BELLAGIO Inmersa en un parque de m\u00e1s de 24.000 metros cuadrados y con vistas al promontorio &quot;lariano&quot; del lago de Como, en Visgnola, que es una parte del municipio de Bellagio, la Residencia Asistida (RSA) cuenta con 150 camas distribuidas en 77 habitaciones, desde las que se puede admirar el estupendo panorama. Los Hu\u00e9spedes [&hellip;]\" \/>\n<meta property=\"og:url\" content=\"https:\/\/www.osa.coop\/es\/los-servicios\/residencias\/\" \/>\n<meta property=\"og:site_name\" content=\"OSA coop\" \/>\n<meta property=\"article:modified_time\" content=\"2025-07-24T09:55:31+00:00\" \/>\n<meta name=\"twitter:card\" content=\"summary_large_image\" \/>\n<meta name=\"twitter:label1\" content=\"Tiempo de lectura\" \/>\n\t<meta name=\"twitter:data1\" content=\"3 minutos\" \/>\n<script type=\"application\/ld+json\" class=\"yoast-schema-graph\">{\"@context\":\"https:\/\/schema.org\",\"@graph\":[{\"@type\":\"WebPage\",\"@id\":\"https:\/\/www.osa.coop\/es\/los-servicios\/residencias\/\",\"url\":\"https:\/\/www.osa.coop\/es\/los-servicios\/residencias\/\",\"name\":\"Residencias - OSA coop\",\"isPartOf\":{\"@id\":\"https:\/\/www.osa.coop\/es\/#website\"},\"datePublished\":\"2022-02-24T09:46:17+00:00\",\"dateModified\":\"2025-07-24T09:55:31+00:00\",\"breadcrumb\":{\"@id\":\"https:\/\/www.osa.coop\/es\/los-servicios\/residencias\/#breadcrumb\"},\"inLanguage\":\"es\",\"potentialAction\":[{\"@type\":\"ReadAction\",\"target\":[\"https:\/\/www.osa.coop\/es\/los-servicios\/residencias\/\"]}]},{\"@type\":\"BreadcrumbList\",\"@id\":\"https:\/\/www.osa.coop\/es\/los-servicios\/residencias\/#breadcrumb\",\"itemListElement\":[{\"@type\":\"ListItem\",\"position\":1,\"name\":\"Home\",\"item\":\"https:\/\/www.osa.coop\/es\/\"},{\"@type\":\"ListItem\",\"position\":2,\"name\":\"Los servicios\",\"item\":\"https:\/\/www.osa.coop\/es\/los-servicios\/\"},{\"@type\":\"ListItem\",\"position\":3,\"name\":\"Residencias\"}]},{\"@type\":\"WebSite\",\"@id\":\"https:\/\/www.osa.coop\/es\/#website\",\"url\":\"https:\/\/www.osa.coop\/es\/\",\"name\":\"OSA coop\",\"description\":\"Operatori Sanitari Associati\",\"potentialAction\":[{\"@type\":\"SearchAction\",\"target\":{\"@type\":\"EntryPoint\",\"urlTemplate\":\"https:\/\/www.osa.coop\/es\/?s={search_term_string}\"},\"query-input\":{\"@type\":\"PropertyValueSpecification\",\"valueRequired\":true,\"valueName\":\"search_term_string\"}}],\"inLanguage\":\"es\"}]}<\/script>\n<!-- \/ Yoast SEO plugin. -->","yoast_head_json":{"title":"Residencias - OSA coop","robots":{"index":"index","follow":"follow","max-snippet":"max-snippet:-1","max-image-preview":"max-image-preview:large","max-video-preview":"max-video-preview:-1"},"canonical":"https:\/\/www.osa.coop\/es\/los-servicios\/residencias\/","og_locale":"es_ES","og_type":"article","og_title":"Residencias - OSA coop","og_description":"RSA BELLAGIO Inmersa en un parque de m\u00e1s de 24.000 metros cuadrados y con vistas al promontorio \"lariano\" del lago de Como, en Visgnola, que es una parte del municipio de Bellagio, la Residencia Asistida (RSA) cuenta con 150 camas distribuidas en 77 habitaciones, desde las que se puede admirar el estupendo panorama. Los Hu\u00e9spedes [&hellip;]","og_url":"https:\/\/www.osa.coop\/es\/los-servicios\/residencias\/","og_site_name":"OSA coop","article_modified_time":"2025-07-24T09:55:31+00:00","twitter_card":"summary_large_image","twitter_misc":{"Tiempo de lectura":"3 minutos"},"schema":{"@context":"https:\/\/schema.org","@graph":[{"@type":"WebPage","@id":"https:\/\/www.osa.coop\/es\/los-servicios\/residencias\/","url":"https:\/\/www.osa.coop\/es\/los-servicios\/residencias\/","name":"Residencias - OSA coop","isPartOf":{"@id":"https:\/\/www.osa.coop\/es\/#website"},"datePublished":"2022-02-24T09:46:17+00:00","dateModified":"2025-07-24T09:55:31+00:00","breadcrumb":{"@id":"https:\/\/www.osa.coop\/es\/los-servicios\/residencias\/#breadcrumb"},"inLanguage":"es","potentialAction":[{"@type":"ReadAction","target":["https:\/\/www.osa.coop\/es\/los-servicios\/residencias\/"]}]},{"@type":"BreadcrumbList","@id":"https:\/\/www.osa.coop\/es\/los-servicios\/residencias\/#breadcrumb","itemListElement":[{"@type":"ListItem","position":1,"name":"Home","item":"https:\/\/www.osa.coop\/es\/"},{"@type":"ListItem","position":2,"name":"Los servicios","item":"https:\/\/www.osa.coop\/es\/los-servicios\/"},{"@type":"ListItem","position":3,"name":"Residencias"}]},{"@type":"WebSite","@id":"https:\/\/www.osa.coop\/es\/#website","url":"https:\/\/www.osa.coop\/es\/","name":"OSA coop","description":"Operatori Sanitari Associati","potentialAction":[{"@type":"SearchAction","target":{"@type":"EntryPoint","urlTemplate":"https:\/\/www.osa.coop\/es\/?s={search_term_string}"},"query-input":{"@type":"PropertyValueSpecification","valueRequired":true,"valueName":"search_term_string"}}],"inLanguage":"es"}]}},"_links":{"self":[{"href":"https:\/\/www.osa.coop\/es\/wp-json\/wp\/v2\/pages\/34704","targetHints":{"allow":["GET"]}}],"collection":[{"href":"https:\/\/www.osa.coop\/es\/wp-json\/wp\/v2\/pages"}],"about":[{"href":"https:\/\/www.osa.coop\/es\/wp-json\/wp\/v2\/types\/page"}],"author":[{"embeddable":true,"href":"https:\/\/www.osa.coop\/es\/wp-json\/wp\/v2\/users\/1"}],"replies":[{"embeddable":true,"href":"https:\/\/www.osa.coop\/es\/wp-json\/wp\/v2\/comments?post=34704"}],"version-history":[{"count":16,"href":"https:\/\/www.osa.coop\/es\/wp-json\/wp\/v2\/pages\/34704\/revisions"}],"predecessor-version":[{"id":39674,"href":"https:\/\/www.osa.coop\/es\/wp-json\/wp\/v2\/pages\/34704\/revisions\/39674"}],"up":[{"embeddable":true,"href":"https:\/\/www.osa.coop\/es\/wp-json\/wp\/v2\/pages\/34565"}],"wp:attachment":[{"href":"https:\/\/www.osa.coop\/es\/wp-json\/wp\/v2\/media?parent=34704"}],"curies":[{"name":"wp","href":"https:\/\/api.w.org\/{rel}","templated":true}]}}