{"id":34746,"date":"2022-02-25T08:47:21","date_gmt":"2022-02-25T07:47:21","guid":{"rendered":"https:\/\/www.osa.coop\/la-red\/"},"modified":"2024-08-30T14:08:12","modified_gmt":"2024-08-30T12:08:12","slug":"la-red","status":"publish","type":"page","link":"https:\/\/www.osa.coop\/es\/la-red\/","title":{"rendered":"La red"},"content":{"rendered":"<p>[et_pb_section fb_built=\u00bb1&#8243; _builder_version=\u00bb4.16&#8243; _module_preset=\u00bbdefault\u00bb background_color=\u00bb#3b3b3b\u00bb custom_margin=\u00bb0px||0px||false|false\u00bb custom_padding=\u00bb0px||0px||false|false\u00bb global_colors_info=\u00bb{}\u00bb][et_pb_row _builder_version=\u00bb4.16&#8243; _module_preset=\u00bbdefault\u00bb width=\u00bb94%\u00bb max_width=\u00bb94%\u00bb custom_margin=\u00bb0px||0px||false|false\u00bb custom_padding=\u00bb5px||5px||false|false\u00bb global_colors_info=\u00bb{}\u00bb][et_pb_column type=\u00bb4_4&#8243; _builder_version=\u00bb4.16&#8243; _module_preset=\u00bbdefault\u00bb global_colors_info=\u00bb{}\u00bb][et_pb_code module_class=\u00bbx-breadcrumb\u00bb _builder_version=\u00bb4.16&#8243; _module_preset=\u00bbdefault\u00bb global_colors_info=\u00bb{}\u00bb]<span><span><a href=\"https:\/\/www.osa.coop\/es\/\">Home<\/a><\/span><\/span>[\/et_pb_code][\/et_pb_column][\/et_pb_row][\/et_pb_section][et_pb_section fb_built=\u00bb1&#8243; admin_label=\u00bbSponsors\u00bb _builder_version=\u00bb4.16&#8243; custom_padding=\u00bb14px|0px|29px|0px||\u00bb global_colors_info=\u00bb{}\u00bb][et_pb_row _builder_version=\u00bb4.16&#8243; global_colors_info=\u00bb{}\u00bb][et_pb_column type=\u00bb4_4&#8243; _builder_version=\u00bb4.16&#8243; custom_padding=\u00bb|||\u00bb global_colors_info=\u00bb{}\u00bb custom_padding__hover=\u00bb|||\u00bb][et_pb_text admin_label=\u00bbSubtitle\u00bb _builder_version=\u00bb4.16&#8243; text_font=\u00bbMontserrat|500||on|||||\u00bb text_text_color=\u00bbrgba(0,0,0,0.25)\u00bb text_orientation=\u00bbcenter\u00bb animation_style=\u00bbfade\u00bb global_colors_info=\u00bb{}\u00bb]<\/p>\n<p>LA RED OSA<\/p>\n<p>[\/et_pb_text][et_pb_text admin_label=\u00bbTitle\u00bb _builder_version=\u00bb4.16&#8243; text_font=\u00bb||||||||\u00bb header_font=\u00bb||||||||\u00bb header_2_font=\u00bbMontserrat|500|||||||\u00bb header_2_text_align=\u00bbcenter\u00bb header_2_font_size=\u00bb30px\u00bb animation_style=\u00bbfade\u00bb global_colors_info=\u00bb{}\u00bb]<\/p>\n<h2>Una red que genera trabajo y valor a\u00f1adido.<\/h2>\n<p>[\/et_pb_text][\/et_pb_column][\/et_pb_row][et_pb_row column_structure=\u00bb1_2,1_2&#8243; _builder_version=\u00bb4.16&#8243; _module_preset=\u00bbdefault\u00bb global_colors_info=\u00bb{}\u00bb][et_pb_column type=\u00bb1_2&#8243; _builder_version=\u00bb4.16&#8243; _module_preset=\u00bbdefault\u00bb global_colors_info=\u00bb{}\u00bb][et_pb_image src=\u00bbhttps:\/\/www.osa.coop\/wp-content\/uploads\/2020\/07\/IUVENES_bn.png\u00bb title_text=\u00bbIUVENES_bn\u00bb url=\u00bbhttp:\/\/www.iuvenes.coop\/site\/\u00bb url_new_window=\u00bbon\u00bb align=\u00bbcenter\u00bb align_tablet=\u00bbcenter\u00bb align_phone=\u00bb\u00bb align_last_edited=\u00bbon|desktop\u00bb _builder_version=\u00bb4.16&#8243; animation_style=\u00bbfade\u00bb global_colors_info=\u00bb{}\u00bb][\/et_pb_image][et_pb_text _builder_version=\u00bb4.16&#8243; _module_preset=\u00bbdefault\u00bb global_colors_info=\u00bb{}\u00bb]<\/p>\n<p class=\"p1\" style=\"text-align: center;\"><b>COOPERATIVA SOCIALE IUVENES <\/b><b>SOCIEDAD COOPERATIVA DE TIPO B<\/b><\/p>\n<p class=\"p1\" style=\"text-align: justify;\">Instituida en 1988 con el fin de facilitar la inserci\u00f3n en el mundo laboral de personas desfavorecidas, la cooperativa social brinda servicios de apoyo a las empresas.<\/p>\n<p>[\/et_pb_text][\/et_pb_column][et_pb_column type=\u00bb1_2&#8243; _builder_version=\u00bb4.16&#8243; _module_preset=\u00bbdefault\u00bb global_colors_info=\u00bb{}\u00bb][et_pb_image src=\u00bbhttps:\/\/www.osa.coop\/wp-content\/uploads\/2020\/07\/cap_bn.png\u00bb title_text=\u00bbcap_bn\u00bb url=\u00bbhttps:\/\/www.consorziocap.it\/\u00bb url_new_window=\u00bbon\u00bb align=\u00bbcenter\u00bb align_tablet=\u00bbcenter\u00bb align_phone=\u00bb\u00bb align_last_edited=\u00bbon|tablet\u00bb _builder_version=\u00bb4.16&#8243; animation_style=\u00bbfade\u00bb animation_delay=\u00bb300ms\u00bb locked=\u00bboff\u00bb global_colors_info=\u00bb{}\u00bb][\/et_pb_image][et_pb_text _builder_version=\u00bb4.24.2&#8243; _module_preset=\u00bbdefault\u00bb global_colors_info=\u00bb{}\u00bb]<\/p>\n<p><strong>CONSORCIO DE ATENCI\u00d3N PRIMARIA SOCIEDAD COOPERATIVA SOCIAL<\/strong><\/p>\n<p class=\"p1\" style=\"text-align: justify;\"><span class=\"s1\">Instituido en 2012, el consorcio re\u00fane a operadores sanitarios para la asistencia domiciliaria, farmac\u00e9uticos y m\u00e9dicos de medicina general que, a trav\u00e9s de un portal de reservas, est\u00e1n conectados con proveedores de diagn\u00f3stico y medicina especializada.<\/span><\/p>\n<p>[\/et_pb_text][\/et_pb_column][\/et_pb_row][et_pb_row _builder_version=\u00bb4.16&#8243; _module_preset=\u00bbdefault\u00bb custom_padding=\u00bb8px|||||\u00bb global_colors_info=\u00bb{}\u00bb][et_pb_column type=\u00bb4_4&#8243; _builder_version=\u00bb4.16&#8243; _module_preset=\u00bbdefault\u00bb global_colors_info=\u00bb{}\u00bb][et_pb_divider color=\u00bb#a8a8a8&#8243; _builder_version=\u00bb4.16&#8243; _module_preset=\u00bbdefault\u00bb global_colors_info=\u00bb{}\u00bb][\/et_pb_divider][\/et_pb_column][\/et_pb_row][et_pb_row column_structure=\u00bb1_3,1_3,1_3&#8243; _builder_version=\u00bb4.16&#8243; _module_preset=\u00bbdefault\u00bb global_colors_info=\u00bb{}\u00bb][et_pb_column type=\u00bb1_3&#8243; _builder_version=\u00bb4.16&#8243; _module_preset=\u00bbdefault\u00bb global_colors_info=\u00bb{}\u00bb][et_pb_image src=\u00bbhttps:\/\/www.osa.coop\/wp-content\/uploads\/2020\/07\/consulting_bn.png\u00bb title_text=\u00bbconsulting_bn\u00bb url=\u00bbhttp:\/\/www.abconsu.it\/\u00bb url_new_window=\u00bbon\u00bb align=\u00bbcenter\u00bb align_tablet=\u00bbcenter\u00bb align_phone=\u00bb\u00bb align_last_edited=\u00bbon|desktop\u00bb _builder_version=\u00bb4.16&#8243; animation_style=\u00bbfade\u00bb global_colors_info=\u00bb{}\u00bb][\/et_pb_image][et_pb_text _builder_version=\u00bb4.16&#8243; _module_preset=\u00bbdefault\u00bb global_colors_info=\u00bb{}\u00bb]<\/p>\n<p class=\"p1\" style=\"font-size: 14px; background-color: #ffffff; text-align: center;\"><b style=\"font-size: 14px;\">AB Consulting 2006 Srl<\/b><\/p>\n<p class=\"p1\" style=\"font-size: 14px; background-color: #ffffff; text-align: justify;\">Fundada en 2006, la empresa consultora brinda ayuda y asesoramiento en materia de contabilidad, fiscalidad, derecho de sociedades, finanzas, presupuestaci\u00f3n y sistemas de calidad. Es la empresa central y de propiedad total de las cooperativas de la red.<\/p>\n<p>[\/et_pb_text][\/et_pb_column][et_pb_column type=\u00bb1_3&#8243; _builder_version=\u00bb4.16&#8243; _module_preset=\u00bbdefault\u00bb global_colors_info=\u00bb{}\u00bb][et_pb_image src=\u00bbhttps:\/\/www.osa.coop\/wp-content\/uploads\/2020\/07\/ppone_bn.png\u00bb title_text=\u00bbppone_bn\u00bb url=\u00bbhttps:\/\/www.ppone.it\/\u00bb url_new_window=\u00bbon\u00bb align=\u00bbcenter\u00bb align_tablet=\u00bbcenter\u00bb align_phone=\u00bb\u00bb align_last_edited=\u00bbon|desktop\u00bb _builder_version=\u00bb4.16&#8243; animation_style=\u00bbfade\u00bb animation_delay=\u00bb100ms\u00bb locked=\u00bboff\u00bb global_colors_info=\u00bb{}\u00bb][\/et_pb_image][et_pb_text _builder_version=\u00bb4.16&#8243; _module_preset=\u00bbdefault\u00bb global_colors_info=\u00bb{}\u00bb]<\/p>\n<p class=\"p1\" style=\"font-size: 14px; background-color: #ffffff; text-align: center;\"><b style=\"font-size: 14px;\">PPONE SRL<\/b><\/p>\n<p class=\"p1\" style=\"font-size: 14px; background-color: #ffffff; text-align: justify;\">Instituida en 2006, es el socio inform\u00e1tico de la red y brinda soporte inform\u00e1tico, desarrollo de software y suministros de hardware.<\/p>\n<p>[\/et_pb_text][\/et_pb_column][et_pb_column type=\u00bb1_3&#8243; _builder_version=\u00bb4.16&#8243; _module_preset=\u00bbdefault\u00bb global_colors_info=\u00bb{}\u00bb][et_pb_image src=\u00bbhttps:\/\/www.osa.coop\/wp-content\/uploads\/2020\/07\/sap_bn.png\u00bb title_text=\u00bbsap_bn\u00bb url=\u00bbhttps:\/\/sap.coop\/\u00bb url_new_window=\u00bbon\u00bb align=\u00bbcenter\u00bb align_tablet=\u00bbcenter\u00bb align_phone=\u00bb\u00bb align_last_edited=\u00bbon|desktop\u00bb _builder_version=\u00bb4.16&#8243; animation_style=\u00bbfade\u00bb animation_delay=\u00bb200ms\u00bb locked=\u00bboff\u00bb global_colors_info=\u00bb{}\u00bb][\/et_pb_image][et_pb_text _builder_version=\u00bb4.24.2&#8243; _module_preset=\u00bbdefault\u00bb global_colors_info=\u00bb{}\u00bb]<\/p>\n<p class=\"p1\" style=\"font-size: 14px; background-color: #ffffff; text-align: center;\"><b style=\"font-size: 14px;\">SERVIZI ASSISTENZA PRIMARIA. SOCIETA&#8217; COOPERATIVA<\/b><\/p>\n<p class=\"p1\" style=\"font-size: 14px; background-color: #ffffff; text-align: justify;\">SAP es una cooperativa sociosanitaria que empez\u00f3 su actividad en 2010. Administra los servicios de Asistencia Domiciliaria Integrada y se dedica al desarrollo de los servicios sociosanitarios en la Regi\u00f3n de Sicilia.<\/p>\n<p>[\/et_pb_text][\/et_pb_column][\/et_pb_row][et_pb_row _builder_version=\u00bb4.16&#8243; _module_preset=\u00bbdefault\u00bb custom_padding=\u00bb8px|||||\u00bb global_colors_info=\u00bb{}\u00bb][et_pb_column type=\u00bb4_4&#8243; _builder_version=\u00bb4.16&#8243; _module_preset=\u00bbdefault\u00bb global_colors_info=\u00bb{}\u00bb][et_pb_divider color=\u00bb#a8a8a8&#8243; _builder_version=\u00bb4.16&#8243; _module_preset=\u00bbdefault\u00bb global_colors_info=\u00bb{}\u00bb][\/et_pb_divider][\/et_pb_column][\/et_pb_row][et_pb_row column_structure=\u00bb1_3,1_3,1_3&#8243; _builder_version=\u00bb4.16&#8243; _module_preset=\u00bbdefault\u00bb global_colors_info=\u00bb{}\u00bb][et_pb_column type=\u00bb1_3&#8243; _builder_version=\u00bb4.16&#8243; _module_preset=\u00bbdefault\u00bb global_colors_info=\u00bb{}\u00bb][et_pb_image src=\u00bbhttps:\/\/www.osa.coop\/wp-content\/uploads\/2020\/07\/SICURJOB_bn.png\u00bb title_text=\u00bbSICURJOB_bn\u00bb url=\u00bbhttp:\/\/www.sicurjob.it\/\u00bb url_new_window=\u00bbon\u00bb align=\u00bbcenter\u00bb align_tablet=\u00bbcenter\u00bb align_phone=\u00bb\u00bb align_last_edited=\u00bbon|desktop\u00bb _builder_version=\u00bb4.16&#8243; animation_style=\u00bbfade\u00bb animation_delay=\u00bb100ms\u00bb locked=\u00bboff\u00bb global_colors_info=\u00bb{}\u00bb][\/et_pb_image][et_pb_text _builder_version=\u00bb4.16&#8243; _module_preset=\u00bbdefault\u00bb global_colors_info=\u00bb{}\u00bb]<\/p>\n<p class=\"p1\" style=\"font-size: 14px; background-color: #ffffff; text-align: center;\"><b style=\"font-size: 14px;\">COOPERATIVA DI LAVORO SECURJOB SRL<\/b><\/p>\n<p class=\"p1\" style=\"font-size: 14px; background-color: #ffffff; text-align: justify;\">Instituida en 1991, la cooperativa gestiona sistemas de prevenci\u00f3n, protecci\u00f3n y<span class=\"Apple-converted-space\" style=\"font-size: 14px;\">  <\/span>de medina del trabajo. Est\u00e1 autorizada por la Regi\u00f3n del Lacio a proporcionar Asistencia Domiciliaria Integrada privada y a desempe\u00f1ar su actividad en el policonsultorio m\u00e9dico y en el laboratorio de an\u00e1lisis cl\u00ednicos del \u00abSicurMedical Center\u00bb.<\/p>\n<p>[\/et_pb_text][\/et_pb_column][et_pb_column type=\u00bb1_3&#8243; _builder_version=\u00bb4.16&#8243; _module_preset=\u00bbdefault\u00bb global_colors_info=\u00bb{}\u00bb][et_pb_image src=\u00bbhttps:\/\/www.osa.coop\/wp-content\/uploads\/2022\/06\/Progetto-senza-titolo-2022-06-28T163614.484.png\u00bb title_text=\u00bbHCtraining copia_bn\u00bb url=\u00bbhttps:\/\/www.hctraining.it\/new_site\/\u00bb url_new_window=\u00bbon\u00bb align=\u00bbcenter\u00bb align_tablet=\u00bbcenter\u00bb align_phone=\u00bb\u00bb align_last_edited=\u00bbon|desktop\u00bb _builder_version=\u00bb4.16&#8243; animation_style=\u00bbfade\u00bb animation_delay=\u00bb300ms\u00bb locked=\u00bboff\u00bb global_colors_info=\u00bb{}\u00bb][\/et_pb_image][et_pb_text _builder_version=\u00bb4.16&#8243; _module_preset=\u00bbdefault\u00bb global_colors_info=\u00bb{}\u00bb]<\/p>\n<p class=\"p1\" style=\"font-size: 14px; background-color: #ffffff; text-align: center;\"><b style=\"font-size: 14px;\">HC TRAINING SRL<\/b><\/p>\n<p class=\"p1\" style=\"font-size: 14px; background-color: #ffffff; text-align: justify;\">Operativa desde 2003, se dedica a idear, planear, comercializar y gestionar eventos y proyectos de formaci\u00f3n para la capacitaci\u00f3n, recapacitaci\u00f3n y especializaci\u00f3n profesional.<\/p>\n<p>[\/et_pb_text][\/et_pb_column][et_pb_column type=\u00bb1_3&#8243; _builder_version=\u00bb4.16&#8243; _module_preset=\u00bbdefault\u00bb global_colors_info=\u00bb{}\u00bb][et_pb_image src=\u00bbhttps:\/\/www.osa.coop\/wp-content\/uploads\/2022\/06\/vesta-salute.png\u00bb title_text=\u00bbvesta salute\u00bb _builder_version=\u00bb4.16&#8243; _module_preset=\u00bbdefault\u00bb global_colors_info=\u00bb{}\u00bb][\/et_pb_image][et_pb_text _builder_version=\u00bb4.16&#8243; _module_preset=\u00bbdefault\u00bb global_colors_info=\u00bb{}\u00bb]<\/p>\n<p style=\"text-align: center;\"><strong>VESTA SALUTE SRL<\/strong><\/p>\n<p>Una realidad consolidada en el campo de la atenci\u00f3n domiciliaria privada en Lombard\u00eda, gracias a los numerosos servicios ofrecidos y al uso de las tecnolog\u00edas m\u00e1s modernas dedicadas a la salud.<\/p>\n<p>[\/et_pb_text][\/et_pb_column][\/et_pb_row][et_pb_row column_structure=\u00bb1_3,1_3,1_3&#8243; _builder_version=\u00bb4.16&#8243; _module_preset=\u00bbdefault\u00bb custom_margin=\u00bb|312px||auto||\u00bb global_colors_info=\u00bb{}\u00bb][et_pb_column type=\u00bb1_3&#8243; _builder_version=\u00bb4.16&#8243; _module_preset=\u00bbdefault\u00bb global_colors_info=\u00bb{}\u00bb][\/et_pb_column][et_pb_column type=\u00bb1_3&#8243; _builder_version=\u00bb4.16&#8243; _module_preset=\u00bbdefault\u00bb global_colors_info=\u00bb{}\u00bb][et_pb_image src=\u00bbhttps:\/\/www.osa.coop\/wp-content\/uploads\/2024\/08\/LOGOG-b-e-n.png\u00bb title_text=\u00bbLOGOG b e n\u00bb url_new_window=\u00bbon\u00bb align=\u00bbcenter\u00bb align_tablet=\u00bbcenter\u00bb align_phone=\u00bb\u00bb align_last_edited=\u00bbon|desktop\u00bb _builder_version=\u00bb4.24.2&#8243; animation_style=\u00bbfade\u00bb animation_delay=\u00bb300ms\u00bb hover_enabled=\u00bb0&#8243; locked=\u00bboff\u00bb global_colors_info=\u00bb{}\u00bb url=\u00bbhttps:\/\/osanext.it\/\u00bb sticky_enabled=\u00bb0&#8243; width=\u00bb100%\u00bb max_width=\u00bb72%\u00bb][\/et_pb_image][et_pb_text _builder_version=\u00bb4.24.2&#8243; _module_preset=\u00bbdefault\u00bb global_colors_info=\u00bb{}\u00bb]<\/p>\n<p class=\"p1\" style=\"font-size: 14px; background-color: #ffffff; text-align: center;\"><b>OSA NEXT<\/b><\/p>\n<p><g-expandable-container jscontroller=\"QE1bwd\" data-npd=\"1\" data-slct=\"mnr-c\" jsshadow=\"\" jsaction=\"C7xow:Z6bwpe;xNpQtd:Nh5q2c;U6VCqe:GsRPff;Ep2Mgc:AgioGc;BDs6B:fW2qAb;ep03Ne:AvkpRc;gvA4Rc:yELBLe\"><\/g-expandable-container><\/p>\n<div jsname=\"gI9xcc\" jsslot=\"1\">\n<div jscontroller=\"tZEiM\" jsdata=\"SANFE;_;AYcBFY\" jsaction=\"uQxhTd:d4hecb;lWUBqb:TO5MWb;IcWBXe:hLaFAe;KFlBO:UuREqb;M2HAEc:eNrnOd;EA1gQ:OQvruc;KyPa0e:Gz3GTb;rcuQ6b:npT2md;FzBHae:jqXFie;al5F3e:CgtGRb;eS1ZFf:CgtGRb\">\n<div class=\"tw-src-ltr\" id=\"tw-ob\">\n<div class=\"oSioSc\">\n<div id=\"tw-target\">\n<div id=\"kAz1tf\" class=\"g9WsWb PZPZlf\" data-attrid=\"tw-targetArea\" data-entityname=\"Google Translate\">\n<div class=\"tw-ta-container F0azHf tw-nfl\" id=\"tw-target-text-container\" tabindex=\"0\">\n<p class=\"tw-data-text tw-text-large tw-ta\" data-placeholder=\"Traduzione\" id=\"tw-target-text\" aria-label=\"Testo tradotto\" data-ved=\"2ahUKEwjblsbz3K2HAxV7hP0HHcPvBlIQ3ewLegQIBRAU\" dir=\"ltr\" style=\"text-align: justify;\"><span class=\"Y2IQFc\" lang=\"es\">OSA Next es una empresa de prestaci\u00f3n de servicios que se ocupa de identificar y adoptar las respuestas m\u00e1s adecuadas a los nuevos escenarios competitivos que se est\u00e1n gestando en el \u00e1mbito del cuidado domiciliario.<\/span><\/p>\n<\/div>\n<div class=\"tw-target-rmn tw-ta-container F0azHf tw-nfl\" id=\"tw-target-rmn-container\">\n<pre class=\"tw-data-placeholder tw-text-small tw-ta\" data-placeholder=\"\" id=\"tw-target-rmn\" dir=\"ltr\"><span class=\"Y2IQFc\"><\/span><\/pre>\n<\/div>\n<div jsname=\"fek9E\" class=\"iYB33c\">\n<div class=\"dlJLJe\">\n<div jscontroller=\"RXaBU\" data-cviv=\"false\" jsaction=\"R4nmZb:npT2md;C1RXse:PoUyQd\" data-ved=\"2ahUKEwjblsbz3K2HAxV7hP0HHcPvBlIQz_AEegQIBRAV\"><\/div>\n<\/div>\n<\/div>\n<\/div>\n<\/div>\n<\/div>\n<\/div>\n<div jsaction=\"iJE3Ge:yuFC7d;DmzWq:nuBux\">\n<p>&nbsp;<\/p>\n<div jsname=\"gI9xcc\" jsslot=\"1\"><\/div>\n<p>&nbsp;<\/p>\n<\/div>\n<\/div>\n<\/div>\n<p>&nbsp;<\/p>\n<div class=\"KFFQ0c xKf9F\"><\/div>\n<p>[\/et_pb_text][\/et_pb_column][et_pb_column type=\u00bb1_3&#8243; _builder_version=\u00bb4.16&#8243; _module_preset=\u00bbdefault\u00bb global_colors_info=\u00bb{}\u00bb][et_pb_image src=\u00bbhttps:\/\/www.osa.coop\/wp-content\/uploads\/2024\/07\/coomunica-logo-GRIGIO.png\u00bb title_text=\u00bbcoomunica-logo-GRIGIO\u00bb url=\u00bbhttps:\/\/coomunica.it\/\u00bb _builder_version=\u00bb4.24.2&#8243; _module_preset=\u00bbdefault\u00bb global_colors_info=\u00bb{}\u00bb][\/et_pb_image][et_pb_text _builder_version=\u00bb4.24.2&#8243; _module_preset=\u00bbdefault\u00bb global_colors_info=\u00bb{}\u00bb]<\/p>\n<p style=\"text-align: center;\"><b>COOMUNICA<\/b><\/p>\n<p class=\"tw-data-text tw-text-large tw-ta\" data-placeholder=\"Traduzione\" id=\"tw-target-text\" aria-label=\"Testo tradotto\" data-ved=\"2ahUKEwjblsbz3K2HAxV7hP0HHcPvBlIQ3ewLegQIBRAU\" dir=\"ltr\" style=\"text-align: justify;\"><span class=\"Y2IQFc\" lang=\"es\">Fundada en 2024, Coomunica ofrece servicios de comunicaci\u00f3n y marketing a empresas de la red OSA y a entidades empresariales presentes en el mercado, con especial atenci\u00f3n al mundo cooperativo.<\/span><\/p>\n<p>[\/et_pb_text][\/et_pb_column][\/et_pb_row][\/et_pb_section]<\/p>\n","protected":false},"excerpt":{"rendered":"<p><span><span><a href=\"https:\/\/www.osa.coop\/es\/\">Home<\/a><\/span><\/span>LA RED OSAUna red que genera trabajo y valor a\u00f1adido.COOPERATIVA SOCIALE IUVENES SOCIEDAD COOPERATIVA DE TIPO B Instituida en 1988 con el fin de facilitar la inserci\u00f3n en el mundo laboral de personas desfavorecidas, la cooperativa social brinda servicios de apoyo a las empresas.CONSORCIO DE ATENCI\u00d3N PRIMARIA SOCIEDAD COOPERATIVA SOCIAL Instituido en 2012, el consorcio [&hellip;]<\/p>\n","protected":false},"author":1,"featured_media":0,"parent":0,"menu_order":0,"comment_status":"closed","ping_status":"closed","template":"","meta":{"_et_pb_use_builder":"on","_et_pb_old_content":"","_et_gb_content_width":"","footnotes":""},"class_list":["post-34746","page","type-page","status-publish","hentry"],"yoast_head":"<!-- This site is optimized with the Yoast SEO plugin v26.6 - https:\/\/yoast.com\/wordpress\/plugins\/seo\/ -->\n<title>La red - OSA coop<\/title>\n<meta name=\"robots\" content=\"index, follow, max-snippet:-1, max-image-preview:large, max-video-preview:-1\" \/>\n<link rel=\"canonical\" href=\"https:\/\/www.osa.coop\/es\/la-red\/\" \/>\n<meta property=\"og:locale\" content=\"es_ES\" \/>\n<meta property=\"og:type\" content=\"article\" \/>\n<meta property=\"og:title\" content=\"La red - OSA coop\" \/>\n<meta property=\"og:description\" content=\"LA RED OSAUna red que genera trabajo y valor a\u00f1adido.COOPERATIVA SOCIALE IUVENES SOCIEDAD COOPERATIVA DE TIPO B Instituida en 1988 con el fin de facilitar la inserci\u00f3n en el mundo laboral de personas desfavorecidas, la cooperativa social brinda servicios de apoyo a las empresas.CONSORCIO DE ATENCI\u00d3N PRIMARIA SOCIEDAD COOPERATIVA SOCIAL Instituido en 2012, el consorcio [&hellip;]\" \/>\n<meta property=\"og:url\" content=\"https:\/\/www.osa.coop\/es\/la-red\/\" \/>\n<meta property=\"og:site_name\" content=\"OSA coop\" \/>\n<meta property=\"article:modified_time\" content=\"2024-08-30T12:08:12+00:00\" \/>\n<meta name=\"twitter:card\" content=\"summary_large_image\" \/>\n<meta name=\"twitter:label1\" content=\"Tiempo de lectura\" \/>\n\t<meta name=\"twitter:data1\" content=\"8 minutos\" \/>\n<script type=\"application\/ld+json\" class=\"yoast-schema-graph\">{\"@context\":\"https:\/\/schema.org\",\"@graph\":[{\"@type\":\"WebPage\",\"@id\":\"https:\/\/www.osa.coop\/es\/la-red\/\",\"url\":\"https:\/\/www.osa.coop\/es\/la-red\/\",\"name\":\"La red - OSA coop\",\"isPartOf\":{\"@id\":\"https:\/\/www.osa.coop\/es\/#website\"},\"datePublished\":\"2022-02-25T07:47:21+00:00\",\"dateModified\":\"2024-08-30T12:08:12+00:00\",\"breadcrumb\":{\"@id\":\"https:\/\/www.osa.coop\/es\/la-red\/#breadcrumb\"},\"inLanguage\":\"es\",\"potentialAction\":[{\"@type\":\"ReadAction\",\"target\":[\"https:\/\/www.osa.coop\/es\/la-red\/\"]}]},{\"@type\":\"BreadcrumbList\",\"@id\":\"https:\/\/www.osa.coop\/es\/la-red\/#breadcrumb\",\"itemListElement\":[{\"@type\":\"ListItem\",\"position\":1,\"name\":\"Home\",\"item\":\"https:\/\/www.osa.coop\/es\/\"},{\"@type\":\"ListItem\",\"position\":2,\"name\":\"La red\"}]},{\"@type\":\"WebSite\",\"@id\":\"https:\/\/www.osa.coop\/es\/#website\",\"url\":\"https:\/\/www.osa.coop\/es\/\",\"name\":\"OSA coop\",\"description\":\"Operatori Sanitari Associati\",\"potentialAction\":[{\"@type\":\"SearchAction\",\"target\":{\"@type\":\"EntryPoint\",\"urlTemplate\":\"https:\/\/www.osa.coop\/es\/?s={search_term_string}\"},\"query-input\":{\"@type\":\"PropertyValueSpecification\",\"valueRequired\":true,\"valueName\":\"search_term_string\"}}],\"inLanguage\":\"es\"}]}<\/script>\n<!-- \/ Yoast SEO plugin. -->","yoast_head_json":{"title":"La red - OSA coop","robots":{"index":"index","follow":"follow","max-snippet":"max-snippet:-1","max-image-preview":"max-image-preview:large","max-video-preview":"max-video-preview:-1"},"canonical":"https:\/\/www.osa.coop\/es\/la-red\/","og_locale":"es_ES","og_type":"article","og_title":"La red - OSA coop","og_description":"LA RED OSAUna red que genera trabajo y valor a\u00f1adido.COOPERATIVA SOCIALE IUVENES SOCIEDAD COOPERATIVA DE TIPO B Instituida en 1988 con el fin de facilitar la inserci\u00f3n en el mundo laboral de personas desfavorecidas, la cooperativa social brinda servicios de apoyo a las empresas.CONSORCIO DE ATENCI\u00d3N PRIMARIA SOCIEDAD COOPERATIVA SOCIAL Instituido en 2012, el consorcio [&hellip;]","og_url":"https:\/\/www.osa.coop\/es\/la-red\/","og_site_name":"OSA coop","article_modified_time":"2024-08-30T12:08:12+00:00","twitter_card":"summary_large_image","twitter_misc":{"Tiempo de lectura":"8 minutos"},"schema":{"@context":"https:\/\/schema.org","@graph":[{"@type":"WebPage","@id":"https:\/\/www.osa.coop\/es\/la-red\/","url":"https:\/\/www.osa.coop\/es\/la-red\/","name":"La red - OSA coop","isPartOf":{"@id":"https:\/\/www.osa.coop\/es\/#website"},"datePublished":"2022-02-25T07:47:21+00:00","dateModified":"2024-08-30T12:08:12+00:00","breadcrumb":{"@id":"https:\/\/www.osa.coop\/es\/la-red\/#breadcrumb"},"inLanguage":"es","potentialAction":[{"@type":"ReadAction","target":["https:\/\/www.osa.coop\/es\/la-red\/"]}]},{"@type":"BreadcrumbList","@id":"https:\/\/www.osa.coop\/es\/la-red\/#breadcrumb","itemListElement":[{"@type":"ListItem","position":1,"name":"Home","item":"https:\/\/www.osa.coop\/es\/"},{"@type":"ListItem","position":2,"name":"La red"}]},{"@type":"WebSite","@id":"https:\/\/www.osa.coop\/es\/#website","url":"https:\/\/www.osa.coop\/es\/","name":"OSA coop","description":"Operatori Sanitari Associati","potentialAction":[{"@type":"SearchAction","target":{"@type":"EntryPoint","urlTemplate":"https:\/\/www.osa.coop\/es\/?s={search_term_string}"},"query-input":{"@type":"PropertyValueSpecification","valueRequired":true,"valueName":"search_term_string"}}],"inLanguage":"es"}]}},"_links":{"self":[{"href":"https:\/\/www.osa.coop\/es\/wp-json\/wp\/v2\/pages\/34746","targetHints":{"allow":["GET"]}}],"collection":[{"href":"https:\/\/www.osa.coop\/es\/wp-json\/wp\/v2\/pages"}],"about":[{"href":"https:\/\/www.osa.coop\/es\/wp-json\/wp\/v2\/types\/page"}],"author":[{"embeddable":true,"href":"https:\/\/www.osa.coop\/es\/wp-json\/wp\/v2\/users\/1"}],"replies":[{"embeddable":true,"href":"https:\/\/www.osa.coop\/es\/wp-json\/wp\/v2\/comments?post=34746"}],"version-history":[{"count":32,"href":"https:\/\/www.osa.coop\/es\/wp-json\/wp\/v2\/pages\/34746\/revisions"}],"predecessor-version":[{"id":38851,"href":"https:\/\/www.osa.coop\/es\/wp-json\/wp\/v2\/pages\/34746\/revisions\/38851"}],"wp:attachment":[{"href":"https:\/\/www.osa.coop\/es\/wp-json\/wp\/v2\/media?parent=34746"}],"curies":[{"name":"wp","href":"https:\/\/api.w.org\/{rel}","templated":true}]}}