{"id":34754,"date":"2022-02-25T09:50:04","date_gmt":"2022-02-25T08:50:04","guid":{"rendered":"https:\/\/www.osa.coop\/la-cooperativa\/"},"modified":"2025-07-09T16:55:24","modified_gmt":"2025-07-09T14:55:24","slug":"la-cooperativa","status":"publish","type":"page","link":"https:\/\/www.osa.coop\/es\/la-cooperativa\/","title":{"rendered":"La cooperativa"},"content":{"rendered":"<p>[et_pb_section fb_built=\u00bb1&#8243; _builder_version=\u00bb4.16&#8243; _module_preset=\u00bbdefault\u00bb background_color=\u00bb#3b3b3b\u00bb custom_margin=\u00bb0px||0px||false|false\u00bb custom_padding=\u00bb0px||0px||false|false\u00bb global_colors_info=\u00bb{}\u00bb][et_pb_row _builder_version=\u00bb4.16&#8243; _module_preset=\u00bbdefault\u00bb width=\u00bb94%\u00bb max_width=\u00bb94%\u00bb custom_margin=\u00bb0px||0px||false|false\u00bb custom_padding=\u00bb5px||5px||false|false\u00bb global_colors_info=\u00bb{}\u00bb][et_pb_column type=\u00bb4_4&#8243; _builder_version=\u00bb4.16&#8243; _module_preset=\u00bbdefault\u00bb global_colors_info=\u00bb{}\u00bb][et_pb_code module_class=\u00bbx-breadcrumb\u00bb _builder_version=\u00bb4.16&#8243; _module_preset=\u00bbdefault\u00bb global_colors_info=\u00bb{}\u00bb]<span><span><a href=\"https:\/\/www.osa.coop\/es\/\">Home<\/a><\/span><\/span>[\/et_pb_code][\/et_pb_column][\/et_pb_row][\/et_pb_section][et_pb_section fb_built=\u00bb1&#8243; next_background_color=\u00bb#ffffff\u00bb admin_label=\u00bbHero Section\u00bb _builder_version=\u00bb4.16&#8243; use_background_color_gradient=\u00bbon\u00bb background_color_gradient_stops=\u00bbrgba(0,0,0,0.4) 0%|rgba(0,0,0,0.4) 100%\u00bb background_color_gradient_overlays_image=\u00bbon\u00bb background_color_gradient_start=\u00bbrgba(0,0,0,0.4)\u00bb background_color_gradient_end=\u00bbrgba(0,0,0,0.4)\u00bb background_image=\u00bbhttps:\/\/www.osa.coop\/wp-content\/uploads\/2022\/06\/WhatsApp-Image-2022-06-27-at-19.00.06-1.jpeg\u00bb custom_padding=\u00bb6%||6%|\u00bb filter_saturate=\u00bb91%\u00bb filter_brightness=\u00bb157%\u00bb bottom_divider_style=\u00bbslant\u00bb bottom_divider_height=\u00bb60px\u00bb global_colors_info=\u00bb{}\u00bb background_color_gradient_direction__hover=\u00bb180deg\u00bb background_color_gradient_direction__hover_enabled=\u00bb180deg\u00bb background_color_gradient_start_position__hover=\u00bb0%\u00bb background_color_gradient_start_position__hover_enabled=\u00bb0%\u00bb background_color_gradient_end_position__hover=\u00bb100%\u00bb background_color_gradient_end_position__hover_enabled=\u00bb100%\u00bb background_color_gradient_stops__hover=\u00bbrgba(0,0,0,0.4) 0%|rgba(0,0,0,0.4) 100%\u00bb][\/et_pb_section][et_pb_section fb_built=\u00bb1&#8243; admin_label=\u00bbAbout Me Section\u00bb _builder_version=\u00bb4.16&#8243; custom_padding=\u00bb5px||110px|||\u00bb global_colors_info=\u00bb{}\u00bb][et_pb_row admin_label=\u00bbT\u00edtulo\u00bb _builder_version=\u00bb4.16&#8243; custom_margin=\u00bb|||\u00bb custom_padding=\u00bb||0px|\u00bb global_colors_info=\u00bb{}\u00bb][et_pb_column type=\u00bb4_4&#8243; _builder_version=\u00bb4.16&#8243; custom_padding=\u00bb|||\u00bb global_colors_info=\u00bb{}\u00bb custom_padding__hover=\u00bb|||\u00bb][et_pb_divider show_divider=\u00bboff\u00bb _builder_version=\u00bb4.16&#8243; max_width=\u00bb23px\u00bb module_alignment=\u00bbcenter\u00bb animation_style=\u00bbslide\u00bb animation_intensity_slide=\u00bb20%\u00bb animation_starting_opacity=\u00bb100%\u00bb global_colors_info=\u00bb{}\u00bb][\/et_pb_divider][\/et_pb_column][\/et_pb_row][et_pb_row column_structure=\u00bb1_5,3_5,1_5&#8243; admin_label=\u00bbSobre m\u00ed\u00bb _builder_version=\u00bb4.16&#8243; custom_margin=\u00bb-4px|auto||auto||\u00bb global_colors_info=\u00bb{}\u00bb][et_pb_column type=\u00bb1_5&#8243; _builder_version=\u00bb4.16&#8243; _module_preset=\u00bbdefault\u00bb global_colors_info=\u00bb{}\u00bb][et_pb_image src=\u00bbhttps:\/\/www.osa.coop\/wp-content\/uploads\/2025\/07\/resoconto-sociale-2024-.jpeg\u00bb title_text=\u00bbresoconto sociale 2024&#8243; url=\u00bb https:\/\/www.osa.coop\/&#8230;\/2025\/06\/Resoconto-Sociale-2024.pdf\u00bb url_new_window=\u00bbon\u00bb _builder_version=\u00bb4.24.2&#8243; _module_preset=\u00bbdefault\u00bb hover_enabled=\u00bb0&#8243; global_colors_info=\u00bb{}\u00bb sticky_enabled=\u00bb0&#8243;][\/et_pb_image][et_pb_text _builder_version=\u00bb4.24.2&#8243; _module_preset=\u00bbdefault\u00bb hover_enabled=\u00bb0&#8243; global_colors_info=\u00bb{}\u00bb sticky_enabled=\u00bb0&#8243;]<\/p>\n<p><strong><a href=\"https:\/\/www.osa.coop\/...\/2025\/06\/Resoconto-Sociale-2024.pdf\" target=\"_blank\" rel=\"noopener noreferrer\">Descarga el Balance Corporativo de OSA<\/a><\/strong><\/p>\n<p>[\/et_pb_text][\/et_pb_column][et_pb_column type=\u00bb3_5&#8243; _builder_version=\u00bb4.16&#8243; custom_padding=\u00bb|||\u00bb global_colors_info=\u00bb{}\u00bb custom_padding__hover=\u00bb|||\u00bb][et_pb_text _builder_version=\u00bb4.24.2&#8243; _module_preset=\u00bbdefault\u00bb hover_enabled=\u00bb0&#8243; global_colors_info=\u00bb{}\u00bb sticky_enabled=\u00bb0&#8243;]<\/p>\n<h2 class=\"p1\"><strong>OSA: al servicio de la salud desde hace<span class=\"Y2IQFc\" lang=\"es\">\u00a0<\/span>40 a\u00f1os <\/strong><\/h2>\n<p>La cooperativa de operadores sociosanitarios asociados OSA (Cooperativa Sociale e di Lavoro OSA &#8211; Operatori Sanitari Associati) brinda asistencia sociosanitaria a domicilio y en los centros que administra en todo el territorio nacional. Adem\u00e1s, se une al Sistema Nacional de Salud para desempe\u00f1ar actividades de coordinaci\u00f3n y apoyo en algunos departamentos de los hospitales italianos m\u00e1s importantes.<\/p>\n<p>OSA est\u00e1 presente en Lombard\u00eda, en los Abruzos, en el Lacio, in Campania y la Basilica,\u00a0en Apulia, Sicilia y Cerde\u00f1a y, cada d\u00eda, atiende a casi 50.000 personas gracias al compromiso y a la entrega de m\u00e1s de 3.000 profesionales de la salud que siempre han sido el pilar de la Cooperativa.<\/p>\n<p>Con 40 a\u00f1os de historia y experiencia en el sector de la atenci\u00f3n primaria, OSA proporciona numerosos servicios sociosanitarios:<\/p>\n<p><span><\/span><\/p>\n<ul type=\"disc\">\n<li><span style=\"color: #ff9900;\"><a href=\"https:\/\/www.osa.coop\/es\/los-servicios\/asistencia-domiciliaria\/\" style=\"color: #ff9900;\">Asistencia Domiciliaria Integrada (ADI) <\/a><\/span><\/li>\n<li><span style=\"color: #ff9900;\"><a href=\"https:\/\/www.osa.coop\/es\/los-servicios\/residencias\/\" style=\"color: #ff9900;\">Gesti\u00f3n de Residencias <\/a><\/span><\/li>\n<li><span style=\"color: #ff9900;\"><a href=\"https:\/\/www.osa.coop\/es\/los-servicios\/rehabilitacion\/\" style=\"color: #ff9900;\">Centros de Rehabilitaci\u00f3n <\/a><\/span><\/li>\n<li><span style=\"color: #ff9900;\"><a href=\"https:\/\/www.osa.coop\/es\/los-servicios\/servicios-socioasistenciales\/\" style=\"color: #ff9900;\">Servicios Socioasistenciales <\/a><\/span><\/li>\n<li><span style=\"color: #ff9900;\"><a href=\"https:\/\/www.osa.coop\/es\/los-servicios\/servicios-hospitalarios\/\" style=\"color: #ff9900;\">Servicios Hospitalarios <\/a><\/span><\/li>\n<\/ul>\n<p>[\/et_pb_text][et_pb_text _builder_version=\u00bb4.16&#8243; text_font=\u00bb||||||||\u00bb text_font_size=\u00bb16px\u00bb text_line_height=\u00bb1.8em\u00bb header_font=\u00bb||||||||\u00bb max_width=\u00bb90%\u00bb custom_margin=\u00bb|||\u00bb animation_style=\u00bbflip\u00bb animation_direction=\u00bbleft\u00bb animation_intensity_flip=\u00bb30%\u00bb animation_starting_opacity=\u00bb100%\u00bb global_colors_info=\u00bb{}\u00bb][\/et_pb_text][\/et_pb_column][et_pb_column type=\u00bb1_5&#8243; _builder_version=\u00bb4.16&#8243; custom_padding=\u00bb|||\u00bb global_colors_info=\u00bb{}\u00bb custom_padding__hover=\u00bb|||\u00bb][et_pb_image src=\u00bbhttps:\/\/www.osa.coop\/wp-content\/uploads\/2025\/07\/50milavolti-editionm.png\u00bb title_text=\u00bb50milavolti editionm\u00bb url=\u00bbhttps:\/\/www.osa.coop\/wp-content\/uploads\/2025\/06\/50MILA-VOLTI_06_2025.pdf\u00bb url_new_window=\u00bbon\u00bb _builder_version=\u00bb4.24.2&#8243; _module_preset=\u00bbdefault\u00bb hover_enabled=\u00bb0&#8243; global_colors_info=\u00bb{}\u00bb sticky_enabled=\u00bb0&#8243;][\/et_pb_image][et_pb_text _builder_version=\u00bb4.24.2&#8243; _module_preset=\u00bbdefault\u00bb hover_enabled=\u00bb0&#8243; global_colors_info=\u00bb{}\u00bb sticky_enabled=\u00bb0&#8243;]<\/p>\n<p><a href=\"https:\/\/www.osa.coop\/wp-content\/uploads\/2025\/06\/50MILA-VOLTI_06_2025.pdf\">Lee en l\u00edneael nuevo numero de la revista 50MILA VOLTI.<\/a><\/p>\n<p><span><\/span><\/p>\n<p>[\/et_pb_text][\/et_pb_column][\/et_pb_row][\/et_pb_section]<\/p>\n","protected":false},"excerpt":{"rendered":"<p><span><span><a href=\"https:\/\/www.osa.coop\/es\/\">Home<\/a><\/span><\/span>Descarga el Balance Corporativo de OSAOSA: al servicio de la salud desde hace\u00a040 a\u00f1os La cooperativa de operadores sociosanitarios asociados OSA (Cooperativa Sociale e di Lavoro OSA &#8211; Operatori Sanitari Associati) brinda asistencia sociosanitaria a domicilio y en los centros que administra en todo el territorio nacional. Adem\u00e1s, se une al Sistema Nacional de Salud [&hellip;]<\/p>\n","protected":false},"author":1,"featured_media":0,"parent":0,"menu_order":0,"comment_status":"closed","ping_status":"closed","template":"","meta":{"_et_pb_use_builder":"on","_et_pb_old_content":"","_et_gb_content_width":"","footnotes":""},"class_list":["post-34754","page","type-page","status-publish","hentry"],"yoast_head":"<!-- This site is optimized with the Yoast SEO plugin v26.6 - https:\/\/yoast.com\/wordpress\/plugins\/seo\/ -->\n<title>La cooperativa - OSA coop<\/title>\n<meta name=\"robots\" content=\"index, follow, max-snippet:-1, max-image-preview:large, max-video-preview:-1\" \/>\n<link rel=\"canonical\" href=\"https:\/\/www.osa.coop\/es\/la-cooperativa\/\" \/>\n<meta property=\"og:locale\" content=\"es_ES\" \/>\n<meta property=\"og:type\" content=\"article\" \/>\n<meta property=\"og:title\" content=\"La cooperativa - OSA coop\" \/>\n<meta property=\"og:description\" content=\"Descarga el Balance Corporativo de OSAOSA: al servicio de la salud desde hace\u00a040 a\u00f1os La cooperativa de operadores sociosanitarios asociados OSA (Cooperativa Sociale e di Lavoro OSA - Operatori Sanitari Associati) brinda asistencia sociosanitaria a domicilio y en los centros que administra en todo el territorio nacional. Adem\u00e1s, se une al Sistema Nacional de Salud [&hellip;]\" \/>\n<meta property=\"og:url\" content=\"https:\/\/www.osa.coop\/es\/la-cooperativa\/\" \/>\n<meta property=\"og:site_name\" content=\"OSA coop\" \/>\n<meta property=\"article:modified_time\" content=\"2025-07-09T14:55:24+00:00\" \/>\n<meta name=\"twitter:card\" content=\"summary_large_image\" \/>\n<meta name=\"twitter:label1\" content=\"Tiempo de lectura\" \/>\n\t<meta name=\"twitter:data1\" content=\"4 minutos\" \/>\n<script type=\"application\/ld+json\" class=\"yoast-schema-graph\">{\"@context\":\"https:\/\/schema.org\",\"@graph\":[{\"@type\":\"WebPage\",\"@id\":\"https:\/\/www.osa.coop\/es\/la-cooperativa\/\",\"url\":\"https:\/\/www.osa.coop\/es\/la-cooperativa\/\",\"name\":\"La cooperativa - OSA coop\",\"isPartOf\":{\"@id\":\"https:\/\/www.osa.coop\/es\/#website\"},\"datePublished\":\"2022-02-25T08:50:04+00:00\",\"dateModified\":\"2025-07-09T14:55:24+00:00\",\"breadcrumb\":{\"@id\":\"https:\/\/www.osa.coop\/es\/la-cooperativa\/#breadcrumb\"},\"inLanguage\":\"es\",\"potentialAction\":[{\"@type\":\"ReadAction\",\"target\":[\"https:\/\/www.osa.coop\/es\/la-cooperativa\/\"]}]},{\"@type\":\"BreadcrumbList\",\"@id\":\"https:\/\/www.osa.coop\/es\/la-cooperativa\/#breadcrumb\",\"itemListElement\":[{\"@type\":\"ListItem\",\"position\":1,\"name\":\"Home\",\"item\":\"https:\/\/www.osa.coop\/es\/\"},{\"@type\":\"ListItem\",\"position\":2,\"name\":\"La cooperativa\"}]},{\"@type\":\"WebSite\",\"@id\":\"https:\/\/www.osa.coop\/es\/#website\",\"url\":\"https:\/\/www.osa.coop\/es\/\",\"name\":\"OSA coop\",\"description\":\"Operatori Sanitari Associati\",\"potentialAction\":[{\"@type\":\"SearchAction\",\"target\":{\"@type\":\"EntryPoint\",\"urlTemplate\":\"https:\/\/www.osa.coop\/es\/?s={search_term_string}\"},\"query-input\":{\"@type\":\"PropertyValueSpecification\",\"valueRequired\":true,\"valueName\":\"search_term_string\"}}],\"inLanguage\":\"es\"}]}<\/script>\n<!-- \/ Yoast SEO plugin. -->","yoast_head_json":{"title":"La cooperativa - OSA coop","robots":{"index":"index","follow":"follow","max-snippet":"max-snippet:-1","max-image-preview":"max-image-preview:large","max-video-preview":"max-video-preview:-1"},"canonical":"https:\/\/www.osa.coop\/es\/la-cooperativa\/","og_locale":"es_ES","og_type":"article","og_title":"La cooperativa - OSA coop","og_description":"Descarga el Balance Corporativo de OSAOSA: al servicio de la salud desde hace\u00a040 a\u00f1os La cooperativa de operadores sociosanitarios asociados OSA (Cooperativa Sociale e di Lavoro OSA - Operatori Sanitari Associati) brinda asistencia sociosanitaria a domicilio y en los centros que administra en todo el territorio nacional. Adem\u00e1s, se une al Sistema Nacional de Salud [&hellip;]","og_url":"https:\/\/www.osa.coop\/es\/la-cooperativa\/","og_site_name":"OSA coop","article_modified_time":"2025-07-09T14:55:24+00:00","twitter_card":"summary_large_image","twitter_misc":{"Tiempo de lectura":"4 minutos"},"schema":{"@context":"https:\/\/schema.org","@graph":[{"@type":"WebPage","@id":"https:\/\/www.osa.coop\/es\/la-cooperativa\/","url":"https:\/\/www.osa.coop\/es\/la-cooperativa\/","name":"La cooperativa - OSA coop","isPartOf":{"@id":"https:\/\/www.osa.coop\/es\/#website"},"datePublished":"2022-02-25T08:50:04+00:00","dateModified":"2025-07-09T14:55:24+00:00","breadcrumb":{"@id":"https:\/\/www.osa.coop\/es\/la-cooperativa\/#breadcrumb"},"inLanguage":"es","potentialAction":[{"@type":"ReadAction","target":["https:\/\/www.osa.coop\/es\/la-cooperativa\/"]}]},{"@type":"BreadcrumbList","@id":"https:\/\/www.osa.coop\/es\/la-cooperativa\/#breadcrumb","itemListElement":[{"@type":"ListItem","position":1,"name":"Home","item":"https:\/\/www.osa.coop\/es\/"},{"@type":"ListItem","position":2,"name":"La cooperativa"}]},{"@type":"WebSite","@id":"https:\/\/www.osa.coop\/es\/#website","url":"https:\/\/www.osa.coop\/es\/","name":"OSA coop","description":"Operatori Sanitari Associati","potentialAction":[{"@type":"SearchAction","target":{"@type":"EntryPoint","urlTemplate":"https:\/\/www.osa.coop\/es\/?s={search_term_string}"},"query-input":{"@type":"PropertyValueSpecification","valueRequired":true,"valueName":"search_term_string"}}],"inLanguage":"es"}]}},"_links":{"self":[{"href":"https:\/\/www.osa.coop\/es\/wp-json\/wp\/v2\/pages\/34754","targetHints":{"allow":["GET"]}}],"collection":[{"href":"https:\/\/www.osa.coop\/es\/wp-json\/wp\/v2\/pages"}],"about":[{"href":"https:\/\/www.osa.coop\/es\/wp-json\/wp\/v2\/types\/page"}],"author":[{"embeddable":true,"href":"https:\/\/www.osa.coop\/es\/wp-json\/wp\/v2\/users\/1"}],"replies":[{"embeddable":true,"href":"https:\/\/www.osa.coop\/es\/wp-json\/wp\/v2\/comments?post=34754"}],"version-history":[{"count":33,"href":"https:\/\/www.osa.coop\/es\/wp-json\/wp\/v2\/pages\/34754\/revisions"}],"predecessor-version":[{"id":39648,"href":"https:\/\/www.osa.coop\/es\/wp-json\/wp\/v2\/pages\/34754\/revisions\/39648"}],"wp:attachment":[{"href":"https:\/\/www.osa.coop\/es\/wp-json\/wp\/v2\/media?parent=34754"}],"curies":[{"name":"wp","href":"https:\/\/api.w.org\/{rel}","templated":true}]}}