{"id":34771,"date":"2022-02-25T15:48:11","date_gmt":"2022-02-25T14:48:11","guid":{"rendered":"https:\/\/www.osa.coop\/la-cooperativa\/nosotros\/"},"modified":"2025-07-09T16:49:46","modified_gmt":"2025-07-09T14:49:46","slug":"nosotros","status":"publish","type":"page","link":"https:\/\/www.osa.coop\/es\/la-cooperativa\/nosotros\/","title":{"rendered":"Qui\u00e9nes somos"},"content":{"rendered":"<p>[et_pb_section fb_built=\u00bb1&#8243; _builder_version=\u00bb4.16&#8243; _module_preset=\u00bbdefault\u00bb background_color=\u00bb#3b3b3b\u00bb custom_margin=\u00bb0px||0px||false|false\u00bb custom_padding=\u00bb0px||0px||false|false\u00bb global_colors_info=\u00bb{}\u00bb][et_pb_row _builder_version=\u00bb4.16&#8243; _module_preset=\u00bbdefault\u00bb width=\u00bb94%\u00bb max_width=\u00bb94%\u00bb custom_margin=\u00bb0px||0px||false|false\u00bb custom_padding=\u00bb5px||5px||false|false\u00bb global_colors_info=\u00bb{}\u00bb][et_pb_column type=\u00bb4_4&#8243; _builder_version=\u00bb4.16&#8243; _module_preset=\u00bbdefault\u00bb global_colors_info=\u00bb{}\u00bb][et_pb_code module_class=\u00bbx-breadcrumb\u00bb _builder_version=\u00bb4.16&#8243; _module_preset=\u00bbdefault\u00bb global_colors_info=\u00bb{}\u00bb]<span><span><a href=\"https:\/\/www.osa.coop\/es\/\">Home<\/a><\/span><\/span>[\/et_pb_code][\/et_pb_column][\/et_pb_row][\/et_pb_section][et_pb_section fb_built=\u00bb1&#8243; _builder_version=\u00bb4.16&#8243; _module_preset=\u00bbdefault\u00bb custom_padding=\u00bb||0px|||\u00bb global_colors_info=\u00bb{}\u00bb][et_pb_row column_structure=\u00bb1_3,2_3&#8243; _builder_version=\u00bb4.16&#8243; _module_preset=\u00bbdefault\u00bb animation_style=\u00bbzoom\u00bb global_colors_info=\u00bb{}\u00bb][et_pb_column type=\u00bb1_3&#8243; _builder_version=\u00bb4.16&#8243; _module_preset=\u00bbdefault\u00bb global_colors_info=\u00bb{}\u00bb][et_pb_image src=\u00bbhttps:\/\/www.osa.coop\/wp-content\/uploads\/2020\/10\/garage.png\u00bb title_text=\u00bbgarage\u00bb _builder_version=\u00bb4.16&#8243; _module_preset=\u00bbdefault\u00bb global_colors_info=\u00bb{}\u00bb][\/et_pb_image][\/et_pb_column][et_pb_column type=\u00bb2_3&#8243; _builder_version=\u00bb4.16&#8243; _module_preset=\u00bbdefault\u00bb global_colors_info=\u00bb{}\u00bb][et_pb_text _builder_version=\u00bb4.24.2&#8243; _module_preset=\u00bbdefault\u00bb hover_enabled=\u00bb0&#8243; global_colors_info=\u00bb{}\u00bb sticky_enabled=\u00bb0&#8243;]<\/p>\n<h3 class=\"p1\" style=\"text-align: justify;\"><span class=\"s1\"><b>40 a\u00f1os de historia (y de historias)<\/b><\/span><\/h3>\n<h4 class=\"p1\" style=\"text-align: justify;\">Es el a\u00f1o 1985 y un grupo de j\u00f3venes m\u00e9dicos, psic\u00f3logos y asistentes sociales se re\u00fane en un garage en Tor Vergata, una fracci\u00f3n de Roma, para dar alas a un sue\u00f1o compartido: cuidar a las personas que est\u00e1n enfermas y que no son aut\u00f3nomas. Empezando por la SIDA.<\/h4>\n<p class=\"p1\" style=\"text-align: justify;\">Desde entonces han pasado 40 a\u00f1os y ese sue\u00f1o llamado OSA se ha hecho realidad convirti\u00e9ndose en una de las realidades italianas m\u00e1s significativas en el \u00e1mbito de la salud y de los servicios socioasistenciales. A esos j\u00f3venes, ahora la clase dirigente de la Cooperativa, se han unido cada vez m\u00e1s profesionales y todos juntos han escrito una incre\u00edble historia de \u00e9xito y humanidad.<\/p>\n<p class=\"p1\" style=\"text-align: justify;\">Una historia que es el resultado de decenas de miles de historias: las de los Socios que trabajan en la cooperativa, las de los Pacientes y de sus familias. Historias que est\u00e1n entrelazadas entre s\u00ed, que vienen de acontecimientos y lugares diferentes pero que hablan un lenguaje com\u00fan, en una evoluci\u00f3n constante que siempre pone a las personas en el centro.<\/p>\n<p>\u00a0Por eso, aunque ha crecido exponencialmente en los \u00faltimos a\u00f1os, llegando a casi 50 mil clientes, m\u00e1s de 3 mil socios y m\u00e1s de 100 millones de euros de facturaci\u00f3n, OSA no ha perdido el sentido de su propia dimensi\u00f3n, que es la del respeto y la m\u00e1xima valor atribuido a cada individuo que lo compone.<\/p>\n<p>[\/et_pb_text][\/et_pb_column][\/et_pb_row][et_pb_row disabled_on=\u00bbon|on|off\u00bb _builder_version=\u00bb4.16&#8243; _module_preset=\u00bbdefault\u00bb global_colors_info=\u00bb{}\u00bb][et_pb_column type=\u00bb4_4&#8243; _builder_version=\u00bb4.16&#8243; _module_preset=\u00bbdefault\u00bb global_colors_info=\u00bb{}\u00bb][et_pb_image src=\u00bbhttps:\/\/www.osa.coop\/wp-content\/uploads\/2025\/07\/Screenshot_8-7-2025_154030_.jpeg\u00bb title_text=\u00bbNUMERI 2023&#8243; _builder_version=\u00bb4.24.2&#8243; _module_preset=\u00bbdefault\u00bb animation_style=\u00bbfold\u00bb animation_duration=\u00bb1950ms\u00bb hover_enabled=\u00bb0&#8243; global_colors_info=\u00bb{}\u00bb sticky_enabled=\u00bb0&#8243;][\/et_pb_image][\/et_pb_column][\/et_pb_row][et_pb_row _builder_version=\u00bb4.16&#8243; _module_preset=\u00bbdefault\u00bb global_colors_info=\u00bb{}\u00bb][et_pb_column type=\u00bb4_4&#8243; _builder_version=\u00bb4.16&#8243; _module_preset=\u00bbdefault\u00bb global_colors_info=\u00bb{}\u00bb][et_pb_divider _builder_version=\u00bb4.16&#8243; _module_preset=\u00bbdefault\u00bb global_colors_info=\u00bb{}\u00bb][\/et_pb_divider][\/et_pb_column][\/et_pb_row][\/et_pb_section][et_pb_section fb_built=\u00bb1&#8243; _builder_version=\u00bb4.16&#8243; _module_preset=\u00bbdefault\u00bb custom_padding=\u00bb0px|||||\u00bb global_colors_info=\u00bb{}\u00bb][et_pb_row _builder_version=\u00bb4.16&#8243; _module_preset=\u00bbdefault\u00bb global_colors_info=\u00bb{}\u00bb][et_pb_column type=\u00bb4_4&#8243; _builder_version=\u00bb4.16&#8243; _module_preset=\u00bbdefault\u00bb global_colors_info=\u00bb{}\u00bb][et_pb_text _builder_version=\u00bb4.16&#8243; _module_preset=\u00bbdefault\u00bb global_colors_info=\u00bb{}\u00bb]<\/p>\n<h2 class=\"p1\" style=\"text-align: center;\"><strong>Los valores que nos inspiran<\/strong><\/h2>\n<p class=\"p1\" style=\"text-align: center;\">Todos los Socios que trabajan en OSA tienen que demonstrar su profesionalidad <br \/>comprometi\u00e9ndose con los valores que constituyen el tejido com\u00fan de todos los componentes y territorios que forman parte de la cooperativa.<\/p>\n<p>[\/et_pb_text][\/et_pb_column][\/et_pb_row][et_pb_row column_structure=\u00bb1_2,1_2&#8243; _builder_version=\u00bb4.16&#8243; _module_preset=\u00bbdefault\u00bb global_colors_info=\u00bb{}\u00bb][et_pb_column type=\u00bb1_2&#8243; _builder_version=\u00bb4.16&#8243; _module_preset=\u00bbdefault\u00bb global_colors_info=\u00bb{}\u00bb][et_pb_text _builder_version=\u00bb4.16&#8243; _module_preset=\u00bbdefault\u00bb global_colors_info=\u00bb{}\u00bb]<\/p>\n<p class=\"p1\"><b>La cooperaci\u00f3n <\/b><\/p>\n<p class=\"p2\" style=\"text-align: justify;\">OSA<span class=\"Apple-converted-space\">  <\/span>&#8211; Operatori Sanitari Associati (literalmente, Operadores Sanitarios Asociados) se basa en los principios del movimiento de cooperaci\u00f3n mundial, en los que todos los Socios tienen iguales derechos y deberes. El objetivo no es remunerar el capital invertido, sino que atender las necesidades del Socio (intercambio mutuo) y de los Pacientes, acorde con los pilares constitucionales y el principio de subsidiariedad que componen el mandato de cooperaci\u00f3n.<\/p>\n<p>[\/et_pb_text][\/et_pb_column][et_pb_column type=\u00bb1_2&#8243; _builder_version=\u00bb4.16&#8243; _module_preset=\u00bbdefault\u00bb global_colors_info=\u00bb{}\u00bb][et_pb_text _builder_version=\u00bb4.16&#8243; _module_preset=\u00bbdefault\u00bb global_colors_info=\u00bb{}\u00bb]<\/p>\n<p class=\"p1\"><b>El aspecto humano del tratamiento <\/b><\/p>\n<p class=\"p2\" style=\"text-align: justify;\">Los objetivos sociales se logran a trav\u00e9s de<span class=\"s1\">servicios socioasistenciales y educativos que apuntan principalmente a satisfacer las necesidades de salud de las personas y a intervenir en situaciones de inadaptaci\u00f3n social de individuos desfavorecidos, con un enfoque que pone a la persona en el centro de todo.<\/span><\/p>\n<p>[\/et_pb_text][\/et_pb_column][\/et_pb_row][et_pb_row column_structure=\u00bb1_2,1_2&#8243; _builder_version=\u00bb4.16&#8243; _module_preset=\u00bbdefault\u00bb global_colors_info=\u00bb{}\u00bb][et_pb_column type=\u00bb1_2&#8243; _builder_version=\u00bb4.16&#8243; _module_preset=\u00bbdefault\u00bb global_colors_info=\u00bb{}\u00bb][et_pb_text _builder_version=\u00bb4.16&#8243; _module_preset=\u00bbdefault\u00bb global_colors_info=\u00bb{}\u00bb]<\/p>\n<p class=\"p1\"><b>Unificaci\u00f3n con el sistema de salud <\/b><\/p>\n<p class=\"p2\" style=\"text-align: justify;\"><span class=\"s1\">Desde el principio, OSA ha apostado por una idea avanzada de medicina de proximidad, considerada como un puente entre el hospital y el territorio, gracias al trabajo conjunto del Sistema Hospitalario y de la atenci\u00f3n primaria (m\u00e9dicos de medicina general, farmacias de servicios, proveedores de asistencia sociosanitaria), superando las dificultades y uniendo las fuerzas para mejorar el Sistema Nacional de Salud.<\/span><\/p>\n<p>[\/et_pb_text][\/et_pb_column][et_pb_column type=\u00bb1_2&#8243; _builder_version=\u00bb4.16&#8243; _module_preset=\u00bbdefault\u00bb global_colors_info=\u00bb{}\u00bb][et_pb_text _builder_version=\u00bb4.16&#8243; _module_preset=\u00bbdefault\u00bb global_colors_info=\u00bb{}\u00bb]<\/p>\n<p class=\"p1\"><b>El m\u00e9todo cient\u00edfico <\/b><\/p>\n<p class=\"p2\" style=\"text-align: justify;\"><span class=\"s1\">Evolucionar significa tambi\u00e9n y sobre todo crecer a nivel profesional. Eso es posible a trav\u00e9s de cursos de formaci\u00f3n continua para los Socios, la investigaci\u00f3n y el desarrollo de nuevas tecnolog\u00edas para la telemedicina y el cuidado de los Pacientes y mediante proyectos realizados en colaboraci\u00f3n con <\/span>organismos de investigaci\u00f3n e instituciones sanitarias con un excelente perfil cient\u00edfico como la Fundaci\u00f3n Ebri (European Brain Research Institute-Rita Levi Montalcini) y el hospital Policlinico Universitario Fondazione Agostino Gemelli.<\/p>\n<p>[\/et_pb_text][\/et_pb_column][\/et_pb_row][et_pb_row _builder_version=\u00bb4.16&#8243; _module_preset=\u00bbdefault\u00bb custom_padding=\u00bb||0px|||\u00bb global_colors_info=\u00bb{}\u00bb][et_pb_column type=\u00bb4_4&#8243; _builder_version=\u00bb4.16&#8243; _module_preset=\u00bbdefault\u00bb global_colors_info=\u00bb{}\u00bb][et_pb_divider _builder_version=\u00bb4.16&#8243; _module_preset=\u00bbdefault\u00bb global_colors_info=\u00bb{}\u00bb][\/et_pb_divider][\/et_pb_column][\/et_pb_row][\/et_pb_section][et_pb_section fb_built=\u00bb1&#8243; admin_label=\u00bbAbout Me Section\u00bb _builder_version=\u00bb4.16&#8243; custom_padding=\u00bb5px||0px|||\u00bb global_colors_info=\u00bb{}\u00bb][\/et_pb_section]<\/p>\n","protected":false},"excerpt":{"rendered":"<p><span><span><a href=\"https:\/\/www.osa.coop\/es\/\">Home<\/a><\/span><\/span>40 a\u00f1os de historia (y de historias) Es el a\u00f1o 1985 y un grupo de j\u00f3venes m\u00e9dicos, psic\u00f3logos y asistentes sociales se re\u00fane en un garage en Tor Vergata, una fracci\u00f3n de Roma, para dar alas a un sue\u00f1o compartido: cuidar a las personas que est\u00e1n enfermas y que no son aut\u00f3nomas. Empezando por la [&hellip;]<\/p>\n","protected":false},"author":1,"featured_media":0,"parent":34754,"menu_order":0,"comment_status":"closed","ping_status":"closed","template":"","meta":{"_et_pb_use_builder":"on","_et_pb_old_content":"","_et_gb_content_width":"","footnotes":""},"class_list":["post-34771","page","type-page","status-publish","hentry"],"yoast_head":"<!-- This site is optimized with the Yoast SEO plugin v26.6 - https:\/\/yoast.com\/wordpress\/plugins\/seo\/ -->\n<title>Qui\u00e9nes somos - OSA coop<\/title>\n<meta name=\"robots\" content=\"index, follow, max-snippet:-1, max-image-preview:large, max-video-preview:-1\" \/>\n<link rel=\"canonical\" href=\"https:\/\/www.osa.coop\/es\/la-cooperativa\/nosotros\/\" \/>\n<meta property=\"og:locale\" content=\"es_ES\" \/>\n<meta property=\"og:type\" content=\"article\" \/>\n<meta property=\"og:title\" content=\"Qui\u00e9nes somos - OSA coop\" \/>\n<meta property=\"og:description\" content=\"40 a\u00f1os de historia (y de historias) Es el a\u00f1o 1985 y un grupo de j\u00f3venes m\u00e9dicos, psic\u00f3logos y asistentes sociales se re\u00fane en un garage en Tor Vergata, una fracci\u00f3n de Roma, para dar alas a un sue\u00f1o compartido: cuidar a las personas que est\u00e1n enfermas y que no son aut\u00f3nomas. Empezando por la [&hellip;]\" \/>\n<meta property=\"og:url\" content=\"https:\/\/www.osa.coop\/es\/la-cooperativa\/nosotros\/\" \/>\n<meta property=\"og:site_name\" content=\"OSA coop\" \/>\n<meta property=\"article:modified_time\" content=\"2025-07-09T14:49:46+00:00\" \/>\n<meta name=\"twitter:card\" content=\"summary_large_image\" \/>\n<meta name=\"twitter:label1\" content=\"Tiempo de lectura\" \/>\n\t<meta name=\"twitter:data1\" content=\"6 minutos\" \/>\n<script type=\"application\/ld+json\" class=\"yoast-schema-graph\">{\"@context\":\"https:\/\/schema.org\",\"@graph\":[{\"@type\":\"WebPage\",\"@id\":\"https:\/\/www.osa.coop\/es\/la-cooperativa\/nosotros\/\",\"url\":\"https:\/\/www.osa.coop\/es\/la-cooperativa\/nosotros\/\",\"name\":\"Qui\u00e9nes somos - OSA coop\",\"isPartOf\":{\"@id\":\"https:\/\/www.osa.coop\/es\/#website\"},\"datePublished\":\"2022-02-25T14:48:11+00:00\",\"dateModified\":\"2025-07-09T14:49:46+00:00\",\"breadcrumb\":{\"@id\":\"https:\/\/www.osa.coop\/es\/la-cooperativa\/nosotros\/#breadcrumb\"},\"inLanguage\":\"es\",\"potentialAction\":[{\"@type\":\"ReadAction\",\"target\":[\"https:\/\/www.osa.coop\/es\/la-cooperativa\/nosotros\/\"]}]},{\"@type\":\"BreadcrumbList\",\"@id\":\"https:\/\/www.osa.coop\/es\/la-cooperativa\/nosotros\/#breadcrumb\",\"itemListElement\":[{\"@type\":\"ListItem\",\"position\":1,\"name\":\"Home\",\"item\":\"https:\/\/www.osa.coop\/es\/\"},{\"@type\":\"ListItem\",\"position\":2,\"name\":\"La cooperativa\",\"item\":\"https:\/\/www.osa.coop\/es\/la-cooperativa\/\"},{\"@type\":\"ListItem\",\"position\":3,\"name\":\"Qui\u00e9nes somos\"}]},{\"@type\":\"WebSite\",\"@id\":\"https:\/\/www.osa.coop\/es\/#website\",\"url\":\"https:\/\/www.osa.coop\/es\/\",\"name\":\"OSA coop\",\"description\":\"Operatori Sanitari Associati\",\"potentialAction\":[{\"@type\":\"SearchAction\",\"target\":{\"@type\":\"EntryPoint\",\"urlTemplate\":\"https:\/\/www.osa.coop\/es\/?s={search_term_string}\"},\"query-input\":{\"@type\":\"PropertyValueSpecification\",\"valueRequired\":true,\"valueName\":\"search_term_string\"}}],\"inLanguage\":\"es\"}]}<\/script>\n<!-- \/ Yoast SEO plugin. -->","yoast_head_json":{"title":"Qui\u00e9nes somos - OSA coop","robots":{"index":"index","follow":"follow","max-snippet":"max-snippet:-1","max-image-preview":"max-image-preview:large","max-video-preview":"max-video-preview:-1"},"canonical":"https:\/\/www.osa.coop\/es\/la-cooperativa\/nosotros\/","og_locale":"es_ES","og_type":"article","og_title":"Qui\u00e9nes somos - OSA coop","og_description":"40 a\u00f1os de historia (y de historias) Es el a\u00f1o 1985 y un grupo de j\u00f3venes m\u00e9dicos, psic\u00f3logos y asistentes sociales se re\u00fane en un garage en Tor Vergata, una fracci\u00f3n de Roma, para dar alas a un sue\u00f1o compartido: cuidar a las personas que est\u00e1n enfermas y que no son aut\u00f3nomas. Empezando por la [&hellip;]","og_url":"https:\/\/www.osa.coop\/es\/la-cooperativa\/nosotros\/","og_site_name":"OSA coop","article_modified_time":"2025-07-09T14:49:46+00:00","twitter_card":"summary_large_image","twitter_misc":{"Tiempo de lectura":"6 minutos"},"schema":{"@context":"https:\/\/schema.org","@graph":[{"@type":"WebPage","@id":"https:\/\/www.osa.coop\/es\/la-cooperativa\/nosotros\/","url":"https:\/\/www.osa.coop\/es\/la-cooperativa\/nosotros\/","name":"Qui\u00e9nes somos - OSA coop","isPartOf":{"@id":"https:\/\/www.osa.coop\/es\/#website"},"datePublished":"2022-02-25T14:48:11+00:00","dateModified":"2025-07-09T14:49:46+00:00","breadcrumb":{"@id":"https:\/\/www.osa.coop\/es\/la-cooperativa\/nosotros\/#breadcrumb"},"inLanguage":"es","potentialAction":[{"@type":"ReadAction","target":["https:\/\/www.osa.coop\/es\/la-cooperativa\/nosotros\/"]}]},{"@type":"BreadcrumbList","@id":"https:\/\/www.osa.coop\/es\/la-cooperativa\/nosotros\/#breadcrumb","itemListElement":[{"@type":"ListItem","position":1,"name":"Home","item":"https:\/\/www.osa.coop\/es\/"},{"@type":"ListItem","position":2,"name":"La cooperativa","item":"https:\/\/www.osa.coop\/es\/la-cooperativa\/"},{"@type":"ListItem","position":3,"name":"Qui\u00e9nes somos"}]},{"@type":"WebSite","@id":"https:\/\/www.osa.coop\/es\/#website","url":"https:\/\/www.osa.coop\/es\/","name":"OSA coop","description":"Operatori Sanitari Associati","potentialAction":[{"@type":"SearchAction","target":{"@type":"EntryPoint","urlTemplate":"https:\/\/www.osa.coop\/es\/?s={search_term_string}"},"query-input":{"@type":"PropertyValueSpecification","valueRequired":true,"valueName":"search_term_string"}}],"inLanguage":"es"}]}},"_links":{"self":[{"href":"https:\/\/www.osa.coop\/es\/wp-json\/wp\/v2\/pages\/34771","targetHints":{"allow":["GET"]}}],"collection":[{"href":"https:\/\/www.osa.coop\/es\/wp-json\/wp\/v2\/pages"}],"about":[{"href":"https:\/\/www.osa.coop\/es\/wp-json\/wp\/v2\/types\/page"}],"author":[{"embeddable":true,"href":"https:\/\/www.osa.coop\/es\/wp-json\/wp\/v2\/users\/1"}],"replies":[{"embeddable":true,"href":"https:\/\/www.osa.coop\/es\/wp-json\/wp\/v2\/comments?post=34771"}],"version-history":[{"count":55,"href":"https:\/\/www.osa.coop\/es\/wp-json\/wp\/v2\/pages\/34771\/revisions"}],"predecessor-version":[{"id":39646,"href":"https:\/\/www.osa.coop\/es\/wp-json\/wp\/v2\/pages\/34771\/revisions\/39646"}],"up":[{"embeddable":true,"href":"https:\/\/www.osa.coop\/es\/wp-json\/wp\/v2\/pages\/34754"}],"wp:attachment":[{"href":"https:\/\/www.osa.coop\/es\/wp-json\/wp\/v2\/media?parent=34771"}],"curies":[{"name":"wp","href":"https:\/\/api.w.org\/{rel}","templated":true}]}}