{"id":34832,"date":"2022-02-28T10:04:19","date_gmt":"2022-02-28T09:04:19","guid":{"rendered":"https:\/\/www.osa.coop\/la-cooperativa\/como-trabajamos\/las-partes-interesadas\/"},"modified":"2022-03-07T14:24:56","modified_gmt":"2022-03-07T13:24:56","slug":"las-partes-interesadas","status":"publish","type":"page","link":"https:\/\/www.osa.coop\/es\/la-cooperativa\/como-trabajamos\/las-partes-interesadas\/","title":{"rendered":"Las partes interesadas"},"content":{"rendered":"<p>[et_pb_section fb_built=\u00bb1&#8243; _builder_version=\u00bb4.7.3&#8243; _module_preset=\u00bbdefault\u00bb background_color=\u00bb#3b3b3b\u00bb custom_margin=\u00bb0px||0px||false|false\u00bb custom_padding=\u00bb0px||0px||false|false\u00bb global_module=\u00bb14230&#8243;][et_pb_row _builder_version=\u00bb4.7.3&#8243; _module_preset=\u00bbdefault\u00bb width=\u00bb94%\u00bb max_width=\u00bb94%\u00bb custom_margin=\u00bb0px||0px||false|false\u00bb custom_padding=\u00bb5px||5px||false|false\u00bb][et_pb_column type=\u00bb4_4&#8243; _builder_version=\u00bb4.7.3&#8243; _module_preset=\u00bbdefault\u00bb][et_pb_code module_class=\u00bbx-breadcrumb\u00bb _builder_version=\u00bb4.7.3&#8243; _module_preset=\u00bbdefault\u00bb]<span><span><a href=\"https:\/\/www.osa.coop\/es\/\">Home<\/a><\/span><\/span>[\/et_pb_code][\/et_pb_column][\/et_pb_row][\/et_pb_section][et_pb_section fb_built=\u00bb1&#8243; next_background_color=\u00bb#ffffff\u00bb admin_label=\u00bbHero Section\u00bb _builder_version=\u00bb4.7.7&#8243; use_background_color_gradient=\u00bbon\u00bb background_color_gradient_start=\u00bbrgba(0,0,0,0.4)\u00bb background_color_gradient_end=\u00bbrgba(0,0,0,0.4)\u00bb background_color_gradient_overlays_image=\u00bbon\u00bb background_image=\u00bbhttps:\/\/www.osa.coop\/wp-content\/uploads\/2021\/02\/OSA-stakholder.jpg\u00bb custom_padding=\u00bb6%||9.3%|||\u00bb filter_saturate=\u00bb91%\u00bb filter_brightness=\u00bb157%\u00bb bottom_divider_style=\u00bbslant\u00bb bottom_divider_height=\u00bb60px\u00bb hover_enabled=\u00bb0&#8243; background_color_gradient_direction__hover=\u00bb180deg\u00bb background_color_gradient_direction__hover_enabled=\u00bb180deg\u00bb background_color_gradient_start_position__hover=\u00bb0%\u00bb background_color_gradient_start_position__hover_enabled=\u00bb0%\u00bb background_color_gradient_end_position__hover=\u00bb100%\u00bb background_color_gradient_end_position__hover_enabled=\u00bb100%\u00bb title_text=\u00bbOSA-stakholder\u00bb sticky_enabled=\u00bb0&#8243;][et_pb_row admin_label=\u00bbT\u00edtulo de la p\u00e1gina\u00bb _builder_version=\u00bb4.7.7&#8243; hover_enabled=\u00bb0&#8243; sticky_enabled=\u00bb0&#8243;][et_pb_column type=\u00bb4_4&#8243; _builder_version=\u00bb3.25&#8243; custom_padding=\u00bb|||\u00bb custom_padding__hover=\u00bb|||\u00bb][et_pb_text admin_label=\u00bbHero Section Title\u00bb _builder_version=\u00bb4.7.3&#8243; text_font=\u00bbMontserrat||||||||\u00bb text_font_size=\u00bb18px\u00bb text_line_height=\u00bb1.8em\u00bb header_font=\u00bbMontserrat|600||on|||||\u00bb header_font_size=\u00bb48px\u00bb header_letter_spacing=\u00bb3px\u00bb header_line_height=\u00bb1.3em\u00bb header_2_font=\u00bbMontserrat|700|||||||\u00bb header_2_text_color=\u00bbrgba(255,255,255,0.6)\u00bb header_2_font_size=\u00bb90px\u00bb header_2_letter_spacing=\u00bb3px\u00bb header_2_line_height=\u00bb1.1em\u00bb text_orientation=\u00bbcenter\u00bb background_layout=\u00bbdark\u00bb max_width=\u00bb700px\u00bb module_alignment=\u00bbcenter\u00bb custom_margin=\u00bb|||\u00bb animation_style=\u00bbzoom\u00bb animation_direction=\u00bbbottom\u00bb header_font_size_tablet=\u00bb\u00bb header_font_size_phone=\u00bb28px\u00bb header_font_size_last_edited=\u00bbon|phone\u00bb header_2_font_size_tablet=\u00bb\u00bb header_2_font_size_phone=\u00bb50px\u00bb header_2_font_size_last_edited=\u00bbon|phone\u00bb]<\/p>\n<h1 style=\"text-align: center;\">Las partes interesadas<\/h1>\n<p>[\/et_pb_text][\/et_pb_column][\/et_pb_row][\/et_pb_section][et_pb_section fb_built=\u00bb1&#8243; admin_label=\u00bbAbout Me Section\u00bb _builder_version=\u00bb3.22&#8243; custom_padding=\u00bb5px||110px|||\u00bb][et_pb_row admin_label=\u00bbT\u00edtulo\u00bb _builder_version=\u00bb3.25&#8243; custom_margin=\u00bb|||\u00bb custom_padding=\u00bb||0px|\u00bb][et_pb_column type=\u00bb4_4&#8243; _builder_version=\u00bb3.25&#8243; custom_padding=\u00bb|||\u00bb custom_padding__hover=\u00bb|||\u00bb][et_pb_divider show_divider=\u00bboff\u00bb _builder_version=\u00bb3.2&#8243; max_width=\u00bb23px\u00bb module_alignment=\u00bbcenter\u00bb animation_style=\u00bbslide\u00bb animation_intensity_slide=\u00bb20%\u00bb animation_starting_opacity=\u00bb100%\u00bb][\/et_pb_divider][\/et_pb_column][\/et_pb_row][et_pb_row column_structure=\u00bb1_2,1_2&#8243; admin_label=\u00bbSobre m\u00ed\u00bb _builder_version=\u00bb3.25&#8243; custom_margin=\u00bb-4px|auto||auto||\u00bb][et_pb_column type=\u00bb1_2&#8243; _builder_version=\u00bb3.25&#8243; custom_padding=\u00bb|||\u00bb custom_padding__hover=\u00bb|||\u00bb][et_pb_image src=\u00bbhttps:\/\/www.osa.coop\/wp-content\/uploads\/2020\/11\/stakholder.png\u00bb title_text=\u00bbpartes interesadas\u00bb _builder_version=\u00bb4.7.3&#8243; _module_preset=\u00bbdefault\u00bb][\/et_pb_image][\/et_pb_column][et_pb_column type=\u00bb1_2&#8243; _builder_version=\u00bb3.25&#8243; custom_padding=\u00bb|||\u00bb custom_padding__hover=\u00bb|||\u00bb][et_pb_text _builder_version=\u00bb4.7.3&#8243; _module_preset=\u00bbdefault\u00bb]<\/p>\n<h1 class=\"p1\">Hay muchas partes interesadas con las que OSA entra en contacto cada d\u00eda en su trabajo.<\/h1>\n<p>&nbsp;<\/p>\n<p class=\"p1\">Pueden ser instituciones como el Estado, en su centralidad o en sus articulaciones territoriales, las Regiones y los Municipios, o administrativas, como el Sistema Nacional de Salud y las autoridades sanitarias provinciales (ASL). Pueden ser personas f\u00edsicas como los propios Socios, los miembros de los \u00f3rganos estatutarios, los trabajadores (ya sean Socios, colaboradores o asesores), pero tambi\u00e9n personas jur\u00eddicas como los sindicatos, las asociaciones de empresarios y las cooperativas, los Pacientes y sus familias, la red de asociaciones, los colaboradores, los proveedores.<\/p>\n<p class=\"p1\">\n<p class=\"p1\">La Cooperativa interact\u00faa con todas estas realidades mediante su modelo organizacional de gobernanza. Adem\u00e1s, est\u00e1 atenta a la escucha e individuaci\u00f3n de las necesidades, a la transparencia y negociabilidad de los servicios, a la mutualidad y a la participaci\u00f3n en la vida social poniendo en el centro de todo a los Pacientes, a sus familias y a los operadores.<\/p>\n<p>[\/et_pb_text][\/et_pb_column][\/et_pb_row][\/et_pb_section]<\/p>\n","protected":false},"excerpt":{"rendered":"<p><span><span><a href=\"https:\/\/www.osa.coop\/es\/\">Home<\/a><\/span><\/span>Las partes interesadasHay muchas partes interesadas con las que OSA entra en contacto cada d\u00eda en su trabajo. &nbsp; Pueden ser instituciones como el Estado, en su centralidad o en sus articulaciones territoriales, las Regiones y los Municipios, o administrativas, como el Sistema Nacional de Salud y las autoridades sanitarias provinciales (ASL). Pueden ser personas [&hellip;]<\/p>\n","protected":false},"author":1,"featured_media":0,"parent":34818,"menu_order":0,"comment_status":"closed","ping_status":"closed","template":"","meta":{"_et_pb_use_builder":"on","_et_pb_old_content":"","_et_gb_content_width":"","footnotes":""},"class_list":["post-34832","page","type-page","status-publish","hentry"],"yoast_head":"<!-- This site is optimized with the Yoast SEO plugin v26.6 - https:\/\/yoast.com\/wordpress\/plugins\/seo\/ -->\n<title>Las partes interesadas - OSA coop<\/title>\n<meta name=\"robots\" content=\"index, follow, max-snippet:-1, max-image-preview:large, max-video-preview:-1\" \/>\n<link rel=\"canonical\" href=\"https:\/\/www.osa.coop\/es\/la-cooperativa\/como-trabajamos\/las-partes-interesadas\/\" \/>\n<meta property=\"og:locale\" content=\"es_ES\" \/>\n<meta property=\"og:type\" content=\"article\" \/>\n<meta property=\"og:title\" content=\"Las partes interesadas - OSA coop\" \/>\n<meta property=\"og:description\" content=\"Las partes interesadasHay muchas partes interesadas con las que OSA entra en contacto cada d\u00eda en su trabajo. &nbsp; Pueden ser instituciones como el Estado, en su centralidad o en sus articulaciones territoriales, las Regiones y los Municipios, o administrativas, como el Sistema Nacional de Salud y las autoridades sanitarias provinciales (ASL). Pueden ser personas [&hellip;]\" \/>\n<meta property=\"og:url\" content=\"https:\/\/www.osa.coop\/es\/la-cooperativa\/como-trabajamos\/las-partes-interesadas\/\" \/>\n<meta property=\"og:site_name\" content=\"OSA coop\" \/>\n<meta property=\"article:modified_time\" content=\"2022-03-07T13:24:56+00:00\" \/>\n<meta name=\"twitter:card\" content=\"summary_large_image\" \/>\n<meta name=\"twitter:label1\" content=\"Tiempo de lectura\" \/>\n\t<meta name=\"twitter:data1\" content=\"3 minutos\" \/>\n<script type=\"application\/ld+json\" class=\"yoast-schema-graph\">{\"@context\":\"https:\/\/schema.org\",\"@graph\":[{\"@type\":\"WebPage\",\"@id\":\"https:\/\/www.osa.coop\/es\/la-cooperativa\/como-trabajamos\/las-partes-interesadas\/\",\"url\":\"https:\/\/www.osa.coop\/es\/la-cooperativa\/como-trabajamos\/las-partes-interesadas\/\",\"name\":\"Las partes interesadas - OSA coop\",\"isPartOf\":{\"@id\":\"https:\/\/www.osa.coop\/es\/#website\"},\"datePublished\":\"2022-02-28T09:04:19+00:00\",\"dateModified\":\"2022-03-07T13:24:56+00:00\",\"breadcrumb\":{\"@id\":\"https:\/\/www.osa.coop\/es\/la-cooperativa\/como-trabajamos\/las-partes-interesadas\/#breadcrumb\"},\"inLanguage\":\"es\",\"potentialAction\":[{\"@type\":\"ReadAction\",\"target\":[\"https:\/\/www.osa.coop\/es\/la-cooperativa\/como-trabajamos\/las-partes-interesadas\/\"]}]},{\"@type\":\"BreadcrumbList\",\"@id\":\"https:\/\/www.osa.coop\/es\/la-cooperativa\/como-trabajamos\/las-partes-interesadas\/#breadcrumb\",\"itemListElement\":[{\"@type\":\"ListItem\",\"position\":1,\"name\":\"Home\",\"item\":\"https:\/\/www.osa.coop\/es\/\"},{\"@type\":\"ListItem\",\"position\":2,\"name\":\"La cooperativa\",\"item\":\"https:\/\/www.osa.coop\/es\/la-cooperativa\/\"},{\"@type\":\"ListItem\",\"position\":3,\"name\":\"C\u00f3mo trabajamos\",\"item\":\"https:\/\/www.osa.coop\/es\/la-cooperativa\/le-3-a\/\"},{\"@type\":\"ListItem\",\"position\":4,\"name\":\"Las partes interesadas\"}]},{\"@type\":\"WebSite\",\"@id\":\"https:\/\/www.osa.coop\/es\/#website\",\"url\":\"https:\/\/www.osa.coop\/es\/\",\"name\":\"OSA coop\",\"description\":\"Operatori Sanitari Associati\",\"potentialAction\":[{\"@type\":\"SearchAction\",\"target\":{\"@type\":\"EntryPoint\",\"urlTemplate\":\"https:\/\/www.osa.coop\/es\/?s={search_term_string}\"},\"query-input\":{\"@type\":\"PropertyValueSpecification\",\"valueRequired\":true,\"valueName\":\"search_term_string\"}}],\"inLanguage\":\"es\"}]}<\/script>\n<!-- \/ Yoast SEO plugin. -->","yoast_head_json":{"title":"Las partes interesadas - OSA coop","robots":{"index":"index","follow":"follow","max-snippet":"max-snippet:-1","max-image-preview":"max-image-preview:large","max-video-preview":"max-video-preview:-1"},"canonical":"https:\/\/www.osa.coop\/es\/la-cooperativa\/como-trabajamos\/las-partes-interesadas\/","og_locale":"es_ES","og_type":"article","og_title":"Las partes interesadas - OSA coop","og_description":"Las partes interesadasHay muchas partes interesadas con las que OSA entra en contacto cada d\u00eda en su trabajo. &nbsp; Pueden ser instituciones como el Estado, en su centralidad o en sus articulaciones territoriales, las Regiones y los Municipios, o administrativas, como el Sistema Nacional de Salud y las autoridades sanitarias provinciales (ASL). Pueden ser personas [&hellip;]","og_url":"https:\/\/www.osa.coop\/es\/la-cooperativa\/como-trabajamos\/las-partes-interesadas\/","og_site_name":"OSA coop","article_modified_time":"2022-03-07T13:24:56+00:00","twitter_card":"summary_large_image","twitter_misc":{"Tiempo de lectura":"3 minutos"},"schema":{"@context":"https:\/\/schema.org","@graph":[{"@type":"WebPage","@id":"https:\/\/www.osa.coop\/es\/la-cooperativa\/como-trabajamos\/las-partes-interesadas\/","url":"https:\/\/www.osa.coop\/es\/la-cooperativa\/como-trabajamos\/las-partes-interesadas\/","name":"Las partes interesadas - OSA coop","isPartOf":{"@id":"https:\/\/www.osa.coop\/es\/#website"},"datePublished":"2022-02-28T09:04:19+00:00","dateModified":"2022-03-07T13:24:56+00:00","breadcrumb":{"@id":"https:\/\/www.osa.coop\/es\/la-cooperativa\/como-trabajamos\/las-partes-interesadas\/#breadcrumb"},"inLanguage":"es","potentialAction":[{"@type":"ReadAction","target":["https:\/\/www.osa.coop\/es\/la-cooperativa\/como-trabajamos\/las-partes-interesadas\/"]}]},{"@type":"BreadcrumbList","@id":"https:\/\/www.osa.coop\/es\/la-cooperativa\/como-trabajamos\/las-partes-interesadas\/#breadcrumb","itemListElement":[{"@type":"ListItem","position":1,"name":"Home","item":"https:\/\/www.osa.coop\/es\/"},{"@type":"ListItem","position":2,"name":"La cooperativa","item":"https:\/\/www.osa.coop\/es\/la-cooperativa\/"},{"@type":"ListItem","position":3,"name":"C\u00f3mo trabajamos","item":"https:\/\/www.osa.coop\/es\/la-cooperativa\/le-3-a\/"},{"@type":"ListItem","position":4,"name":"Las partes interesadas"}]},{"@type":"WebSite","@id":"https:\/\/www.osa.coop\/es\/#website","url":"https:\/\/www.osa.coop\/es\/","name":"OSA coop","description":"Operatori Sanitari Associati","potentialAction":[{"@type":"SearchAction","target":{"@type":"EntryPoint","urlTemplate":"https:\/\/www.osa.coop\/es\/?s={search_term_string}"},"query-input":{"@type":"PropertyValueSpecification","valueRequired":true,"valueName":"search_term_string"}}],"inLanguage":"es"}]}},"_links":{"self":[{"href":"https:\/\/www.osa.coop\/es\/wp-json\/wp\/v2\/pages\/34832","targetHints":{"allow":["GET"]}}],"collection":[{"href":"https:\/\/www.osa.coop\/es\/wp-json\/wp\/v2\/pages"}],"about":[{"href":"https:\/\/www.osa.coop\/es\/wp-json\/wp\/v2\/types\/page"}],"author":[{"embeddable":true,"href":"https:\/\/www.osa.coop\/es\/wp-json\/wp\/v2\/users\/1"}],"replies":[{"embeddable":true,"href":"https:\/\/www.osa.coop\/es\/wp-json\/wp\/v2\/comments?post=34832"}],"version-history":[{"count":12,"href":"https:\/\/www.osa.coop\/es\/wp-json\/wp\/v2\/pages\/34832\/revisions"}],"predecessor-version":[{"id":35575,"href":"https:\/\/www.osa.coop\/es\/wp-json\/wp\/v2\/pages\/34832\/revisions\/35575"}],"up":[{"embeddable":true,"href":"https:\/\/www.osa.coop\/es\/wp-json\/wp\/v2\/pages\/34818"}],"wp:attachment":[{"href":"https:\/\/www.osa.coop\/es\/wp-json\/wp\/v2\/media?parent=34832"}],"curies":[{"name":"wp","href":"https:\/\/api.w.org\/{rel}","templated":true}]}}