{"id":34903,"date":"2022-03-01T09:40:22","date_gmt":"2022-03-01T08:40:22","guid":{"rendered":"https:\/\/www.osa.coop\/la-cooperativa\/la-formacion\/"},"modified":"2024-07-04T14:06:09","modified_gmt":"2024-07-04T12:06:09","slug":"la-formacion","status":"publish","type":"page","link":"https:\/\/www.osa.coop\/es\/la-cooperativa\/la-formacion\/","title":{"rendered":"La formaci\u00f3n"},"content":{"rendered":"<p>[et_pb_section fb_built=\u00bb1&#8243; _builder_version=\u00bb4.16&#8243; _module_preset=\u00bbdefault\u00bb background_color=\u00bb#3b3b3b\u00bb custom_margin=\u00bb0px||0px||false|false\u00bb custom_padding=\u00bb0px||0px||false|false\u00bb global_colors_info=\u00bb{}\u00bb][et_pb_row _builder_version=\u00bb4.16&#8243; _module_preset=\u00bbdefault\u00bb width=\u00bb94%\u00bb max_width=\u00bb94%\u00bb custom_margin=\u00bb0px||0px||false|false\u00bb custom_padding=\u00bb5px||5px||false|false\u00bb global_colors_info=\u00bb{}\u00bb][et_pb_column type=\u00bb4_4&#8243; _builder_version=\u00bb4.16&#8243; _module_preset=\u00bbdefault\u00bb global_colors_info=\u00bb{}\u00bb][et_pb_code module_class=\u00bbx-breadcrumb\u00bb _builder_version=\u00bb4.16&#8243; _module_preset=\u00bbdefault\u00bb global_colors_info=\u00bb{}\u00bb]<span><span><a href=\"https:\/\/www.osa.coop\/es\/\">Home<\/a><\/span><\/span>[\/et_pb_code][\/et_pb_column][\/et_pb_row][\/et_pb_section][et_pb_section fb_built=\u00bb1&#8243; next_background_color=\u00bb#ffffff\u00bb admin_label=\u00bbHero Section\u00bb _builder_version=\u00bb4.16&#8243; use_background_color_gradient=\u00bbon\u00bb background_color_gradient_stops=\u00bbrgba(0,0,0,0.4) 0%|rgba(0,0,0,0.4) 100%\u00bb background_color_gradient_overlays_image=\u00bbon\u00bb background_color_gradient_start=\u00bbrgba(0,0,0,0.4)\u00bb background_color_gradient_end=\u00bbrgba(0,0,0,0.4)\u00bb background_image=\u00bbhttps:\/\/www.osa.coop\/wp-content\/uploads\/2020\/11\/osa-formazione1.jpg\u00bb background_position=\u00bbcenter_right\u00bb custom_padding=\u00bb6%||8.9%|||\u00bb filter_saturate=\u00bb91%\u00bb filter_brightness=\u00bb157%\u00bb bottom_divider_style=\u00bbslant\u00bb bottom_divider_height=\u00bb60px\u00bb global_colors_info=\u00bb{}\u00bb background_color_gradient_direction__hover=\u00bb180deg\u00bb background_color_gradient_direction__hover_enabled=\u00bb180deg\u00bb background_color_gradient_start_position__hover=\u00bb0%\u00bb background_color_gradient_start_position__hover_enabled=\u00bb0%\u00bb background_color_gradient_end_position__hover=\u00bb100%\u00bb background_color_gradient_end_position__hover_enabled=\u00bb100%\u00bb background_color_gradient_stops__hover=\u00bbrgba(0,0,0,0.4) 0%|rgba(0,0,0,0.4) 100%\u00bb][et_pb_row admin_label=\u00bbT\u00edtulo de la p\u00e1gina\u00bb _builder_version=\u00bb4.16&#8243; global_colors_info=\u00bb{}\u00bb][et_pb_column type=\u00bb4_4&#8243; _builder_version=\u00bb4.16&#8243; custom_padding=\u00bb|||\u00bb global_colors_info=\u00bb{}\u00bb custom_padding__hover=\u00bb|||\u00bb][et_pb_text admin_label=\u00bbHero Section Title\u00bb _builder_version=\u00bb4.16&#8243; text_font=\u00bbMontserrat||||||||\u00bb text_font_size=\u00bb18px\u00bb text_line_height=\u00bb1.8em\u00bb header_font=\u00bbMontserrat|600||on|||||\u00bb header_font_size=\u00bb48px\u00bb header_letter_spacing=\u00bb3px\u00bb header_line_height=\u00bb1.3em\u00bb header_2_font=\u00bbMontserrat|700|||||||\u00bb header_2_text_color=\u00bbrgba(255,255,255,0.6)\u00bb header_2_font_size=\u00bb90px\u00bb header_2_letter_spacing=\u00bb3px\u00bb header_2_line_height=\u00bb1.1em\u00bb text_orientation=\u00bbcenter\u00bb background_layout=\u00bbdark\u00bb max_width=\u00bb700px\u00bb module_alignment=\u00bbcenter\u00bb custom_margin=\u00bb|||\u00bb animation_style=\u00bbzoom\u00bb animation_direction=\u00bbbottom\u00bb header_font_size_tablet=\u00bb\u00bb header_font_size_phone=\u00bb28px\u00bb header_font_size_last_edited=\u00bbon|phone\u00bb header_2_font_size_tablet=\u00bb\u00bb header_2_font_size_phone=\u00bb50px\u00bb header_2_font_size_last_edited=\u00bbon|phone\u00bb global_colors_info=\u00bb{}\u00bb]<\/p>\n<h1 style=\"text-align: center;\"><span class=\"s2\" style=\"font-size: 24px;\">LA FORMACI\u00d3N<\/span><\/h1>\n<p>[\/et_pb_text][\/et_pb_column][\/et_pb_row][\/et_pb_section][et_pb_section fb_built=\u00bb1&#8243; admin_label=\u00bbAbout Me Section\u00bb _builder_version=\u00bb4.16&#8243; custom_padding=\u00bb5px||0px|||\u00bb global_colors_info=\u00bb{}\u00bb][et_pb_row admin_label=\u00bbT\u00edtulo\u00bb _builder_version=\u00bb4.16&#8243; custom_margin=\u00bb|||\u00bb custom_padding=\u00bb||0px|\u00bb global_colors_info=\u00bb{}\u00bb][et_pb_column type=\u00bb4_4&#8243; _builder_version=\u00bb4.16&#8243; custom_padding=\u00bb|||\u00bb global_colors_info=\u00bb{}\u00bb custom_padding__hover=\u00bb|||\u00bb][et_pb_divider show_divider=\u00bboff\u00bb _builder_version=\u00bb4.16&#8243; max_width=\u00bb23px\u00bb module_alignment=\u00bbcenter\u00bb animation_style=\u00bbslide\u00bb animation_intensity_slide=\u00bb20%\u00bb animation_starting_opacity=\u00bb100%\u00bb global_colors_info=\u00bb{}\u00bb][\/et_pb_divider][\/et_pb_column][\/et_pb_row][et_pb_row column_structure=\u00bb1_2,1_2&#8243; admin_label=\u00bbSobre m\u00ed\u00bb _builder_version=\u00bb4.16&#8243; custom_margin=\u00bb-4px|auto||auto||\u00bb global_colors_info=\u00bb{}\u00bb][et_pb_column type=\u00bb1_2&#8243; _builder_version=\u00bb4.16&#8243; custom_padding=\u00bb|||\u00bb global_colors_info=\u00bb{}\u00bb custom_padding__hover=\u00bb|||\u00bb][et_pb_image src=\u00bbhttps:\/\/www.osa.coop\/wp-content\/uploads\/2024\/07\/Screenshot-523.png\u00bb title_text=\u00bbOSA GR\u00c1FICOS FORMACI\u00d3N\u00bb show_bottom_space=\u00bboff\u00bb align=\u00bbcenter\u00bb _builder_version=\u00bb4.24.2&#8243; _module_preset=\u00bbdefault\u00bb hover_enabled=\u00bb0&#8243; global_colors_info=\u00bb{}\u00bb sticky_enabled=\u00bb0&#8243;][\/et_pb_image][et_pb_text _builder_version=\u00bb4.24.2&#8243; _module_preset=\u00bbdefault\u00bb hover_enabled=\u00bb0&#8243; global_colors_info=\u00bb{}\u00bb sticky_enabled=\u00bb0&#8243;]<\/p>\n<p style=\"text-align: center;\">A\u00f1o 2023<\/p>\n<p>[\/et_pb_text][\/et_pb_column][et_pb_column type=\u00bb1_2&#8243; _builder_version=\u00bb4.16&#8243; custom_padding=\u00bb|||\u00bb global_colors_info=\u00bb{}\u00bb custom_padding__hover=\u00bb|||\u00bb][et_pb_text _builder_version=\u00bb4.16&#8243; _module_preset=\u00bbdefault\u00bb global_colors_info=\u00bb{}\u00bb]<\/p>\n<p><span>Adem\u00e1s de ser la clave estrat\u00e9gica para el progreso de las personas, de los servicios, de los m\u00e9todos y de toda la organizaci\u00f3n, la formaci\u00f3n proporcionada por OSA es un proceso continuo, planificado cada a\u00f1o y dise\u00f1ado a partir de la evaluaci\u00f3n de los resultados y de los problemas que surgen en las diferentes fases operativas. <\/span><span> <\/span><\/p>\n<p><span>M\u00e1s que una funci\u00f3n, es un m\u00e9todo orientado a alcanzar diferentes objetivos y destinatarios<\/span>:<\/p>\n<ul>\n<li><span>desarrollar actividades de formaci\u00f3n, en colaboraci\u00f3n con la con la Direcci\u00f3n de servicios de asistencia domiciliaria, para la formaci\u00f3n continua de los operadores sobre los procesos de gesti\u00f3n de las nuevas modalidades de prestaci\u00f3n de servicios<\/span><\/li>\n<li><span>a<\/span><span>nalizar y desarrollar procesos organizativos y de gesti\u00f3n para fomentar la participaci\u00f3n de todos los operadores en los cursos EMC<\/span><\/li>\n<li><span>desarrollar procesos de formaci\u00f3n monotem\u00e1ticos para el crecimiento continuo de la cultura empresarial.<\/span><\/li>\n<\/ul>\n<p>[\/et_pb_text][\/et_pb_column][\/et_pb_row][\/et_pb_section]<\/p>\n","protected":false},"excerpt":{"rendered":"<p><span><span><a href=\"https:\/\/www.osa.coop\/es\/\">Home<\/a><\/span><\/span>LA FORMACI\u00d3NA\u00f1o 2023Adem\u00e1s de ser la clave estrat\u00e9gica para el progreso de las personas, de los servicios, de los m\u00e9todos y de toda la organizaci\u00f3n, la formaci\u00f3n proporcionada por OSA es un proceso continuo, planificado cada a\u00f1o y dise\u00f1ado a partir de la evaluaci\u00f3n de los resultados y de los problemas que surgen en las [&hellip;]<\/p>\n","protected":false},"author":1,"featured_media":0,"parent":34754,"menu_order":0,"comment_status":"closed","ping_status":"closed","template":"","meta":{"_et_pb_use_builder":"on","_et_pb_old_content":"","_et_gb_content_width":"","footnotes":""},"class_list":["post-34903","page","type-page","status-publish","hentry"],"yoast_head":"<!-- This site is optimized with the Yoast SEO plugin v26.6 - https:\/\/yoast.com\/wordpress\/plugins\/seo\/ -->\n<title>La formaci\u00f3n - OSA coop<\/title>\n<meta name=\"robots\" content=\"index, follow, max-snippet:-1, max-image-preview:large, max-video-preview:-1\" \/>\n<link rel=\"canonical\" href=\"https:\/\/www.osa.coop\/es\/la-cooperativa\/la-formacion\/\" \/>\n<meta property=\"og:locale\" content=\"es_ES\" \/>\n<meta property=\"og:type\" content=\"article\" \/>\n<meta property=\"og:title\" content=\"La formaci\u00f3n - OSA coop\" \/>\n<meta property=\"og:description\" content=\"LA FORMACI\u00d3NA\u00f1o 2023Adem\u00e1s de ser la clave estrat\u00e9gica para el progreso de las personas, de los servicios, de los m\u00e9todos y de toda la organizaci\u00f3n, la formaci\u00f3n proporcionada por OSA es un proceso continuo, planificado cada a\u00f1o y dise\u00f1ado a partir de la evaluaci\u00f3n de los resultados y de los problemas que surgen en las [&hellip;]\" \/>\n<meta property=\"og:url\" content=\"https:\/\/www.osa.coop\/es\/la-cooperativa\/la-formacion\/\" \/>\n<meta property=\"og:site_name\" content=\"OSA coop\" \/>\n<meta property=\"article:modified_time\" content=\"2024-07-04T12:06:09+00:00\" \/>\n<meta name=\"twitter:card\" content=\"summary_large_image\" \/>\n<meta name=\"twitter:label1\" content=\"Tiempo de lectura\" \/>\n\t<meta name=\"twitter:data1\" content=\"4 minutos\" \/>\n<script type=\"application\/ld+json\" class=\"yoast-schema-graph\">{\"@context\":\"https:\/\/schema.org\",\"@graph\":[{\"@type\":\"WebPage\",\"@id\":\"https:\/\/www.osa.coop\/es\/la-cooperativa\/la-formacion\/\",\"url\":\"https:\/\/www.osa.coop\/es\/la-cooperativa\/la-formacion\/\",\"name\":\"La formaci\u00f3n - OSA coop\",\"isPartOf\":{\"@id\":\"https:\/\/www.osa.coop\/es\/#website\"},\"datePublished\":\"2022-03-01T08:40:22+00:00\",\"dateModified\":\"2024-07-04T12:06:09+00:00\",\"breadcrumb\":{\"@id\":\"https:\/\/www.osa.coop\/es\/la-cooperativa\/la-formacion\/#breadcrumb\"},\"inLanguage\":\"es\",\"potentialAction\":[{\"@type\":\"ReadAction\",\"target\":[\"https:\/\/www.osa.coop\/es\/la-cooperativa\/la-formacion\/\"]}]},{\"@type\":\"BreadcrumbList\",\"@id\":\"https:\/\/www.osa.coop\/es\/la-cooperativa\/la-formacion\/#breadcrumb\",\"itemListElement\":[{\"@type\":\"ListItem\",\"position\":1,\"name\":\"Home\",\"item\":\"https:\/\/www.osa.coop\/es\/\"},{\"@type\":\"ListItem\",\"position\":2,\"name\":\"La cooperativa\",\"item\":\"https:\/\/www.osa.coop\/es\/la-cooperativa\/\"},{\"@type\":\"ListItem\",\"position\":3,\"name\":\"La formaci\u00f3n\"}]},{\"@type\":\"WebSite\",\"@id\":\"https:\/\/www.osa.coop\/es\/#website\",\"url\":\"https:\/\/www.osa.coop\/es\/\",\"name\":\"OSA coop\",\"description\":\"Operatori Sanitari Associati\",\"potentialAction\":[{\"@type\":\"SearchAction\",\"target\":{\"@type\":\"EntryPoint\",\"urlTemplate\":\"https:\/\/www.osa.coop\/es\/?s={search_term_string}\"},\"query-input\":{\"@type\":\"PropertyValueSpecification\",\"valueRequired\":true,\"valueName\":\"search_term_string\"}}],\"inLanguage\":\"es\"}]}<\/script>\n<!-- \/ Yoast SEO plugin. -->","yoast_head_json":{"title":"La formaci\u00f3n - OSA coop","robots":{"index":"index","follow":"follow","max-snippet":"max-snippet:-1","max-image-preview":"max-image-preview:large","max-video-preview":"max-video-preview:-1"},"canonical":"https:\/\/www.osa.coop\/es\/la-cooperativa\/la-formacion\/","og_locale":"es_ES","og_type":"article","og_title":"La formaci\u00f3n - OSA coop","og_description":"LA FORMACI\u00d3NA\u00f1o 2023Adem\u00e1s de ser la clave estrat\u00e9gica para el progreso de las personas, de los servicios, de los m\u00e9todos y de toda la organizaci\u00f3n, la formaci\u00f3n proporcionada por OSA es un proceso continuo, planificado cada a\u00f1o y dise\u00f1ado a partir de la evaluaci\u00f3n de los resultados y de los problemas que surgen en las [&hellip;]","og_url":"https:\/\/www.osa.coop\/es\/la-cooperativa\/la-formacion\/","og_site_name":"OSA coop","article_modified_time":"2024-07-04T12:06:09+00:00","twitter_card":"summary_large_image","twitter_misc":{"Tiempo de lectura":"4 minutos"},"schema":{"@context":"https:\/\/schema.org","@graph":[{"@type":"WebPage","@id":"https:\/\/www.osa.coop\/es\/la-cooperativa\/la-formacion\/","url":"https:\/\/www.osa.coop\/es\/la-cooperativa\/la-formacion\/","name":"La formaci\u00f3n - OSA coop","isPartOf":{"@id":"https:\/\/www.osa.coop\/es\/#website"},"datePublished":"2022-03-01T08:40:22+00:00","dateModified":"2024-07-04T12:06:09+00:00","breadcrumb":{"@id":"https:\/\/www.osa.coop\/es\/la-cooperativa\/la-formacion\/#breadcrumb"},"inLanguage":"es","potentialAction":[{"@type":"ReadAction","target":["https:\/\/www.osa.coop\/es\/la-cooperativa\/la-formacion\/"]}]},{"@type":"BreadcrumbList","@id":"https:\/\/www.osa.coop\/es\/la-cooperativa\/la-formacion\/#breadcrumb","itemListElement":[{"@type":"ListItem","position":1,"name":"Home","item":"https:\/\/www.osa.coop\/es\/"},{"@type":"ListItem","position":2,"name":"La cooperativa","item":"https:\/\/www.osa.coop\/es\/la-cooperativa\/"},{"@type":"ListItem","position":3,"name":"La formaci\u00f3n"}]},{"@type":"WebSite","@id":"https:\/\/www.osa.coop\/es\/#website","url":"https:\/\/www.osa.coop\/es\/","name":"OSA coop","description":"Operatori Sanitari Associati","potentialAction":[{"@type":"SearchAction","target":{"@type":"EntryPoint","urlTemplate":"https:\/\/www.osa.coop\/es\/?s={search_term_string}"},"query-input":{"@type":"PropertyValueSpecification","valueRequired":true,"valueName":"search_term_string"}}],"inLanguage":"es"}]}},"_links":{"self":[{"href":"https:\/\/www.osa.coop\/es\/wp-json\/wp\/v2\/pages\/34903","targetHints":{"allow":["GET"]}}],"collection":[{"href":"https:\/\/www.osa.coop\/es\/wp-json\/wp\/v2\/pages"}],"about":[{"href":"https:\/\/www.osa.coop\/es\/wp-json\/wp\/v2\/types\/page"}],"author":[{"embeddable":true,"href":"https:\/\/www.osa.coop\/es\/wp-json\/wp\/v2\/users\/1"}],"replies":[{"embeddable":true,"href":"https:\/\/www.osa.coop\/es\/wp-json\/wp\/v2\/comments?post=34903"}],"version-history":[{"count":15,"href":"https:\/\/www.osa.coop\/es\/wp-json\/wp\/v2\/pages\/34903\/revisions"}],"predecessor-version":[{"id":38687,"href":"https:\/\/www.osa.coop\/es\/wp-json\/wp\/v2\/pages\/34903\/revisions\/38687"}],"up":[{"embeddable":true,"href":"https:\/\/www.osa.coop\/es\/wp-json\/wp\/v2\/pages\/34754"}],"wp:attachment":[{"href":"https:\/\/www.osa.coop\/es\/wp-json\/wp\/v2\/media?parent=34903"}],"curies":[{"name":"wp","href":"https:\/\/api.w.org\/{rel}","templated":true}]}}