{"id":34988,"date":"2022-03-01T16:00:25","date_gmt":"2022-03-01T15:00:25","guid":{"rendered":"https:\/\/www.osa.coop\/la-cooperativa\/las-alianzas\/sistema-de-las-farmacias-de-servicios\/"},"modified":"2022-03-07T14:05:59","modified_gmt":"2022-03-07T13:05:59","slug":"sistema-de-las-farmacias-de-servicios","status":"publish","type":"page","link":"https:\/\/www.osa.coop\/es\/la-cooperativa\/las-alianzas\/sistema-de-las-farmacias-de-servicios\/","title":{"rendered":"Sistema de las farmacias de servicios"},"content":{"rendered":"<p>[et_pb_section fb_built=\u00bb1&#8243; _builder_version=\u00bb4.7.3&#8243; _module_preset=\u00bbdefault\u00bb background_color=\u00bb#3b3b3b\u00bb custom_margin=\u00bb0px||0px||false|false\u00bb custom_padding=\u00bb0px||0px||false|false\u00bb global_module=\u00bb14230&#8243;][et_pb_row module_class=\u00bbx-breadcrumb\u00bb _builder_version=\u00bb4.7.3&#8243; _module_preset=\u00bbdefault\u00bb width=\u00bb96%\u00bb max_width=\u00bb96%\u00bb custom_padding=\u00bb5px||5px||false|false\u00bb][et_pb_column type=\u00bb4_4&#8243; _builder_version=\u00bb4.7.3&#8243; _module_preset=\u00bbdefault\u00bb][et_pb_code _builder_version=\u00bb4.7.3&#8243; _module_preset=\u00bbdefault\u00bb]<span><span><a href=\"https:\/\/www.osa.coop\/es\/\">Home<\/a><\/span><\/span>[\/et_pb_code][\/et_pb_column][\/et_pb_row][\/et_pb_section][et_pb_section fb_built=\u00bb1&#8243; next_background_color=\u00bb#ffffff\u00bb admin_label=\u00bbHero Section\u00bb _builder_version=\u00bb4.7.3&#8243; use_background_color_gradient=\u00bbon\u00bb background_color_gradient_start=\u00bbrgba(0,0,0,0.4)\u00bb background_color_gradient_end=\u00bbrgba(0,0,0,0.4)\u00bb background_color_gradient_overlays_image=\u00bbon\u00bb background_image=\u00bbhttps:\/\/www.osa.coop\/wp-content\/uploads\/2020\/12\/sistemafarmaceutico2.jpg\u00bb background_position=\u00bbcenter_right\u00bb custom_padding=\u00bb6%||6%|\u00bb filter_saturate=\u00bb91%\u00bb filter_brightness=\u00bb157%\u00bb bottom_divider_style=\u00bbslant\u00bb bottom_divider_height=\u00bb60px\u00bb background_color_gradient_direction__hover=\u00bb180deg\u00bb background_color_gradient_direction__hover_enabled=\u00bb180deg\u00bb background_color_gradient_start_position__hover=\u00bb0%\u00bb background_color_gradient_start_position__hover_enabled=\u00bb0%\u00bb background_color_gradient_end_position__hover=\u00bb100%\u00bb background_color_gradient_end_position__hover_enabled=\u00bb100%\u00bb][et_pb_row admin_label=\u00bbT\u00edtulo de la p\u00e1gina\u00bb _builder_version=\u00bb3.25&#8243;][et_pb_column type=\u00bb4_4&#8243; _builder_version=\u00bb3.25&#8243; custom_padding=\u00bb|||\u00bb custom_padding__hover=\u00bb|||\u00bb][et_pb_text admin_label=\u00bbHero Section Title\u00bb _builder_version=\u00bb4.7.3&#8243; text_font=\u00bbMontserrat||||||||\u00bb text_font_size=\u00bb18px\u00bb text_line_height=\u00bb1.8em\u00bb header_font=\u00bbMontserrat|600||on|||||\u00bb header_font_size=\u00bb48px\u00bb header_letter_spacing=\u00bb3px\u00bb header_line_height=\u00bb1.3em\u00bb header_2_font=\u00bbMontserrat|700|||||||\u00bb header_2_text_color=\u00bbrgba(255,255,255,0.6)\u00bb header_2_font_size=\u00bb90px\u00bb header_2_letter_spacing=\u00bb3px\u00bb header_2_line_height=\u00bb1.1em\u00bb text_orientation=\u00bbcenter\u00bb background_layout=\u00bbdark\u00bb max_width=\u00bb700px\u00bb module_alignment=\u00bbcenter\u00bb custom_margin=\u00bb|||\u00bb animation_style=\u00bbzoom\u00bb animation_direction=\u00bbbottom\u00bb header_font_size_tablet=\u00bb\u00bb header_font_size_phone=\u00bb28px\u00bb header_font_size_last_edited=\u00bbon|phone\u00bb header_2_font_size_tablet=\u00bb\u00bb header_2_font_size_phone=\u00bb50px\u00bb header_2_font_size_last_edited=\u00bbon|phone\u00bb]<\/p>\n<p style=\"text-align: center;\">SISTEMA DE LAS FARMACIAS DE SERVICIOS<\/p>\n<h1 style=\"text-align: center;\">La red CAP: m\u00e1s cerca del paciente<\/h1>\n<p>[\/et_pb_text][\/et_pb_column][\/et_pb_row][\/et_pb_section][et_pb_section fb_built=\u00bb1&#8243; _builder_version=\u00bb4.5.1&#8243; _module_preset=\u00bbdefault\u00bb custom_padding=\u00bb6px|||||\u00bb][et_pb_row _builder_version=\u00bb3.25&#8243; module_alignment=\u00bbcenter\u00bb custom_margin=\u00bb|||\u00bb custom_margin_tablet=\u00bb0px|||\u00bb custom_margin_phone=\u00bb0px|||\u00bb custom_margin_last_edited=\u00bboff|desktop\u00bb custom_padding=\u00bb||24px|||\u00bb][et_pb_column type=\u00bb4_4&#8243; _builder_version=\u00bb3.25&#8243; background_color_gradient_direction=\u00bb35deg\u00bb custom_padding=\u00bb|||\u00bb custom_padding_tablet=\u00bb|0px||\u00bb padding_tablet=\u00bb|0px||\u00bb custom_padding__hover=\u00bb|||\u00bb][et_pb_text admin_label=\u00bbTitle\u00bb _builder_version=\u00bb4.7.3&#8243; text_font=\u00bb||||||||\u00bb text_text_color=\u00bb#ffffff\u00bb header_font=\u00bb||||||||\u00bb header_2_font=\u00bbMontserrat|500|||||||\u00bb header_2_font_size=\u00bb30px\u00bb header_2_line_height=\u00bb1.4em\u00bb animation_style=\u00bbfade\u00bb animation_direction=\u00bbright\u00bb animation_starting_opacity=\u00bb100%\u00bb]<\/p>\n<h2>Puesto en marcha como proyecto piloto en el Lacio, propone un modelo de atenci\u00f3n primaria innovador, colocando la as\u00ed llamada \u00abfarmacia de servicios\u00bb en el centro de todo como punto visible del sistema.<\/h2>\n<p>[\/et_pb_text][et_pb_divider color=\u00bb#7cda24&#8243; divider_weight=\u00bb3px\u00bb _builder_version=\u00bb4.7.3&#8243; max_width=\u00bb80px\u00bb animation_style=\u00bbslide\u00bb animation_direction=\u00bbright\u00bb animation_intensity_slide=\u00bb5%\u00bb animation_starting_opacity=\u00bb100%\u00bb][\/et_pb_divider][et_pb_text admin_label=\u00bbTitle\u00bb _builder_version=\u00bb4.7.3&#8243; text_font=\u00bb||||||||\u00bb text_text_color=\u00bb#494949&#8243; header_font=\u00bb||||||||\u00bb header_2_font=\u00bbMontserrat|500|||||||\u00bb header_2_font_size=\u00bb30px\u00bb header_2_line_height=\u00bb1.4em\u00bb animation_style=\u00bbfade\u00bb animation_direction=\u00bbright\u00bb animation_starting_opacity=\u00bb100%\u00bb]<\/p>\n<p>El objetivo del consorcio de atenci\u00f3n primaria, mejor conocido como CAP (Consorzio Assistenza Primaria), es proponerse como nuevo modelo de servicio y como punto de referencia para aquellos ciudadanos que necesitan servicios sociosanitarios de forma r\u00e1pida y a un precio accesible.<\/p>\n<p>La fuerza del CAP reside en su red, es decir, en la conexi\u00f3n de servicios diferentes, capaz de atender todo tipo de exigencias. El principio sobre el que se fundamenta este proyecto innovador es brindar un servicio de asistencia integral, integrado y eficiente a trav\u00e9s de la farmacia, que se convierte as\u00ed en una \u00abfarmacia de servicios\u00bb.<\/p>\n<p>Al facilitar el acceso a la atenci\u00f3n primaria a trav\u00e9s de las farmacias del consorcio, el CAP asegura la continuidad de la asistencia entre el hospital y el territorio, y la total asunci\u00f3n de responsabilidad. <\/p>\n<p>Forman parte de CAP Lacio: Sinfarma Sanit\u00e0, CEF, Cooperativa dei farmacisti, Concoperative Lacio, la cooperativa OSA y un n\u00famero creciente de farmacias de la ciudad de Roma y su provincia. <\/p>\n<p>Se tiene previsto implementar el proyecto en todas las regiones para que la red nacional, fundada el 17 de noviembre de 2014 por los consorcios que operan en Sicilia, Calabria, Campania, Apulia, en el Lacio y en los Abruzos, pueda convertirse en el punto de referencia para un n\u00famero cada vez mayor de consumidores.<\/p>\n<p>[\/et_pb_text][\/et_pb_column][\/et_pb_row][\/et_pb_section]<\/p>\n","protected":false},"excerpt":{"rendered":"<p><span><span><a href=\"https:\/\/www.osa.coop\/es\/\">Home<\/a><\/span><\/span>SISTEMA DE LAS FARMACIAS DE SERVICIOS La red CAP: m\u00e1s cerca del pacientePuesto en marcha como proyecto piloto en el Lacio, propone un modelo de atenci\u00f3n primaria innovador, colocando la as\u00ed llamada \u00abfarmacia de servicios\u00bb en el centro de todo como punto visible del sistema.El objetivo del consorcio de atenci\u00f3n primaria, mejor conocido como CAP [&hellip;]<\/p>\n","protected":false},"author":1,"featured_media":0,"parent":34911,"menu_order":0,"comment_status":"closed","ping_status":"closed","template":"","meta":{"_et_pb_use_builder":"on","_et_pb_old_content":"","_et_gb_content_width":"","footnotes":""},"class_list":["post-34988","page","type-page","status-publish","hentry"],"yoast_head":"<!-- This site is optimized with the Yoast SEO plugin v26.6 - https:\/\/yoast.com\/wordpress\/plugins\/seo\/ -->\n<title>Sistema de las farmacias de servicios - OSA coop<\/title>\n<meta name=\"robots\" content=\"index, follow, max-snippet:-1, max-image-preview:large, max-video-preview:-1\" \/>\n<link rel=\"canonical\" href=\"https:\/\/www.osa.coop\/es\/la-cooperativa\/las-alianzas\/sistema-de-las-farmacias-de-servicios\/\" \/>\n<meta property=\"og:locale\" content=\"es_ES\" \/>\n<meta property=\"og:type\" content=\"article\" \/>\n<meta property=\"og:title\" content=\"Sistema de las farmacias de servicios - OSA coop\" \/>\n<meta property=\"og:description\" content=\"SISTEMA DE LAS FARMACIAS DE SERVICIOS La red CAP: m\u00e1s cerca del pacientePuesto en marcha como proyecto piloto en el Lacio, propone un modelo de atenci\u00f3n primaria innovador, colocando la as\u00ed llamada &quot;farmacia de servicios&quot; en el centro de todo como punto visible del sistema.El objetivo del consorcio de atenci\u00f3n primaria, mejor conocido como CAP [&hellip;]\" \/>\n<meta property=\"og:url\" content=\"https:\/\/www.osa.coop\/es\/la-cooperativa\/las-alianzas\/sistema-de-las-farmacias-de-servicios\/\" \/>\n<meta property=\"og:site_name\" content=\"OSA coop\" \/>\n<meta property=\"article:modified_time\" content=\"2022-03-07T13:05:59+00:00\" \/>\n<meta name=\"twitter:card\" content=\"summary_large_image\" \/>\n<meta name=\"twitter:label1\" content=\"Tiempo de lectura\" \/>\n\t<meta name=\"twitter:data1\" content=\"4 minutos\" \/>\n<script type=\"application\/ld+json\" class=\"yoast-schema-graph\">{\"@context\":\"https:\/\/schema.org\",\"@graph\":[{\"@type\":\"WebPage\",\"@id\":\"https:\/\/www.osa.coop\/es\/la-cooperativa\/las-alianzas\/sistema-de-las-farmacias-de-servicios\/\",\"url\":\"https:\/\/www.osa.coop\/es\/la-cooperativa\/las-alianzas\/sistema-de-las-farmacias-de-servicios\/\",\"name\":\"Sistema de las farmacias de servicios - OSA coop\",\"isPartOf\":{\"@id\":\"https:\/\/www.osa.coop\/es\/#website\"},\"datePublished\":\"2022-03-01T15:00:25+00:00\",\"dateModified\":\"2022-03-07T13:05:59+00:00\",\"breadcrumb\":{\"@id\":\"https:\/\/www.osa.coop\/es\/la-cooperativa\/las-alianzas\/sistema-de-las-farmacias-de-servicios\/#breadcrumb\"},\"inLanguage\":\"es\",\"potentialAction\":[{\"@type\":\"ReadAction\",\"target\":[\"https:\/\/www.osa.coop\/es\/la-cooperativa\/las-alianzas\/sistema-de-las-farmacias-de-servicios\/\"]}]},{\"@type\":\"BreadcrumbList\",\"@id\":\"https:\/\/www.osa.coop\/es\/la-cooperativa\/las-alianzas\/sistema-de-las-farmacias-de-servicios\/#breadcrumb\",\"itemListElement\":[{\"@type\":\"ListItem\",\"position\":1,\"name\":\"Home\",\"item\":\"https:\/\/www.osa.coop\/es\/\"},{\"@type\":\"ListItem\",\"position\":2,\"name\":\"La cooperativa\",\"item\":\"https:\/\/www.osa.coop\/es\/la-cooperativa\/\"},{\"@type\":\"ListItem\",\"position\":3,\"name\":\"Las alianzas\",\"item\":\"https:\/\/www.osa.coop\/es\/la-cooperativa\/le-alleanze\/\"},{\"@type\":\"ListItem\",\"position\":4,\"name\":\"Sistema de las farmacias de servicios\"}]},{\"@type\":\"WebSite\",\"@id\":\"https:\/\/www.osa.coop\/es\/#website\",\"url\":\"https:\/\/www.osa.coop\/es\/\",\"name\":\"OSA coop\",\"description\":\"Operatori Sanitari Associati\",\"potentialAction\":[{\"@type\":\"SearchAction\",\"target\":{\"@type\":\"EntryPoint\",\"urlTemplate\":\"https:\/\/www.osa.coop\/es\/?s={search_term_string}\"},\"query-input\":{\"@type\":\"PropertyValueSpecification\",\"valueRequired\":true,\"valueName\":\"search_term_string\"}}],\"inLanguage\":\"es\"}]}<\/script>\n<!-- \/ Yoast SEO plugin. -->","yoast_head_json":{"title":"Sistema de las farmacias de servicios - OSA coop","robots":{"index":"index","follow":"follow","max-snippet":"max-snippet:-1","max-image-preview":"max-image-preview:large","max-video-preview":"max-video-preview:-1"},"canonical":"https:\/\/www.osa.coop\/es\/la-cooperativa\/las-alianzas\/sistema-de-las-farmacias-de-servicios\/","og_locale":"es_ES","og_type":"article","og_title":"Sistema de las farmacias de servicios - OSA coop","og_description":"SISTEMA DE LAS FARMACIAS DE SERVICIOS La red CAP: m\u00e1s cerca del pacientePuesto en marcha como proyecto piloto en el Lacio, propone un modelo de atenci\u00f3n primaria innovador, colocando la as\u00ed llamada \"farmacia de servicios\" en el centro de todo como punto visible del sistema.El objetivo del consorcio de atenci\u00f3n primaria, mejor conocido como CAP [&hellip;]","og_url":"https:\/\/www.osa.coop\/es\/la-cooperativa\/las-alianzas\/sistema-de-las-farmacias-de-servicios\/","og_site_name":"OSA coop","article_modified_time":"2022-03-07T13:05:59+00:00","twitter_card":"summary_large_image","twitter_misc":{"Tiempo de lectura":"4 minutos"},"schema":{"@context":"https:\/\/schema.org","@graph":[{"@type":"WebPage","@id":"https:\/\/www.osa.coop\/es\/la-cooperativa\/las-alianzas\/sistema-de-las-farmacias-de-servicios\/","url":"https:\/\/www.osa.coop\/es\/la-cooperativa\/las-alianzas\/sistema-de-las-farmacias-de-servicios\/","name":"Sistema de las farmacias de servicios - OSA coop","isPartOf":{"@id":"https:\/\/www.osa.coop\/es\/#website"},"datePublished":"2022-03-01T15:00:25+00:00","dateModified":"2022-03-07T13:05:59+00:00","breadcrumb":{"@id":"https:\/\/www.osa.coop\/es\/la-cooperativa\/las-alianzas\/sistema-de-las-farmacias-de-servicios\/#breadcrumb"},"inLanguage":"es","potentialAction":[{"@type":"ReadAction","target":["https:\/\/www.osa.coop\/es\/la-cooperativa\/las-alianzas\/sistema-de-las-farmacias-de-servicios\/"]}]},{"@type":"BreadcrumbList","@id":"https:\/\/www.osa.coop\/es\/la-cooperativa\/las-alianzas\/sistema-de-las-farmacias-de-servicios\/#breadcrumb","itemListElement":[{"@type":"ListItem","position":1,"name":"Home","item":"https:\/\/www.osa.coop\/es\/"},{"@type":"ListItem","position":2,"name":"La cooperativa","item":"https:\/\/www.osa.coop\/es\/la-cooperativa\/"},{"@type":"ListItem","position":3,"name":"Las alianzas","item":"https:\/\/www.osa.coop\/es\/la-cooperativa\/le-alleanze\/"},{"@type":"ListItem","position":4,"name":"Sistema de las farmacias de servicios"}]},{"@type":"WebSite","@id":"https:\/\/www.osa.coop\/es\/#website","url":"https:\/\/www.osa.coop\/es\/","name":"OSA coop","description":"Operatori Sanitari Associati","potentialAction":[{"@type":"SearchAction","target":{"@type":"EntryPoint","urlTemplate":"https:\/\/www.osa.coop\/es\/?s={search_term_string}"},"query-input":{"@type":"PropertyValueSpecification","valueRequired":true,"valueName":"search_term_string"}}],"inLanguage":"es"}]}},"_links":{"self":[{"href":"https:\/\/www.osa.coop\/es\/wp-json\/wp\/v2\/pages\/34988","targetHints":{"allow":["GET"]}}],"collection":[{"href":"https:\/\/www.osa.coop\/es\/wp-json\/wp\/v2\/pages"}],"about":[{"href":"https:\/\/www.osa.coop\/es\/wp-json\/wp\/v2\/types\/page"}],"author":[{"embeddable":true,"href":"https:\/\/www.osa.coop\/es\/wp-json\/wp\/v2\/users\/1"}],"replies":[{"embeddable":true,"href":"https:\/\/www.osa.coop\/es\/wp-json\/wp\/v2\/comments?post=34988"}],"version-history":[{"count":12,"href":"https:\/\/www.osa.coop\/es\/wp-json\/wp\/v2\/pages\/34988\/revisions"}],"predecessor-version":[{"id":35506,"href":"https:\/\/www.osa.coop\/es\/wp-json\/wp\/v2\/pages\/34988\/revisions\/35506"}],"up":[{"embeddable":true,"href":"https:\/\/www.osa.coop\/es\/wp-json\/wp\/v2\/pages\/34911"}],"wp:attachment":[{"href":"https:\/\/www.osa.coop\/es\/wp-json\/wp\/v2\/media?parent=34988"}],"curies":[{"name":"wp","href":"https:\/\/api.w.org\/{rel}","templated":true}]}}