{"id":35040,"date":"2022-03-02T10:59:35","date_gmt":"2022-03-02T09:59:35","guid":{"rendered":"https:\/\/www.osa.coop\/la-libertad-de-elegir-osa\/"},"modified":"2022-03-07T14:04:49","modified_gmt":"2022-03-07T13:04:49","slug":"la-libertad-de-elegir-osa","status":"publish","type":"page","link":"https:\/\/www.osa.coop\/es\/la-libertad-de-elegir-osa\/","title":{"rendered":"La libertad de elegir OSA"},"content":{"rendered":"<p>[et_pb_section fb_built=\u00bb1&#8243; next_background_color=\u00bbRGBA(0,0,0,0)\u00bb admin_label=\u00bbHero Section\u00bb _builder_version=\u00bb4.7.3&#8243; use_background_color_gradient=\u00bbon\u00bb background_color_gradient_start=\u00bbrgba(0,0,0,0.4)\u00bb background_color_gradient_end=\u00bbrgba(0,0,0,0.4)\u00bb background_color_gradient_overlays_image=\u00bbon\u00bb background_image=\u00bbhttps:\/\/www.osa.coop\/wp-content\/uploads\/2020\/11\/OSA_scegli_1.jpg\u00bb background_position=\u00bbtop_right\u00bb min_height=\u00bb100px\u00bb height=\u00bb349px\u00bb max_height=\u00bb1000px\u00bb custom_padding=\u00bb6%||6%|\u00bb filter_saturate=\u00bb91%\u00bb filter_brightness=\u00bb157%\u00bb bottom_divider_style=\u00bbslant\u00bb bottom_divider_height=\u00bb60px\u00bb background_color_gradient_direction__hover=\u00bb180deg\u00bb background_color_gradient_direction__hover_enabled=\u00bb180deg\u00bb background_color_gradient_start_position__hover=\u00bb0%\u00bb background_color_gradient_start_position__hover_enabled=\u00bb0%\u00bb background_color_gradient_end_position__hover=\u00bb100%\u00bb background_color_gradient_end_position__hover_enabled=\u00bb100%\u00bb][et_pb_row admin_label=\u00bbT\u00edtulo de la p\u00e1gina\u00bb _builder_version=\u00bb3.25&#8243;][et_pb_column type=\u00bb4_4&#8243; _builder_version=\u00bb3.25&#8243; custom_padding=\u00bb|||\u00bb custom_padding__hover=\u00bb|||\u00bb][et_pb_text admin_label=\u00bbHero Section Title\u00bb _builder_version=\u00bb4.9.4&#8243; text_font=\u00bbMontserrat||||||||\u00bb text_font_size=\u00bb18px\u00bb text_line_height=\u00bb1.8em\u00bb header_font=\u00bbMontserrat|600||on|||||\u00bb header_font_size=\u00bb48px\u00bb header_letter_spacing=\u00bb3px\u00bb header_line_height=\u00bb1.3em\u00bb header_2_font=\u00bbMontserrat|700|||||||\u00bb header_2_text_color=\u00bbrgba(255,255,255,0.6)\u00bb header_2_font_size=\u00bb90px\u00bb header_2_letter_spacing=\u00bb3px\u00bb header_2_line_height=\u00bb1.1em\u00bb text_orientation=\u00bbcenter\u00bb background_layout=\u00bbdark\u00bb max_width=\u00bb700px\u00bb module_alignment=\u00bbcenter\u00bb custom_margin=\u00bb|||\u00bb animation_style=\u00bbzoom\u00bb animation_direction=\u00bbbottom\u00bb header_font_size_tablet=\u00bb\u00bb header_font_size_phone=\u00bb28px\u00bb header_font_size_last_edited=\u00bbon|phone\u00bb header_2_font_size_tablet=\u00bb\u00bb header_2_font_size_phone=\u00bb50px\u00bb header_2_font_size_last_edited=\u00bbon|phone\u00bb]<\/p>\n<h1 style=\"text-align: center;\"><strong>La libertad de elegir OSA<\/strong><\/h1>\n<h1><span class=\"s2\"><\/span><\/h1>\n<p>[\/et_pb_text][\/et_pb_column][\/et_pb_row][\/et_pb_section][et_pb_section fb_built=\u00bb1&#8243; _builder_version=\u00bb4.9.4&#8243; _module_preset=\u00bbdefault\u00bb background_color=\u00bbRGBA(0,0,0,0)\u00bb custom_margin=\u00bb0px||0px||false|false\u00bb custom_padding=\u00bb0px||0px||false|false\u00bb global_module=\u00bb14230&#8243; saved_tabs=\u00bball\u00bb][et_pb_row _builder_version=\u00bb4.9.4&#8243; _module_preset=\u00bbdefault\u00bb][et_pb_column type=\u00bb4_4&#8243; _builder_version=\u00bb4.9.4&#8243; _module_preset=\u00bbdefault\u00bb][et_pb_text _builder_version=\u00bb4.9.4&#8243; _module_preset=\u00bbdefault\u00bb][\/et_pb_text][\/et_pb_column][\/et_pb_row][\/et_pb_section][et_pb_section fb_built=\u00bb1&#8243; _builder_version=\u00bb4.9.4&#8243; _module_preset=\u00bbdefault\u00bb custom_margin=\u00bb0px||0px||false|false\u00bb custom_padding=\u00bb0px||0px||false|false\u00bb][et_pb_row column_structure=\u00bb1_3,1_3,1_3&#8243; _builder_version=\u00bb4.7.3&#8243; _module_preset=\u00bbdefault\u00bb][et_pb_column type=\u00bb1_3&#8243; _builder_version=\u00bb4.7.3&#8243; _module_preset=\u00bbdefault\u00bb][et_pb_image src=\u00bbhttps:\/\/www.osa.coop\/wp-content\/uploads\/2020\/07\/1.png\u00bb title_text=\u00bb1&#8243; align=\u00bbcenter\u00bb _builder_version=\u00bb4.7.3&#8243; _module_preset=\u00bbdefault\u00bb][\/et_pb_image][\/et_pb_column][et_pb_column type=\u00bb1_3&#8243; _builder_version=\u00bb4.7.3&#8243; _module_preset=\u00bbdefault\u00bb][et_pb_image src=\u00bbhttps:\/\/www.osa.coop\/wp-content\/uploads\/2020\/07\/2.png\u00bb title_text=\u00bb2&#8243; align=\u00bbcenter\u00bb _builder_version=\u00bb4.7.3&#8243; _module_preset=\u00bbdefault\u00bb][\/et_pb_image][\/et_pb_column][et_pb_column type=\u00bb1_3&#8243; _builder_version=\u00bb4.7.3&#8243; _module_preset=\u00bbdefault\u00bb][et_pb_image src=\u00bbhttps:\/\/www.osa.coop\/wp-content\/uploads\/2020\/07\/3.png\u00bb title_text=\u00bb3&#8243; align=\u00bbcenter\u00bb _builder_version=\u00bb4.7.3&#8243; _module_preset=\u00bbdefault\u00bb][\/et_pb_image][\/et_pb_column][\/et_pb_row][et_pb_row column_structure=\u00bb1_3,1_3,1_3&#8243; _builder_version=\u00bb4.7.3&#8243; _module_preset=\u00bbdefault\u00bb][et_pb_column type=\u00bb1_3&#8243; _builder_version=\u00bb4.7.3&#8243; _module_preset=\u00bbdefault\u00bb][et_pb_text _builder_version=\u00bb4.7.3&#8243; _module_preset=\u00bbdefault\u00bb]<\/p>\n<h4 style=\"text-align: center;\"><strong>ELEGIR OSA<\/strong><\/h4>\n<p style=\"text-align: justify;\">Ahora, gracias a la <strong>acreditaci\u00f3n<\/strong> de la asistencia sanitaria domiciliaria en la REGI\u00d3N DEL LACIO, puedes elegir t\u00fa mismo el organismo que prestar\u00e1 los servicios sanitarios en tu domicilio.<\/p>\n<p>[\/et_pb_text][\/et_pb_column][et_pb_column type=\u00bb1_3&#8243; _builder_version=\u00bb4.7.3&#8243; _module_preset=\u00bbdefault\u00bb][et_pb_text _builder_version=\u00bb4.7.3&#8243; _module_preset=\u00bbdefault\u00bb]<\/p>\n<h4 style=\"text-align: center;\"><strong>A QUI\u00c9N SE DIRIGE EL SERVICIO<\/strong><\/h4>\n<p>El servicio se dirige a los ciudadanos <strong>cuyas enfermedades se pueden tratar en casa<\/strong> y que est\u00e1n inscritos en el <strong>Sistema Regional de Salud<\/strong> (Sistema Sanitario Regionale) y no pueden acceder a la atenci\u00f3n ambulatoria.<\/p>\n<p>[\/et_pb_text][\/et_pb_column][et_pb_column type=\u00bb1_3&#8243; _builder_version=\u00bb4.7.3&#8243; _module_preset=\u00bbdefault\u00bb][et_pb_text _builder_version=\u00bb4.7.3&#8243; _module_preset=\u00bbdefault\u00bb]<\/p>\n<h4 style=\"text-align: center;\"><strong>QUI\u00c9N TIENE DERECHO A LA ASISTENCIA SANITARIA<\/strong><\/h4>\n<p style=\"text-align: justify;\">Pueden beneficiar de la asistencia domiciliaria tambi\u00e9n los <strong>extranjeros residentes en la UE<\/strong> que por razones de estudio y\/o trabajo tienen su domicilio provisional en la Regi\u00f3n y los <strong>extranjeros presentes temporalmente (STP).<\/strong><\/p>\n<p>[\/et_pb_text][\/et_pb_column][\/et_pb_row][\/et_pb_section][et_pb_section fb_built=\u00bb1&#8243; admin_label=\u00bbAbout\u00bb _builder_version=\u00bb4.9.4&#8243; background_color=\u00bbrgba(0,0,0,0)\u00bb custom_margin=\u00bb0px||0px||false|false\u00bb custom_padding=\u00bb0px||0px||false|false\u00bb][et_pb_row column_structure=\u00bb3_5,2_5&#8243; _builder_version=\u00bb4.9.4&#8243; module_alignment=\u00bbcenter\u00bb custom_margin=\u00bb0px|auto|0px|auto|false|false\u00bb custom_margin_tablet=\u00bb0px|||\u00bb custom_margin_phone=\u00bb0px|||\u00bb custom_margin_last_edited=\u00bboff|desktop\u00bb custom_padding=\u00bb0px|0px|0px|0px|false|false\u00bb][et_pb_column type=\u00bb3_5&#8243; _builder_version=\u00bb3.25&#8243; background_color_gradient_direction=\u00bb35deg\u00bb custom_padding=\u00bb|60px|60px|\u00bb custom_padding_tablet=\u00bb|0px||\u00bb custom_padding_phone=\u00bb\u00bb custom_padding_last_edited=\u00bbon|desktop\u00bb padding_tablet=\u00bb|0px||\u00bb padding_last_edited=\u00bbon|desktop\u00bb custom_padding__hover=\u00bb|||\u00bb][et_pb_text admin_label=\u00bbSubtitle\u00bb _builder_version=\u00bb4.7.3&#8243; text_font=\u00bbMontserrat|500||on|||||\u00bb text_text_color=\u00bbrgba(0,0,0,0.25)\u00bb header_font=\u00bb||||||||\u00bb animation_style=\u00bbslide\u00bb animation_direction=\u00bbright\u00bb animation_intensity_slide=\u00bb5%\u00bb animation_starting_opacity=\u00bb100%\u00bb]<\/p>\n<p>Asistencia Domiciliaria Integrada Lacio<\/p>\n<p>[\/et_pb_text][et_pb_text admin_label=\u00bbTitle\u00bb _builder_version=\u00bb4.6.6&#8243; text_font=\u00bb||||||||\u00bb header_font=\u00bb||||||||\u00bb header_2_font=\u00bbMontserrat|500|||||||\u00bb header_2_font_size=\u00bb30px\u00bb header_2_line_height=\u00bb1.4em\u00bb animation_style=\u00bbfade\u00bb animation_direction=\u00bbright\u00bb animation_starting_opacity=\u00bb100%\u00bb]<\/p>\n<h2>OSA y el proceso<br \/>de acreditaci\u00f3n en el Lacio.<\/h2>\n<p>&nbsp;<\/p>\n<h4 class=\"p1\">El proceso de acreditaci\u00f3n de la asistencia domiciliaria en el Lacio es la soluci\u00f3n que OSA ha estado persiguiendo durante a\u00f1os para poner fin <span class=\"Apple-converted-space\">a<\/span> las numerosas anomal\u00edas que, todav\u00eda hoy, resultan del sistema de licitaciones. <\/h4>\n<p>[\/et_pb_text][et_pb_divider color=\u00bb#4866ff\u00bb divider_weight=\u00bb3px\u00bb _builder_version=\u00bb3.2&#8243; max_width=\u00bb80px\u00bb animation_style=\u00bbslide\u00bb animation_direction=\u00bbright\u00bb animation_intensity_slide=\u00bb5%\u00bb animation_starting_opacity=\u00bb100%\u00bb][\/et_pb_divider][\/et_pb_column][et_pb_column type=\u00bb2_5&#8243; _builder_version=\u00bb4.6.6&#8243; use_background_color_gradient=\u00bbon\u00bb background_color_gradient_start=\u00bb#fca820&#8243; background_color_gradient_end=\u00bb#f9b672&#8243; background_color_gradient_direction=\u00bb287deg\u00bb background_color_gradient_start_position=\u00bb47%\u00bb custom_padding=\u00bb|||\u00bb custom_padding__hover=\u00bb|||\u00bb][et_pb_image src=\u00bbhttps:\/\/www.osa.coop\/wp-content\/uploads\/2020\/11\/ADI-LAZIO-accreditamentoLAZIO.jpg\u00bb title_text=\u00bbADI LACIO acreditaci\u00f3n LACIO\u00bb _builder_version=\u00bb4.7.3&#8243; _module_preset=\u00bbdefault\u00bb][\/et_pb_image][\/et_pb_column][\/et_pb_row][et_pb_row column_structure=\u00bb1_2,1_2&#8243; _builder_version=\u00bb4.6.6&#8243; _module_preset=\u00bbdefault\u00bb custom_padding=\u00bb3px|||||\u00bb][et_pb_column type=\u00bb1_2&#8243; _builder_version=\u00bb4.6.6&#8243; _module_preset=\u00bbdefault\u00bb][et_pb_text _builder_version=\u00bb4.6.6&#8243; _module_preset=\u00bbdefault\u00bb custom_padding=\u00bb||0px|||\u00bb]<\/p>\n<p class=\"p1\" style=\"text-align: justify;\">Con el Decreto regional 525 del 30 de diciembre de 2019, se establece que las actividades en r\u00e9gimen de acreditaci\u00f3n empezar\u00e1n el 1 de enero de 2020.<\/p>\n<p class=\"p1\" style=\"text-align: justify;\">Gracias a este nuevo sistema es posible uniformar el tratamiento de los pacientes a nivel regional, de acuerdo con los est\u00e1ndares de calidad establecidos y que se exigen a los organismos acreditados. Al implementar este sistema, la Regi\u00f3n del Lacio ha reconocido que hay individuos cualificados que podr\u00e1n actuar de forma subsidiaria y estable en el sistema p\u00fablico y, al mismo tiempo, ha encontrado una soluci\u00f3n eficaz a la demanda creciente de asistencia en los domicilios, que es el resultado de un aumento de la edad media de la poblaci\u00f3n y de los enfermos cr\u00f3nicos. <\/p>\n<p class=\"p1\" style=\"text-align: justify;\"><span class=\"s1\">Gracias a este sistema, <span class=\"Apple-converted-space\">l<\/span>os pacientes y sus familiares tendr\u00e1n la posibilidad de elegir el organismo acreditado que les atender\u00e1.<\/span><\/p>\n<p>[\/et_pb_text][\/et_pb_column][et_pb_column type=\u00bb1_2&#8243; _builder_version=\u00bb4.6.6&#8243; _module_preset=\u00bbdefault\u00bb][et_pb_text _builder_version=\u00bb4.9.4&#8243; _module_preset=\u00bbdefault\u00bb hover_enabled=\u00bb0&#8243; sticky_enabled=\u00bb0&#8243;]<\/p>\n<p class=\"p1\" style=\"text-align: justify;\"><span class=\"s1\">Una \u00abcompetici\u00f3n\u00bb entre los organismos acreditados que pueda impulsar la calidad de la asistencia. <\/span><\/p>\n<p class=\"p1\" style=\"text-align: justify;\">De hecho, los organismos acreditados ser\u00e1n evaluados regularmente para averiguar si cumplen con los requisitos b\u00e1sicos y con los est\u00e1ndares de calidad en los servicios brindados.<\/p>\n<p class=\"p1\" style=\"text-align: justify;\">OSA estuvo lista desde el principio para este nuevo proyecto y sigui\u00f3 de cerca el proceso de autorizaci\u00f3n y acreditaci\u00f3n.<\/p>\n<p class=\"p1\" style=\"text-align: justify;\">En la actualidad, existen en el Lacio ya 9 Centros de operaciones autorizados y acreditados y con m\u00e1s de 700 operadores que cada d\u00eda brindan asistencia domiciliaria.<\/p>\n<p class=\"p1\" style=\"text-align: justify;\">Los Centros de operaciones Roma1, Roma2, Roma3, Roma4, Roma5, Latina, Frosinone y Viterbo ya est\u00e1n funcionando y han suscrito los acuerdos de contrato con las ASL.<\/p>\n<p>[\/et_pb_text][\/et_pb_column][\/et_pb_row][\/et_pb_section][et_pb_section fb_built=\u00bb1&#8243; admin_label=\u00bbQuote\u00bb _builder_version=\u00bb4.9.4&#8243; background_color=\u00bb#00457A\u00bb background_color_gradient_direction=\u00bb48deg\u00bb max_width=\u00bb100%\u00bb max_width_tablet=\u00bb100%\u00bb max_width_phone=\u00bb\u00bb max_width_last_edited=\u00bbon|desktop\u00bb custom_margin=\u00bb0px||0px||false|false\u00bb custom_padding=\u00bb0px||0px||false|false\u00bb][et_pb_row _builder_version=\u00bb4.9.4&#8243; width=\u00bb100%\u00bb max_width=\u00bb2560%\u00bb module_alignment=\u00bbcenter\u00bb custom_margin=\u00bb|-12%||\u00bb custom_margin_tablet=\u00bb|10%||10%\u00bb custom_margin_phone=\u00bb\u00bb custom_margin_last_edited=\u00bbon|tablet\u00bb custom_padding=\u00bb|||\u00bb use_custom_width=\u00bbon\u00bb width_unit=\u00bboff\u00bb][et_pb_column type=\u00bb4_4&#8243; _builder_version=\u00bb3.25&#8243; custom_padding=\u00bb|||\u00bb custom_padding__hover=\u00bb|||\u00bb][et_pb_text _builder_version=\u00bb4.9.4&#8243; text_font=\u00bbMontserrat||||||||\u00bb text_font_size=\u00bb24px\u00bb text_line_height=\u00bb1.6em\u00bb header_font=\u00bb||||||||\u00bb background_layout=\u00bbdark\u00bb animation_style=\u00bbfade\u00bb hover_enabled=\u00bb0&#8243; sticky_enabled=\u00bb0&#8243;]<\/p>\n<h2 style=\"text-align: center;\">CONT\u00c1CTANOS PARA M\u00c1S INFORMACI\u00d3N<\/h2>\n<h1 style=\"text-align: center;\"><span style=\"color: #ffffff;\"><a href=\"mailto:chiediaosa@osa.coop\" style=\"color: #ffffff;\">chiediaosa@osa.coop<\/a><\/span><br \/><strong><span style=\"color: #99cc00;\">n\u00famero gratuito 800 933 307<\/span><\/strong><\/h1>\n<p>[\/et_pb_text][\/et_pb_column][\/et_pb_row][et_pb_row _builder_version=\u00bb4.9.4&#8243; _module_preset=\u00bbdefault\u00bb][et_pb_column type=\u00bb4_4&#8243; _builder_version=\u00bb4.9.4&#8243; _module_preset=\u00bbdefault\u00bb][et_pb_button button_url=\u00bbhttps:\/\/www.osa.coop\/wp-content\/uploads\/2021\/03\/OSA-carta-servizi-rev.pdf\u00bb button_text=\u00bbDESCARGA LA CARTA DE SERVICIOS ADI LACIO\u00bb button_alignment=\u00bbcenter\u00bb _builder_version=\u00bb4.9.4&#8243; _module_preset=\u00bbdefault\u00bb background_layout=\u00bbdark\u00bb][\/et_pb_button][\/et_pb_column][\/et_pb_row][\/et_pb_section][et_pb_section fb_built=\u00bb1&#8243; _builder_version=\u00bb4.9.4&#8243; _module_preset=\u00bbdefault\u00bb custom_margin=\u00bb0px||0px||false|false\u00bb custom_padding=\u00bb0px||0px||false|false\u00bb][et_pb_row column_structure=\u00bb1_3,1_3,1_3&#8243; _builder_version=\u00bb4.7.3&#8243; _module_preset=\u00bbdefault\u00bb][et_pb_column type=\u00bb1_3&#8243; _builder_version=\u00bb4.7.3&#8243; _module_preset=\u00bbdefault\u00bb][et_pb_button button_url=\u00bbhttps:\/\/www.osa.coop\/es\/como-acceder-a-la-asistencia-sanitaria-domiciliaria-osa\/\u00bb button_text=\u00bbACCEDER AL SERVICIO\u00bb button_alignment=\u00bbcenter\u00bb _builder_version=\u00bb4.7.3&#8243; _module_preset=\u00bbdefault\u00bb][\/et_pb_button][\/et_pb_column][et_pb_column type=\u00bb1_3&#8243; _builder_version=\u00bb4.7.3&#8243; _module_preset=\u00bbdefault\u00bb][et_pb_button button_url=\u00bbhttps:\/\/www.osa.coop\/es\/por-que-elegir-osa\/\u00bb button_text=\u00bbLAS OFICINAS EN EL LACIO\u00bb button_alignment=\u00bbcenter\u00bb _builder_version=\u00bb4.7.3&#8243; _module_preset=\u00bbdefault\u00bb][\/et_pb_button][\/et_pb_column][et_pb_column type=\u00bb1_3&#8243; _builder_version=\u00bb4.7.3&#8243; _module_preset=\u00bbdefault\u00bb][et_pb_button button_url=\u00bbhttps:\/\/www.osa.coop\/es\/los-servicios\/asistencia-domiciliaria\/asistencia-domiciliaria-lacio\/\u00bb button_text=\u00bbASISTENCIA DOMICILIARIA\u00bb _builder_version=\u00bb4.9.4&#8243; _module_preset=\u00bbdefault\u00bb][\/et_pb_button][\/et_pb_column][\/et_pb_row][\/et_pb_section]<\/p>\n","protected":false},"excerpt":{"rendered":"<p>La libertad de elegir OSA ELEGIR OSA Ahora, gracias a la acreditaci\u00f3n de la asistencia sanitaria domiciliaria en la REGI\u00d3N DEL LACIO, puedes elegir t\u00fa mismo el organismo que prestar\u00e1 los servicios sanitarios en tu domicilio.A QUI\u00c9N SE DIRIGE EL SERVICIO El servicio se dirige a los ciudadanos cuyas enfermedades se pueden tratar en casa [&hellip;]<\/p>\n","protected":false},"author":1,"featured_media":0,"parent":0,"menu_order":0,"comment_status":"closed","ping_status":"closed","template":"","meta":{"_et_pb_use_builder":"on","_et_pb_old_content":"","_et_gb_content_width":"","footnotes":""},"class_list":["post-35040","page","type-page","status-publish","hentry"],"yoast_head":"<!-- This site is optimized with the Yoast SEO plugin v26.6 - https:\/\/yoast.com\/wordpress\/plugins\/seo\/ -->\n<title>La libertad de elegir OSA - OSA coop<\/title>\n<meta name=\"robots\" content=\"index, follow, max-snippet:-1, max-image-preview:large, max-video-preview:-1\" \/>\n<link rel=\"canonical\" href=\"https:\/\/www.osa.coop\/es\/la-libertad-de-elegir-osa\/\" \/>\n<meta property=\"og:locale\" content=\"es_ES\" \/>\n<meta property=\"og:type\" content=\"article\" \/>\n<meta property=\"og:title\" content=\"La libertad de elegir OSA - OSA coop\" \/>\n<meta property=\"og:description\" content=\"La libertad de elegir OSA ELEGIR OSA Ahora, gracias a la acreditaci\u00f3n de la asistencia sanitaria domiciliaria en la REGI\u00d3N DEL LACIO, puedes elegir t\u00fa mismo el organismo que prestar\u00e1 los servicios sanitarios en tu domicilio.A QUI\u00c9N SE DIRIGE EL SERVICIO El servicio se dirige a los ciudadanos cuyas enfermedades se pueden tratar en casa [&hellip;]\" \/>\n<meta property=\"og:url\" content=\"https:\/\/www.osa.coop\/es\/la-libertad-de-elegir-osa\/\" \/>\n<meta property=\"og:site_name\" content=\"OSA coop\" \/>\n<meta property=\"article:modified_time\" content=\"2022-03-07T13:04:49+00:00\" \/>\n<meta name=\"twitter:card\" content=\"summary_large_image\" \/>\n<meta name=\"twitter:label1\" content=\"Tiempo de lectura\" \/>\n\t<meta name=\"twitter:data1\" content=\"8 minutos\" \/>\n<script type=\"application\/ld+json\" class=\"yoast-schema-graph\">{\"@context\":\"https:\/\/schema.org\",\"@graph\":[{\"@type\":\"WebPage\",\"@id\":\"https:\/\/www.osa.coop\/es\/la-libertad-de-elegir-osa\/\",\"url\":\"https:\/\/www.osa.coop\/es\/la-libertad-de-elegir-osa\/\",\"name\":\"La libertad de elegir OSA - OSA coop\",\"isPartOf\":{\"@id\":\"https:\/\/www.osa.coop\/es\/#website\"},\"datePublished\":\"2022-03-02T09:59:35+00:00\",\"dateModified\":\"2022-03-07T13:04:49+00:00\",\"breadcrumb\":{\"@id\":\"https:\/\/www.osa.coop\/es\/la-libertad-de-elegir-osa\/#breadcrumb\"},\"inLanguage\":\"es\",\"potentialAction\":[{\"@type\":\"ReadAction\",\"target\":[\"https:\/\/www.osa.coop\/es\/la-libertad-de-elegir-osa\/\"]}]},{\"@type\":\"BreadcrumbList\",\"@id\":\"https:\/\/www.osa.coop\/es\/la-libertad-de-elegir-osa\/#breadcrumb\",\"itemListElement\":[{\"@type\":\"ListItem\",\"position\":1,\"name\":\"Home\",\"item\":\"https:\/\/www.osa.coop\/es\/\"},{\"@type\":\"ListItem\",\"position\":2,\"name\":\"La libertad de elegir OSA\"}]},{\"@type\":\"WebSite\",\"@id\":\"https:\/\/www.osa.coop\/es\/#website\",\"url\":\"https:\/\/www.osa.coop\/es\/\",\"name\":\"OSA coop\",\"description\":\"Operatori Sanitari Associati\",\"potentialAction\":[{\"@type\":\"SearchAction\",\"target\":{\"@type\":\"EntryPoint\",\"urlTemplate\":\"https:\/\/www.osa.coop\/es\/?s={search_term_string}\"},\"query-input\":{\"@type\":\"PropertyValueSpecification\",\"valueRequired\":true,\"valueName\":\"search_term_string\"}}],\"inLanguage\":\"es\"}]}<\/script>\n<!-- \/ Yoast SEO plugin. -->","yoast_head_json":{"title":"La libertad de elegir OSA - OSA coop","robots":{"index":"index","follow":"follow","max-snippet":"max-snippet:-1","max-image-preview":"max-image-preview:large","max-video-preview":"max-video-preview:-1"},"canonical":"https:\/\/www.osa.coop\/es\/la-libertad-de-elegir-osa\/","og_locale":"es_ES","og_type":"article","og_title":"La libertad de elegir OSA - OSA coop","og_description":"La libertad de elegir OSA ELEGIR OSA Ahora, gracias a la acreditaci\u00f3n de la asistencia sanitaria domiciliaria en la REGI\u00d3N DEL LACIO, puedes elegir t\u00fa mismo el organismo que prestar\u00e1 los servicios sanitarios en tu domicilio.A QUI\u00c9N SE DIRIGE EL SERVICIO El servicio se dirige a los ciudadanos cuyas enfermedades se pueden tratar en casa [&hellip;]","og_url":"https:\/\/www.osa.coop\/es\/la-libertad-de-elegir-osa\/","og_site_name":"OSA coop","article_modified_time":"2022-03-07T13:04:49+00:00","twitter_card":"summary_large_image","twitter_misc":{"Tiempo de lectura":"8 minutos"},"schema":{"@context":"https:\/\/schema.org","@graph":[{"@type":"WebPage","@id":"https:\/\/www.osa.coop\/es\/la-libertad-de-elegir-osa\/","url":"https:\/\/www.osa.coop\/es\/la-libertad-de-elegir-osa\/","name":"La libertad de elegir OSA - OSA coop","isPartOf":{"@id":"https:\/\/www.osa.coop\/es\/#website"},"datePublished":"2022-03-02T09:59:35+00:00","dateModified":"2022-03-07T13:04:49+00:00","breadcrumb":{"@id":"https:\/\/www.osa.coop\/es\/la-libertad-de-elegir-osa\/#breadcrumb"},"inLanguage":"es","potentialAction":[{"@type":"ReadAction","target":["https:\/\/www.osa.coop\/es\/la-libertad-de-elegir-osa\/"]}]},{"@type":"BreadcrumbList","@id":"https:\/\/www.osa.coop\/es\/la-libertad-de-elegir-osa\/#breadcrumb","itemListElement":[{"@type":"ListItem","position":1,"name":"Home","item":"https:\/\/www.osa.coop\/es\/"},{"@type":"ListItem","position":2,"name":"La libertad de elegir OSA"}]},{"@type":"WebSite","@id":"https:\/\/www.osa.coop\/es\/#website","url":"https:\/\/www.osa.coop\/es\/","name":"OSA coop","description":"Operatori Sanitari Associati","potentialAction":[{"@type":"SearchAction","target":{"@type":"EntryPoint","urlTemplate":"https:\/\/www.osa.coop\/es\/?s={search_term_string}"},"query-input":{"@type":"PropertyValueSpecification","valueRequired":true,"valueName":"search_term_string"}}],"inLanguage":"es"}]}},"_links":{"self":[{"href":"https:\/\/www.osa.coop\/es\/wp-json\/wp\/v2\/pages\/35040","targetHints":{"allow":["GET"]}}],"collection":[{"href":"https:\/\/www.osa.coop\/es\/wp-json\/wp\/v2\/pages"}],"about":[{"href":"https:\/\/www.osa.coop\/es\/wp-json\/wp\/v2\/types\/page"}],"author":[{"embeddable":true,"href":"https:\/\/www.osa.coop\/es\/wp-json\/wp\/v2\/users\/1"}],"replies":[{"embeddable":true,"href":"https:\/\/www.osa.coop\/es\/wp-json\/wp\/v2\/comments?post=35040"}],"version-history":[{"count":20,"href":"https:\/\/www.osa.coop\/es\/wp-json\/wp\/v2\/pages\/35040\/revisions"}],"predecessor-version":[{"id":35500,"href":"https:\/\/www.osa.coop\/es\/wp-json\/wp\/v2\/pages\/35040\/revisions\/35500"}],"wp:attachment":[{"href":"https:\/\/www.osa.coop\/es\/wp-json\/wp\/v2\/media?parent=35040"}],"curies":[{"name":"wp","href":"https:\/\/api.w.org\/{rel}","templated":true}]}}