{"id":35166,"date":"2022-03-04T11:03:55","date_gmt":"2022-03-04T10:03:55","guid":{"rendered":"https:\/\/www.osa.coop\/sistema-de-gestion-de-la-calidad-iso-9001\/"},"modified":"2022-03-07T13:59:29","modified_gmt":"2022-03-07T12:59:29","slug":"sistema-de-gestion-de-la-calidad-iso-9001","status":"publish","type":"page","link":"https:\/\/www.osa.coop\/es\/sistema-de-gestion-de-la-calidad-iso-9001\/","title":{"rendered":"SISTEMA DE GESTI\u00d3N DE LA CALIDAD (ISO 9001)"},"content":{"rendered":"<p>[et_pb_section fb_built=\u00bb1&#8243; next_background_color=\u00bb#ffffff\u00bb admin_label=\u00bbHero Section\u00bb _builder_version=\u00bb4.9.4&#8243; background_color=\u00bb#1a0052&#8243; use_background_color_gradient=\u00bbon\u00bb background_color_gradient_start=\u00bbrgba(0,0,0,0.4)\u00bb background_color_gradient_end=\u00bbrgba(0,0,0,0.4)\u00bb background_color_gradient_overlays_image=\u00bbon\u00bb background_enable_image=\u00bboff\u00bb background_position=\u00bbcenter_right\u00bb custom_padding=\u00bb||||false|false\u00bb filter_saturate=\u00bb91%\u00bb filter_brightness=\u00bb157%\u00bb bottom_divider_style=\u00bbslant\u00bb bottom_divider_height=\u00bb60px\u00bb global_colors_info=\u00bb{}\u00bb background_color_gradient_direction__hover=\u00bb180deg\u00bb background_color_gradient_direction__hover_enabled=\u00bb180deg\u00bb background_color_gradient_start_position__hover=\u00bb0%\u00bb background_color_gradient_start_position__hover_enabled=\u00bb0%\u00bb background_color_gradient_end_position__hover=\u00bb100%\u00bb background_color_gradient_end_position__hover_enabled=\u00bb100%\u00bb][et_pb_row admin_label=\u00bbT\u00edtulo de la p\u00e1gina\u00bb _builder_version=\u00bb4.9.4&#8243; custom_padding=\u00bb||||false|false\u00bb global_colors_info=\u00bb{}\u00bb][et_pb_column type=\u00bb4_4&#8243; _builder_version=\u00bb3.25&#8243; custom_padding=\u00bb|||\u00bb global_colors_info=\u00bb{}\u00bb custom_padding__hover=\u00bb|||\u00bb][et_pb_text admin_label=\u00bbHero Section Title\u00bb _builder_version=\u00bb4.9.4&#8243; text_font=\u00bbMontserrat||||||||\u00bb text_font_size=\u00bb18px\u00bb text_line_height=\u00bb1.8em\u00bb header_font=\u00bbMontserrat|600||on|||||\u00bb header_font_size=\u00bb48px\u00bb header_letter_spacing=\u00bb3px\u00bb header_line_height=\u00bb1.3em\u00bb header_2_font=\u00bbMontserrat|700|||||||\u00bb header_2_text_color=\u00bbrgba(255,255,255,0.6)\u00bb header_2_font_size=\u00bb90px\u00bb header_2_letter_spacing=\u00bb3px\u00bb header_2_line_height=\u00bb1.1em\u00bb text_orientation=\u00bbcenter\u00bb background_layout=\u00bbdark\u00bb max_width=\u00bb700px\u00bb module_alignment=\u00bbcenter\u00bb custom_margin=\u00bb|||\u00bb animation_style=\u00bbzoom\u00bb animation_direction=\u00bbbottom\u00bb header_font_size_tablet=\u00bb\u00bb header_font_size_phone=\u00bb28px\u00bb header_font_size_last_edited=\u00bbon|phone\u00bb header_2_font_size_tablet=\u00bb\u00bb header_2_font_size_phone=\u00bb50px\u00bb header_2_font_size_last_edited=\u00bbon|phone\u00bb global_colors_info=\u00bb{}\u00bb]<\/p>\n<h4><strong>LAS CERTIFICACIONES<\/strong><\/h4>\n<h4>SISTEMA DE GESTI\u00d3N DE LA CALIDAD (ISO 9001)<\/h4>\n<p>[\/et_pb_text][\/et_pb_column][\/et_pb_row][\/et_pb_section][et_pb_section fb_built=\u00bb1&#8243; _builder_version=\u00bb4.9.4&#8243; _module_preset=\u00bbdefault\u00bb global_colors_info=\u00bb{}\u00bb][et_pb_row _builder_version=\u00bb4.7.7&#8243; _module_preset=\u00bbdefault\u00bb global_colors_info=\u00bb{}\u00bb][et_pb_column type=\u00bb4_4&#8243; _builder_version=\u00bb4.7.7&#8243; _module_preset=\u00bbdefault\u00bb global_colors_info=\u00bb{}\u00bb][et_pb_text _builder_version=\u00bb4.9.4&#8243; _module_preset=\u00bbdefault\u00bb global_colors_info=\u00bb{}\u00bb]<\/p>\n<p style=\"text-align: justify;\">En 2001, OSA fue una de las primeras organizaciones italianas en obtener la Certificaci\u00f3n de Calidad seg\u00fan la norma ISO 9001 de 1994, renov\u00e1ndola a lo largo del tiempo hasta el d\u00eda de hoy. La normativa expone una serie de directrices \u00fatiles para la realizaci\u00f3n de un Sistema de Gesti\u00f3n de la Calidad destinado a definir los procesos de la empresa, a mejorar constantemente la eficacia y la eficiencia de la prestaci\u00f3n de servicios, y a satisfacer las necesidades de los clientes. Todos los procesos de la empresa primero son analizados y despu\u00e9s convertidos en protocolos que permiten estandarizar las actividades y monitorearlas en cada una de sus fases. Un m\u00e9todo que permite establecer previamente cu\u00e1l es la mejor manera de realizar el trabajo. A trav\u00e9s de una comisi\u00f3n de expertos, los organismos miembros de la ISO analizan peri\u00f3dicamente las normas para asegurarse de que est\u00e9n actualizadas y garantizar su aplicabilidad en contextos en constante cambio. La adaptaci\u00f3n a las normas ISO asegura a las partes interesadas servicios con est\u00e1ndares de calidad elevados y constantes a lo largo del tiempo. Por lo tanto, la certificaci\u00f3n no es s\u00f3lo un factor t\u00e9cnico, sino que incluye aspectos de organizaci\u00f3n y gesti\u00f3n que implican a toda la Cooperativa.<\/p>\n<p>[\/et_pb_text][et_pb_text admin_label=\u00bbdoc-certificazione\u00bb module_class=\u00bbx-row-elencopdf\u00bb _builder_version=\u00bb4.10.8&#8243; _module_preset=\u00bbdefault\u00bb min_height=\u00bb77px\u00bb custom_padding=\u00bb30px|||||\u00bb link_option_url_new_window=\u00bbon\u00bb hover_enabled=\u00bb0&#8243; border_width_bottom=\u00bb1px\u00bb border_color_bottom=\u00bb#18bf01&#8243; global_colors_info=\u00bb{}\u00bb sticky_enabled=\u00bb0&#8243;]<\/p>\n<p>&nbsp;<\/p>\n<p><a href=\"https:\/\/www.osa.coop\/wp-content\/uploads\/2021\/11\/C.9001.pdf\" target=\"_blank\" rel=\"noopener\"><span><img loading=\"lazy\" decoding=\"async\" src=\"https:\/\/www.osa.coop\/wp-content\/uploads\/2020\/11\/DIMITTO-1.png\" width=\"310\" height=\"308\" alt=\"\" class=\"wp-image-13662 alignnone size-full\" srcset=\"https:\/\/www.osa.coop\/wp-content\/uploads\/2020\/11\/DIMITTO-1.png 310w, https:\/\/www.osa.coop\/wp-content\/uploads\/2020\/11\/DIMITTO-1-300x298.png 300w, https:\/\/www.osa.coop\/wp-content\/uploads\/2020\/11\/DIMITTO-1-150x150.png 150w\" sizes=\"auto, (max-width: 310px) 100vw, 310px\" \/><\/span>  <span><strong>Sistema de gesti\u00f3n de la calidad<\/strong><\/span><\/a><span><strong><a href=\"https:\/\/www.osa.coop\/wp-content\/uploads\/2021\/11\/Politica-QSA-2020.pdf\" title=\"Pol\u00edtica OSA\"><\/a><\/strong><\/span><\/p>\n<p>[\/et_pb_text][et_pb_text admin_label=\u00bbdoc-certificazione\u00bb module_class=\u00bbx-row-elencopdf\u00bb _builder_version=\u00bb4.10.8&#8243; _module_preset=\u00bbdefault\u00bb min_height=\u00bb77px\u00bb custom_padding=\u00bb30px|||||\u00bb link_option_url_new_window=\u00bbon\u00bb hover_enabled=\u00bb0&#8243; border_width_bottom=\u00bb1px\u00bb border_color_bottom=\u00bb#18bf01&#8243; global_colors_info=\u00bb{}\u00bb sticky_enabled=\u00bb0&#8243;]<\/p>\n<p>&nbsp;<\/p>\n<p><a href=\"https:\/\/www.osa.coop\/wp-content\/uploads\/2021\/11\/Politica-QSA-2020.pdf\" target=\"_blank\" rel=\"noopener\"><img loading=\"lazy\" decoding=\"async\" src=\"https:\/\/www.osa.coop\/wp-content\/uploads\/2021\/11\/PDF_download.jpg\" width=\"310\" height=\"310\" alt=\"\" class=\"wp-image-31464 alignnone size-full\" srcset=\"https:\/\/www.osa.coop\/wp-content\/uploads\/2021\/11\/PDF_download.jpg 310w, https:\/\/www.osa.coop\/wp-content\/uploads\/2021\/11\/PDF_download-300x300.jpg 300w, https:\/\/www.osa.coop\/wp-content\/uploads\/2021\/11\/PDF_download-150x150.jpg 150w\" sizes=\"auto, (max-width: 310px) 100vw, 310px\" \/> <strong>Pol\u00edtica OSA<\/strong><\/a><\/p>\n<p>[\/et_pb_text][\/et_pb_column][\/et_pb_row][\/et_pb_section]<\/p>\n","protected":false},"excerpt":{"rendered":"<p>LAS CERTIFICACIONES SISTEMA DE GESTI\u00d3N DE LA CALIDAD (ISO 9001)En 2001, OSA fue una de las primeras organizaciones italianas en obtener la Certificaci\u00f3n de Calidad seg\u00fan la norma ISO 9001 de 1994, renov\u00e1ndola a lo largo del tiempo hasta el d\u00eda de hoy. La normativa expone una serie de directrices \u00fatiles para la realizaci\u00f3n de [&hellip;]<\/p>\n","protected":false},"author":1,"featured_media":0,"parent":0,"menu_order":0,"comment_status":"closed","ping_status":"closed","template":"","meta":{"_et_pb_use_builder":"on","_et_pb_old_content":"","_et_gb_content_width":"","footnotes":""},"class_list":["post-35166","page","type-page","status-publish","hentry"],"yoast_head":"<!-- This site is optimized with the Yoast SEO plugin v26.6 - https:\/\/yoast.com\/wordpress\/plugins\/seo\/ -->\n<title>SISTEMA DE GESTI\u00d3N DE LA CALIDAD (ISO 9001) - OSA coop<\/title>\n<meta name=\"robots\" content=\"index, follow, max-snippet:-1, max-image-preview:large, max-video-preview:-1\" \/>\n<link rel=\"canonical\" href=\"https:\/\/www.osa.coop\/es\/sistema-de-gestion-de-la-calidad-iso-9001\/\" \/>\n<meta property=\"og:locale\" content=\"es_ES\" \/>\n<meta property=\"og:type\" content=\"article\" \/>\n<meta property=\"og:title\" content=\"SISTEMA DE GESTI\u00d3N DE LA CALIDAD (ISO 9001) - OSA coop\" \/>\n<meta property=\"og:description\" content=\"LAS CERTIFICACIONES SISTEMA DE GESTI\u00d3N DE LA CALIDAD (ISO 9001)En 2001, OSA fue una de las primeras organizaciones italianas en obtener la Certificaci\u00f3n de Calidad seg\u00fan la norma ISO 9001 de 1994, renov\u00e1ndola a lo largo del tiempo hasta el d\u00eda de hoy. La normativa expone una serie de directrices \u00fatiles para la realizaci\u00f3n de [&hellip;]\" \/>\n<meta property=\"og:url\" content=\"https:\/\/www.osa.coop\/es\/sistema-de-gestion-de-la-calidad-iso-9001\/\" \/>\n<meta property=\"og:site_name\" content=\"OSA coop\" \/>\n<meta property=\"article:modified_time\" content=\"2022-03-07T12:59:29+00:00\" \/>\n<meta property=\"og:image\" content=\"https:\/\/www.osa.coop\/wp-content\/uploads\/2020\/11\/DIMITTO-1.png\" \/>\n<meta name=\"twitter:card\" content=\"summary_large_image\" \/>\n<meta name=\"twitter:label1\" content=\"Tiempo de lectura\" \/>\n\t<meta name=\"twitter:data1\" content=\"3 minutos\" \/>\n<script type=\"application\/ld+json\" class=\"yoast-schema-graph\">{\"@context\":\"https:\/\/schema.org\",\"@graph\":[{\"@type\":\"WebPage\",\"@id\":\"https:\/\/www.osa.coop\/es\/sistema-de-gestion-de-la-calidad-iso-9001\/\",\"url\":\"https:\/\/www.osa.coop\/es\/sistema-de-gestion-de-la-calidad-iso-9001\/\",\"name\":\"SISTEMA DE GESTI\u00d3N DE LA CALIDAD (ISO 9001) - OSA coop\",\"isPartOf\":{\"@id\":\"https:\/\/www.osa.coop\/es\/#website\"},\"primaryImageOfPage\":{\"@id\":\"https:\/\/www.osa.coop\/es\/sistema-de-gestion-de-la-calidad-iso-9001\/#primaryimage\"},\"image\":{\"@id\":\"https:\/\/www.osa.coop\/es\/sistema-de-gestion-de-la-calidad-iso-9001\/#primaryimage\"},\"thumbnailUrl\":\"https:\/\/www.osa.coop\/wp-content\/uploads\/2020\/11\/DIMITTO-1.png\",\"datePublished\":\"2022-03-04T10:03:55+00:00\",\"dateModified\":\"2022-03-07T12:59:29+00:00\",\"breadcrumb\":{\"@id\":\"https:\/\/www.osa.coop\/es\/sistema-de-gestion-de-la-calidad-iso-9001\/#breadcrumb\"},\"inLanguage\":\"es\",\"potentialAction\":[{\"@type\":\"ReadAction\",\"target\":[\"https:\/\/www.osa.coop\/es\/sistema-de-gestion-de-la-calidad-iso-9001\/\"]}]},{\"@type\":\"ImageObject\",\"inLanguage\":\"es\",\"@id\":\"https:\/\/www.osa.coop\/es\/sistema-de-gestion-de-la-calidad-iso-9001\/#primaryimage\",\"url\":\"https:\/\/www.osa.coop\/wp-content\/uploads\/2020\/11\/DIMITTO-1.png\",\"contentUrl\":\"https:\/\/www.osa.coop\/wp-content\/uploads\/2020\/11\/DIMITTO-1.png\"},{\"@type\":\"BreadcrumbList\",\"@id\":\"https:\/\/www.osa.coop\/es\/sistema-de-gestion-de-la-calidad-iso-9001\/#breadcrumb\",\"itemListElement\":[{\"@type\":\"ListItem\",\"position\":1,\"name\":\"Home\",\"item\":\"https:\/\/www.osa.coop\/es\/\"},{\"@type\":\"ListItem\",\"position\":2,\"name\":\"SISTEMA DE GESTI\u00d3N DE LA CALIDAD (ISO 9001)\"}]},{\"@type\":\"WebSite\",\"@id\":\"https:\/\/www.osa.coop\/es\/#website\",\"url\":\"https:\/\/www.osa.coop\/es\/\",\"name\":\"OSA coop\",\"description\":\"Operatori Sanitari Associati\",\"potentialAction\":[{\"@type\":\"SearchAction\",\"target\":{\"@type\":\"EntryPoint\",\"urlTemplate\":\"https:\/\/www.osa.coop\/es\/?s={search_term_string}\"},\"query-input\":{\"@type\":\"PropertyValueSpecification\",\"valueRequired\":true,\"valueName\":\"search_term_string\"}}],\"inLanguage\":\"es\"}]}<\/script>\n<!-- \/ Yoast SEO plugin. -->","yoast_head_json":{"title":"SISTEMA DE GESTI\u00d3N DE LA CALIDAD (ISO 9001) - OSA coop","robots":{"index":"index","follow":"follow","max-snippet":"max-snippet:-1","max-image-preview":"max-image-preview:large","max-video-preview":"max-video-preview:-1"},"canonical":"https:\/\/www.osa.coop\/es\/sistema-de-gestion-de-la-calidad-iso-9001\/","og_locale":"es_ES","og_type":"article","og_title":"SISTEMA DE GESTI\u00d3N DE LA CALIDAD (ISO 9001) - OSA coop","og_description":"LAS CERTIFICACIONES SISTEMA DE GESTI\u00d3N DE LA CALIDAD (ISO 9001)En 2001, OSA fue una de las primeras organizaciones italianas en obtener la Certificaci\u00f3n de Calidad seg\u00fan la norma ISO 9001 de 1994, renov\u00e1ndola a lo largo del tiempo hasta el d\u00eda de hoy. La normativa expone una serie de directrices \u00fatiles para la realizaci\u00f3n de [&hellip;]","og_url":"https:\/\/www.osa.coop\/es\/sistema-de-gestion-de-la-calidad-iso-9001\/","og_site_name":"OSA coop","article_modified_time":"2022-03-07T12:59:29+00:00","og_image":[{"url":"https:\/\/www.osa.coop\/wp-content\/uploads\/2020\/11\/DIMITTO-1.png","type":"","width":"","height":""}],"twitter_card":"summary_large_image","twitter_misc":{"Tiempo de lectura":"3 minutos"},"schema":{"@context":"https:\/\/schema.org","@graph":[{"@type":"WebPage","@id":"https:\/\/www.osa.coop\/es\/sistema-de-gestion-de-la-calidad-iso-9001\/","url":"https:\/\/www.osa.coop\/es\/sistema-de-gestion-de-la-calidad-iso-9001\/","name":"SISTEMA DE GESTI\u00d3N DE LA CALIDAD (ISO 9001) - OSA coop","isPartOf":{"@id":"https:\/\/www.osa.coop\/es\/#website"},"primaryImageOfPage":{"@id":"https:\/\/www.osa.coop\/es\/sistema-de-gestion-de-la-calidad-iso-9001\/#primaryimage"},"image":{"@id":"https:\/\/www.osa.coop\/es\/sistema-de-gestion-de-la-calidad-iso-9001\/#primaryimage"},"thumbnailUrl":"https:\/\/www.osa.coop\/wp-content\/uploads\/2020\/11\/DIMITTO-1.png","datePublished":"2022-03-04T10:03:55+00:00","dateModified":"2022-03-07T12:59:29+00:00","breadcrumb":{"@id":"https:\/\/www.osa.coop\/es\/sistema-de-gestion-de-la-calidad-iso-9001\/#breadcrumb"},"inLanguage":"es","potentialAction":[{"@type":"ReadAction","target":["https:\/\/www.osa.coop\/es\/sistema-de-gestion-de-la-calidad-iso-9001\/"]}]},{"@type":"ImageObject","inLanguage":"es","@id":"https:\/\/www.osa.coop\/es\/sistema-de-gestion-de-la-calidad-iso-9001\/#primaryimage","url":"https:\/\/www.osa.coop\/wp-content\/uploads\/2020\/11\/DIMITTO-1.png","contentUrl":"https:\/\/www.osa.coop\/wp-content\/uploads\/2020\/11\/DIMITTO-1.png"},{"@type":"BreadcrumbList","@id":"https:\/\/www.osa.coop\/es\/sistema-de-gestion-de-la-calidad-iso-9001\/#breadcrumb","itemListElement":[{"@type":"ListItem","position":1,"name":"Home","item":"https:\/\/www.osa.coop\/es\/"},{"@type":"ListItem","position":2,"name":"SISTEMA DE GESTI\u00d3N DE LA CALIDAD (ISO 9001)"}]},{"@type":"WebSite","@id":"https:\/\/www.osa.coop\/es\/#website","url":"https:\/\/www.osa.coop\/es\/","name":"OSA coop","description":"Operatori Sanitari Associati","potentialAction":[{"@type":"SearchAction","target":{"@type":"EntryPoint","urlTemplate":"https:\/\/www.osa.coop\/es\/?s={search_term_string}"},"query-input":{"@type":"PropertyValueSpecification","valueRequired":true,"valueName":"search_term_string"}}],"inLanguage":"es"}]}},"_links":{"self":[{"href":"https:\/\/www.osa.coop\/es\/wp-json\/wp\/v2\/pages\/35166","targetHints":{"allow":["GET"]}}],"collection":[{"href":"https:\/\/www.osa.coop\/es\/wp-json\/wp\/v2\/pages"}],"about":[{"href":"https:\/\/www.osa.coop\/es\/wp-json\/wp\/v2\/types\/page"}],"author":[{"embeddable":true,"href":"https:\/\/www.osa.coop\/es\/wp-json\/wp\/v2\/users\/1"}],"replies":[{"embeddable":true,"href":"https:\/\/www.osa.coop\/es\/wp-json\/wp\/v2\/comments?post=35166"}],"version-history":[{"count":9,"href":"https:\/\/www.osa.coop\/es\/wp-json\/wp\/v2\/pages\/35166\/revisions"}],"predecessor-version":[{"id":35488,"href":"https:\/\/www.osa.coop\/es\/wp-json\/wp\/v2\/pages\/35166\/revisions\/35488"}],"wp:attachment":[{"href":"https:\/\/www.osa.coop\/es\/wp-json\/wp\/v2\/media?parent=35166"}],"curies":[{"name":"wp","href":"https:\/\/api.w.org\/{rel}","templated":true}]}}