{"id":35200,"date":"2022-03-04T12:37:54","date_gmt":"2022-03-04T11:37:54","guid":{"rendered":"https:\/\/www.osa.coop\/sistema-de-gestion-de-la-responsabilidad-social-corporativa-sa8000\/"},"modified":"2022-07-28T16:45:23","modified_gmt":"2022-07-28T14:45:23","slug":"sistema-de-gestion-de-la-responsabilidad-social-corporativa-sa8000","status":"publish","type":"page","link":"https:\/\/www.osa.coop\/es\/sistema-de-gestion-de-la-responsabilidad-social-corporativa-sa8000\/","title":{"rendered":"SISTEMA DE GESTI\u00d3N DE LA RESPONSABILIDAD SOCIAL CORPORATIVA (SA8000)"},"content":{"rendered":"<p>[et_pb_section fb_built=\u00bb1&#8243; next_background_color=\u00bb#ffffff\u00bb admin_label=\u00bbHero Section\u00bb _builder_version=\u00bb4.9.4&#8243; background_color=\u00bb#1a0052&#8243; use_background_color_gradient=\u00bbon\u00bb background_color_gradient_start=\u00bbrgba(0,0,0,0.4)\u00bb background_color_gradient_end=\u00bbrgba(0,0,0,0.4)\u00bb background_color_gradient_overlays_image=\u00bbon\u00bb background_enable_image=\u00bboff\u00bb background_position=\u00bbcenter_right\u00bb custom_padding=\u00bb||||false|false\u00bb filter_saturate=\u00bb91%\u00bb filter_brightness=\u00bb157%\u00bb bottom_divider_style=\u00bbslant\u00bb bottom_divider_height=\u00bb60px\u00bb global_colors_info=\u00bb{}\u00bb background_color_gradient_direction__hover=\u00bb180deg\u00bb background_color_gradient_direction__hover_enabled=\u00bb180deg\u00bb background_color_gradient_start_position__hover=\u00bb0%\u00bb background_color_gradient_start_position__hover_enabled=\u00bb0%\u00bb background_color_gradient_end_position__hover=\u00bb100%\u00bb background_color_gradient_end_position__hover_enabled=\u00bb100%\u00bb][et_pb_row admin_label=\u00bbT\u00edtulo de la p\u00e1gina\u00bb _builder_version=\u00bb4.9.4&#8243; custom_padding=\u00bb||||false|false\u00bb global_colors_info=\u00bb{}\u00bb][et_pb_column type=\u00bb4_4&#8243; _builder_version=\u00bb3.25&#8243; custom_padding=\u00bb|||\u00bb global_colors_info=\u00bb{}\u00bb custom_padding__hover=\u00bb|||\u00bb][et_pb_text admin_label=\u00bbHero Section Title\u00bb _builder_version=\u00bb4.9.4&#8243; text_font=\u00bbMontserrat||||||||\u00bb text_font_size=\u00bb18px\u00bb text_line_height=\u00bb1.8em\u00bb header_font=\u00bbMontserrat|600||on|||||\u00bb header_font_size=\u00bb48px\u00bb header_letter_spacing=\u00bb3px\u00bb header_line_height=\u00bb1.3em\u00bb header_2_font=\u00bbMontserrat|700|||||||\u00bb header_2_text_color=\u00bbrgba(255,255,255,0.6)\u00bb header_2_font_size=\u00bb90px\u00bb header_2_letter_spacing=\u00bb3px\u00bb header_2_line_height=\u00bb1.1em\u00bb text_orientation=\u00bbcenter\u00bb background_layout=\u00bbdark\u00bb max_width=\u00bb700px\u00bb module_alignment=\u00bbcenter\u00bb custom_margin=\u00bb|||\u00bb animation_style=\u00bbzoom\u00bb animation_direction=\u00bbbottom\u00bb header_font_size_tablet=\u00bb\u00bb header_font_size_phone=\u00bb28px\u00bb header_font_size_last_edited=\u00bbon|phone\u00bb header_2_font_size_tablet=\u00bb\u00bb header_2_font_size_phone=\u00bb50px\u00bb header_2_font_size_last_edited=\u00bbon|phone\u00bb global_colors_info=\u00bb{}\u00bb]<\/p>\n<h4><strong>LAS CERTIFICACIONES<\/strong><\/h4>\n<h4>SISTEMA DE GESTI\u00d3N DE LA RESPONSABILIDAD SOCIAL CORPORATIVA (SA8000)<\/h4>\n<p>[\/et_pb_text][\/et_pb_column][\/et_pb_row][\/et_pb_section][et_pb_section fb_built=\u00bb1&#8243; _builder_version=\u00bb4.9.4&#8243; _module_preset=\u00bbdefault\u00bb global_colors_info=\u00bb{}\u00bb][et_pb_row column_structure=\u00bb1_2,1_2&#8243; _builder_version=\u00bb4.9.4&#8243; _module_preset=\u00bbdefault\u00bb global_colors_info=\u00bb{}\u00bb][et_pb_column type=\u00bb1_2&#8243; _builder_version=\u00bb4.7.7&#8243; _module_preset=\u00bbdefault\u00bb global_colors_info=\u00bb{}\u00bb][et_pb_text _builder_version=\u00bb4.7.7&#8243; _module_preset=\u00bbdefault\u00bb global_colors_info=\u00bb{}\u00bb]<\/p>\n<p style=\"text-align: justify;\">La norma SA (Social Accountability) 8000 es una certificaci\u00f3n internacional creada en 1997 por la organizaci\u00f3n estadounidense SAI para fijar los requisitos que una empresa tiene que cumplir para garantizar que su proceso productivo se lleve a cabo de forma \u00e9tica. La norma se basa en los convenios de la OIT (Organizaci\u00f3n Internacional del Trabajo), en la Declaraci\u00f3n Universal de los Derechos Humanos y en la Convenci\u00f3n de las Naciones Unidas sobre los Derechos del Ni\u00f1o. En 2016, OSA decidi\u00f3 adherirse a la norma y construir un Sistema de Gesti\u00f3n para la Responsabilidad Social Corporativa, certificado en 2017 con el objetivo de mejorar el bienestar laborar de sus socios. Al adoptar las normas SA8000, la Cooperativa se comprometi\u00f3 a contrarrestar el trabajo infantil y a proteger a los j\u00f3venes trabajadores; a abstenerse de condenas a trabajos forzados; a garantizar la seguridad y la salubridad de los lugares de trabajo; a apoyar la libertad de asociaci\u00f3n sindical y el derecho a la negociaci\u00f3n colectiva; a contrarrestar las discriminaciones por razones de sexo, raza y orientaci\u00f3n pol\u00edtica, sexual y religiosa. Ad\u00e9mas se comprometi\u00f3 a observar las Leyes vigentes, la Negociaci\u00f3n colectiva, el Reglamento interno sobre la jornada laborar y el r\u00e9gimen disciplinario; a pagar un salario conforme al trabajo desempe\u00f1ado y a gestionar los procesos que apuntan a optimizar cada una de las actividades mencionadas.<\/p>\n<p>[\/et_pb_text][\/et_pb_column][et_pb_column type=\u00bb1_2&#8243; _builder_version=\u00bb4.7.7&#8243; _module_preset=\u00bbdefault\u00bb global_colors_info=\u00bb{}\u00bb][et_pb_text admin_label=\u00bbdoc-certificazione\u00bb module_class=\u00bbx-row-elencopdf\u00bb _builder_version=\u00bb4.14.7&#8243; _module_preset=\u00bbdefault\u00bb min_height=\u00bb77px\u00bb custom_padding=\u00bb30px|||||\u00bb link_option_url_new_window=\u00bbon\u00bb hover_enabled=\u00bb0&#8243; border_width_bottom=\u00bb1px\u00bb border_color_bottom=\u00bb#18bf01&#8243; global_colors_info=\u00bb{}\u00bb sticky_enabled=\u00bb0&#8243;]<\/p>\n<p><span><a href=\"https:\/\/www.osa.coop\/wp-content\/uploads\/2020\/11\/1-C138_OSA_9001_italiano_Sistema-di-gestione-della-qualita%CC%80-1.pdf\"><\/a><\/span><a href=\"https:\/\/www.osa.coop\/wp-content\/uploads\/2021\/04\/SA8000-certificato_2020-1.pdf\" target=\"_blank\" rel=\"noopener\"> <img loading=\"lazy\" decoding=\"async\" src=\"https:\/\/www.osa.coop\/wp-content\/uploads\/2021\/01\/PDF_download.jpg\" width=\"310\" height=\"310\" alt=\"\" class=\"wp-image-23887 alignnone size-full\" srcset=\"https:\/\/www.osa.coop\/wp-content\/uploads\/2021\/01\/PDF_download.jpg 310w, https:\/\/www.osa.coop\/wp-content\/uploads\/2021\/01\/PDF_download-300x300.jpg 300w, https:\/\/www.osa.coop\/wp-content\/uploads\/2021\/01\/PDF_download-150x150.jpg 150w\" sizes=\"auto, (max-width: 310px) 100vw, 310px\" \/><span style=\"color: #333333;\"> <strong>Certificaci\u00f3n de Responsabilidad Social SA8000<\/strong><\/span><\/a><\/p>\n<p>[\/et_pb_text][et_pb_text admin_label=\u00bbdoc-certificazione\u00bb module_class=\u00bbx-row-elencopdf\u00bb _builder_version=\u00bb4.14.7&#8243; _module_preset=\u00bbdefault\u00bb min_height=\u00bb77px\u00bb custom_padding=\u00bb30px|||||\u00bb link_option_url=\u00bbhttps:\/\/www.osa.coop\/wp-content\/uploads\/2020\/11\/5-Certificato_8000_2017.pdf\u00bb link_option_url_new_window=\u00bbon\u00bb hover_enabled=\u00bb0&#8243; border_width_bottom=\u00bb1px\u00bb border_color_bottom=\u00bb#18bf01&#8243; global_colors_info=\u00bb{}\u00bb sticky_enabled=\u00bb0&#8243;]<\/p>\n<p><span><a href=\"https:\/\/www.osa.coop\/wp-content\/uploads\/2020\/11\/1-C138_OSA_9001_italiano_Sistema-di-gestione-della-qualita%CC%80-1.pdf\"><\/a><\/span> <img loading=\"lazy\" decoding=\"async\" src=\"https:\/\/www.osa.coop\/wp-content\/uploads\/2021\/01\/PDF_download.jpg\" width=\"310\" height=\"310\" alt=\"\" class=\"wp-image-23887 alignnone size-full\" srcset=\"https:\/\/www.osa.coop\/wp-content\/uploads\/2021\/01\/PDF_download.jpg 310w, https:\/\/www.osa.coop\/wp-content\/uploads\/2021\/01\/PDF_download-300x300.jpg 300w, https:\/\/www.osa.coop\/wp-content\/uploads\/2021\/01\/PDF_download-150x150.jpg 150w\" sizes=\"auto, (max-width: 310px) 100vw, 310px\" \/><span style=\"color: #333333;\"> <a href=\"https:\/\/www.osa.coop\/wp-content\/uploads\/2022\/04\/BS-SA8000-2020.pdf\" target=\"_blank\" rel=\"noopener noreferrer\" style=\"color: #333333;\"><strong>Balance SA8000<\/strong><\/a><\/span><\/p>\n<p>[\/et_pb_text][et_pb_text admin_label=\u00bbdoc-certificazione\u00bb module_class=\u00bbx-row-elencopdf\u00bb _builder_version=\u00bb4.14.7&#8243; _module_preset=\u00bbdefault\u00bb min_height=\u00bb77px\u00bb custom_padding=\u00bb30px|||||\u00bb link_option_url=\u00bbhttps:\/\/www.osa.coop\/wp-content\/uploads\/2020\/11\/5-Certificato_8000_2017.pdf\u00bb link_option_url_new_window=\u00bbon\u00bb hover_enabled=\u00bb0&#8243; border_width_bottom=\u00bb1px\u00bb border_color_bottom=\u00bb#18bf01&#8243; global_colors_info=\u00bb{}\u00bb sticky_enabled=\u00bb0&#8243;]<\/p>\n<p><span><a href=\"\/wp-content\/uploads\/2021\/01\/LA-POLITICA-DI-RESPONSABILITA-rev3.pdf\" target=\"_blank\" rel=\"noopener noreferrer\"><\/a><\/span><a href=\"https:\/\/www.osa.coop\/wp-content\/uploads\/2022\/04\/Politica-SA8000-2022-rev1.pdf\" target=\"_blank\" rel=\"noopener noreferrer\"> <img loading=\"lazy\" decoding=\"async\" src=\"https:\/\/www.osa.coop\/wp-content\/uploads\/2021\/01\/PDF_download.jpg\" width=\"310\" height=\"310\" alt=\"\" class=\"wp-image-23887 alignnone size-full\" srcset=\"https:\/\/www.osa.coop\/wp-content\/uploads\/2021\/01\/PDF_download.jpg 310w, https:\/\/www.osa.coop\/wp-content\/uploads\/2021\/01\/PDF_download-300x300.jpg 300w, https:\/\/www.osa.coop\/wp-content\/uploads\/2021\/01\/PDF_download-150x150.jpg 150w\" sizes=\"auto, (max-width: 310px) 100vw, 310px\" \/><span style=\"color: #333333;\"> <strong>La pol\u00edtica de Responsabilidad Social<\/strong><\/span><\/a><\/p>\n<p>[\/et_pb_text][et_pb_text admin_label=\u00bbdoc-certificazione\u00bb module_class=\u00bbx-row-elencopdf\u00bb _builder_version=\u00bb4.7.7&#8243; _module_preset=\u00bbdefault\u00bb min_height=\u00bb77px\u00bb custom_padding=\u00bb30px|||||\u00bb link_option_url=\u00bbhttps:\/\/www.osa.coop\/wp-content\/uploads\/2020\/11\/5-Certificato_8000_2017.pdf\u00bb link_option_url_new_window=\u00bbon\u00bb border_width_bottom=\u00bb1px\u00bb border_color_bottom=\u00bb#18bf01&#8243; global_colors_info=\u00bb{}\u00bb]<\/p>\n<p><span><a href=\"https:\/\/www.osa.coop\/wp-content\/uploads\/2020\/11\/1-C138_OSA_9001_italiano_Sistema-di-gestione-della-qualita%CC%80-1.pdf\"><\/a><\/span><a href=\"\/wp-content\/uploads\/2021\/01\/Standard-SA8000-2014.pdf\" target=\"_blank\" rel=\"noopener noreferrer\">  <img loading=\"lazy\" decoding=\"async\" src=\"https:\/\/www.osa.coop\/wp-content\/uploads\/2021\/01\/PDF_download.jpg\" width=\"310\" height=\"310\" alt=\"\" class=\"wp-image-23887 alignnone size-full\" srcset=\"https:\/\/www.osa.coop\/wp-content\/uploads\/2021\/01\/PDF_download.jpg 310w, https:\/\/www.osa.coop\/wp-content\/uploads\/2021\/01\/PDF_download-300x300.jpg 300w, https:\/\/www.osa.coop\/wp-content\/uploads\/2021\/01\/PDF_download-150x150.jpg 150w\" sizes=\"auto, (max-width: 310px) 100vw, 310px\" \/><span style=\"color: #333333;\">  <strong>La norma SA8000<\/strong><\/span><\/a><\/p>\n<p>[\/et_pb_text][et_pb_text admin_label=\u00bbdoc-certificazione\u00bb module_class=\u00bbx-row-elencopdf\u00bb _builder_version=\u00bb4.7.7&#8243; _module_preset=\u00bbdefault\u00bb min_height=\u00bb77px\u00bb custom_padding=\u00bb30px|||||\u00bb link_option_url=\u00bbhttps:\/\/www.osa.coop\/wp-content\/uploads\/2020\/11\/5-Certificato_8000_2017.pdf\u00bb link_option_url_new_window=\u00bbon\u00bb border_width_bottom=\u00bb1px\u00bb border_color_bottom=\u00bb#18bf01&#8243; global_colors_info=\u00bb{}\u00bb]<\/p>\n<p><span><a href=\"https:\/\/www.osa.coop\/wp-content\/uploads\/2020\/11\/1-C138_OSA_9001_italiano_Sistema-di-gestione-della-qualita%CC%80-1.pdf\"><\/a><\/span><a href=\"\/wp-content\/uploads\/2021\/01\/SchedaSegnalazioniReclami.pdf\" target=\"_blank\" rel=\"noopener noreferrer\">  <img loading=\"lazy\" decoding=\"async\" src=\"https:\/\/www.osa.coop\/wp-content\/uploads\/2021\/01\/PDF_download.jpg\" width=\"310\" height=\"310\" alt=\"\" class=\"wp-image-23887 alignnone size-full\" srcset=\"https:\/\/www.osa.coop\/wp-content\/uploads\/2021\/01\/PDF_download.jpg 310w, https:\/\/www.osa.coop\/wp-content\/uploads\/2021\/01\/PDF_download-300x300.jpg 300w, https:\/\/www.osa.coop\/wp-content\/uploads\/2021\/01\/PDF_download-150x150.jpg 150w\" sizes=\"auto, (max-width: 310px) 100vw, 310px\" \/><span style=\"color: #333333;\">  <strong>Formulario Comunicaciones y Quejas<\/strong><\/span><\/a><\/p>\n<p>[\/et_pb_text][et_pb_text admin_label=\u00bbdoc-certificazione\u00bb module_class=\u00bbx-row-elencopdf\u00bb _builder_version=\u00bb4.9.4&#8243; _module_preset=\u00bbdefault\u00bb min_height=\u00bb77px\u00bb custom_padding=\u00bb30px|||||\u00bb link_option_url=\u00bbhttps:\/\/www.osa.coop\/wp-content\/uploads\/2020\/11\/5-Certificato_8000_2017.pdf\u00bb link_option_url_new_window=\u00bbon\u00bb border_width_bottom=\u00bb1px\u00bb border_color_bottom=\u00bb#18bf01&#8243; global_colors_info=\u00bb{}\u00bb]<\/p>\n<p><span><a href=\"https:\/\/www.osa.coop\/wp-content\/uploads\/2020\/11\/1-C138_OSA_9001_italiano_Sistema-di-gestione-della-qualita%CC%80-1.pdf\"><\/a><\/span><a href=\"\/wp-content\/uploads\/2021\/01\/OSA-SA8000.pdf\" target=\"_blank\" rel=\"noopener noreferrer\">  <img loading=\"lazy\" decoding=\"async\" src=\"https:\/\/www.osa.coop\/wp-content\/uploads\/2021\/01\/PDF_download.jpg\" width=\"310\" height=\"310\" alt=\"\" class=\"wp-image-23887 alignnone size-full\" srcset=\"https:\/\/www.osa.coop\/wp-content\/uploads\/2021\/01\/PDF_download.jpg 310w, https:\/\/www.osa.coop\/wp-content\/uploads\/2021\/01\/PDF_download-300x300.jpg 300w, https:\/\/www.osa.coop\/wp-content\/uploads\/2021\/01\/PDF_download-150x150.jpg 150w\" sizes=\"auto, (max-width: 310px) 100vw, 310px\" \/><span style=\"color: #333333;\">  <strong>Brochure SA 8000<\/strong><\/span><\/a><\/p>\n<p>[\/et_pb_text][\/et_pb_column][\/et_pb_row][\/et_pb_section]<\/p>\n","protected":false},"excerpt":{"rendered":"<p>LAS CERTIFICACIONES SISTEMA DE GESTI\u00d3N DE LA RESPONSABILIDAD SOCIAL CORPORATIVA (SA8000)La norma SA (Social Accountability) 8000 es una certificaci\u00f3n internacional creada en 1997 por la organizaci\u00f3n estadounidense SAI para fijar los requisitos que una empresa tiene que cumplir para garantizar que su proceso productivo se lleve a cabo de forma \u00e9tica. La norma se basa [&hellip;]<\/p>\n","protected":false},"author":1,"featured_media":0,"parent":0,"menu_order":0,"comment_status":"closed","ping_status":"closed","template":"","meta":{"_et_pb_use_builder":"on","_et_pb_old_content":"","_et_gb_content_width":"","footnotes":""},"class_list":["post-35200","page","type-page","status-publish","hentry"],"yoast_head":"<!-- This site is optimized with the Yoast SEO plugin v26.6 - https:\/\/yoast.com\/wordpress\/plugins\/seo\/ -->\n<title>SISTEMA DE GESTI\u00d3N DE LA RESPONSABILIDAD SOCIAL CORPORATIVA (SA8000) - OSA coop<\/title>\n<meta name=\"robots\" content=\"index, follow, max-snippet:-1, max-image-preview:large, max-video-preview:-1\" \/>\n<link rel=\"canonical\" href=\"https:\/\/www.osa.coop\/es\/sistema-de-gestion-de-la-responsabilidad-social-corporativa-sa8000\/\" \/>\n<meta property=\"og:locale\" content=\"es_ES\" \/>\n<meta property=\"og:type\" content=\"article\" \/>\n<meta property=\"og:title\" content=\"SISTEMA DE GESTI\u00d3N DE LA RESPONSABILIDAD SOCIAL CORPORATIVA (SA8000) - OSA coop\" \/>\n<meta property=\"og:description\" content=\"LAS CERTIFICACIONES SISTEMA DE GESTI\u00d3N DE LA RESPONSABILIDAD SOCIAL CORPORATIVA (SA8000)La norma SA (Social Accountability) 8000 es una certificaci\u00f3n internacional creada en 1997 por la organizaci\u00f3n estadounidense SAI para fijar los requisitos que una empresa tiene que cumplir para garantizar que su proceso productivo se lleve a cabo de forma \u00e9tica. La norma se basa [&hellip;]\" \/>\n<meta property=\"og:url\" content=\"https:\/\/www.osa.coop\/es\/sistema-de-gestion-de-la-responsabilidad-social-corporativa-sa8000\/\" \/>\n<meta property=\"og:site_name\" content=\"OSA coop\" \/>\n<meta property=\"article:modified_time\" content=\"2022-07-28T14:45:23+00:00\" \/>\n<meta property=\"og:image\" content=\"https:\/\/www.osa.coop\/wp-content\/uploads\/2021\/01\/PDF_download.jpg\" \/>\n<meta name=\"twitter:card\" content=\"summary_large_image\" \/>\n<meta name=\"twitter:label1\" content=\"Tiempo de lectura\" \/>\n\t<meta name=\"twitter:data1\" content=\"5 minutos\" \/>\n<script type=\"application\/ld+json\" class=\"yoast-schema-graph\">{\"@context\":\"https:\/\/schema.org\",\"@graph\":[{\"@type\":\"WebPage\",\"@id\":\"https:\/\/www.osa.coop\/es\/sistema-de-gestion-de-la-responsabilidad-social-corporativa-sa8000\/\",\"url\":\"https:\/\/www.osa.coop\/es\/sistema-de-gestion-de-la-responsabilidad-social-corporativa-sa8000\/\",\"name\":\"SISTEMA DE GESTI\u00d3N DE LA RESPONSABILIDAD SOCIAL CORPORATIVA (SA8000) - OSA coop\",\"isPartOf\":{\"@id\":\"https:\/\/www.osa.coop\/es\/#website\"},\"primaryImageOfPage\":{\"@id\":\"https:\/\/www.osa.coop\/es\/sistema-de-gestion-de-la-responsabilidad-social-corporativa-sa8000\/#primaryimage\"},\"image\":{\"@id\":\"https:\/\/www.osa.coop\/es\/sistema-de-gestion-de-la-responsabilidad-social-corporativa-sa8000\/#primaryimage\"},\"thumbnailUrl\":\"https:\/\/www.osa.coop\/wp-content\/uploads\/2021\/01\/PDF_download.jpg\",\"datePublished\":\"2022-03-04T11:37:54+00:00\",\"dateModified\":\"2022-07-28T14:45:23+00:00\",\"breadcrumb\":{\"@id\":\"https:\/\/www.osa.coop\/es\/sistema-de-gestion-de-la-responsabilidad-social-corporativa-sa8000\/#breadcrumb\"},\"inLanguage\":\"es\",\"potentialAction\":[{\"@type\":\"ReadAction\",\"target\":[\"https:\/\/www.osa.coop\/es\/sistema-de-gestion-de-la-responsabilidad-social-corporativa-sa8000\/\"]}]},{\"@type\":\"ImageObject\",\"inLanguage\":\"es\",\"@id\":\"https:\/\/www.osa.coop\/es\/sistema-de-gestion-de-la-responsabilidad-social-corporativa-sa8000\/#primaryimage\",\"url\":\"https:\/\/www.osa.coop\/wp-content\/uploads\/2021\/01\/PDF_download.jpg\",\"contentUrl\":\"https:\/\/www.osa.coop\/wp-content\/uploads\/2021\/01\/PDF_download.jpg\"},{\"@type\":\"BreadcrumbList\",\"@id\":\"https:\/\/www.osa.coop\/es\/sistema-de-gestion-de-la-responsabilidad-social-corporativa-sa8000\/#breadcrumb\",\"itemListElement\":[{\"@type\":\"ListItem\",\"position\":1,\"name\":\"Home\",\"item\":\"https:\/\/www.osa.coop\/es\/\"},{\"@type\":\"ListItem\",\"position\":2,\"name\":\"SISTEMA DE GESTI\u00d3N DE LA RESPONSABILIDAD SOCIAL CORPORATIVA (SA8000)\"}]},{\"@type\":\"WebSite\",\"@id\":\"https:\/\/www.osa.coop\/es\/#website\",\"url\":\"https:\/\/www.osa.coop\/es\/\",\"name\":\"OSA coop\",\"description\":\"Operatori Sanitari Associati\",\"potentialAction\":[{\"@type\":\"SearchAction\",\"target\":{\"@type\":\"EntryPoint\",\"urlTemplate\":\"https:\/\/www.osa.coop\/es\/?s={search_term_string}\"},\"query-input\":{\"@type\":\"PropertyValueSpecification\",\"valueRequired\":true,\"valueName\":\"search_term_string\"}}],\"inLanguage\":\"es\"}]}<\/script>\n<!-- \/ Yoast SEO plugin. -->","yoast_head_json":{"title":"SISTEMA DE GESTI\u00d3N DE LA RESPONSABILIDAD SOCIAL CORPORATIVA (SA8000) - OSA coop","robots":{"index":"index","follow":"follow","max-snippet":"max-snippet:-1","max-image-preview":"max-image-preview:large","max-video-preview":"max-video-preview:-1"},"canonical":"https:\/\/www.osa.coop\/es\/sistema-de-gestion-de-la-responsabilidad-social-corporativa-sa8000\/","og_locale":"es_ES","og_type":"article","og_title":"SISTEMA DE GESTI\u00d3N DE LA RESPONSABILIDAD SOCIAL CORPORATIVA (SA8000) - OSA coop","og_description":"LAS CERTIFICACIONES SISTEMA DE GESTI\u00d3N DE LA RESPONSABILIDAD SOCIAL CORPORATIVA (SA8000)La norma SA (Social Accountability) 8000 es una certificaci\u00f3n internacional creada en 1997 por la organizaci\u00f3n estadounidense SAI para fijar los requisitos que una empresa tiene que cumplir para garantizar que su proceso productivo se lleve a cabo de forma \u00e9tica. La norma se basa [&hellip;]","og_url":"https:\/\/www.osa.coop\/es\/sistema-de-gestion-de-la-responsabilidad-social-corporativa-sa8000\/","og_site_name":"OSA coop","article_modified_time":"2022-07-28T14:45:23+00:00","og_image":[{"url":"https:\/\/www.osa.coop\/wp-content\/uploads\/2021\/01\/PDF_download.jpg","type":"","width":"","height":""}],"twitter_card":"summary_large_image","twitter_misc":{"Tiempo de lectura":"5 minutos"},"schema":{"@context":"https:\/\/schema.org","@graph":[{"@type":"WebPage","@id":"https:\/\/www.osa.coop\/es\/sistema-de-gestion-de-la-responsabilidad-social-corporativa-sa8000\/","url":"https:\/\/www.osa.coop\/es\/sistema-de-gestion-de-la-responsabilidad-social-corporativa-sa8000\/","name":"SISTEMA DE GESTI\u00d3N DE LA RESPONSABILIDAD SOCIAL CORPORATIVA (SA8000) - OSA coop","isPartOf":{"@id":"https:\/\/www.osa.coop\/es\/#website"},"primaryImageOfPage":{"@id":"https:\/\/www.osa.coop\/es\/sistema-de-gestion-de-la-responsabilidad-social-corporativa-sa8000\/#primaryimage"},"image":{"@id":"https:\/\/www.osa.coop\/es\/sistema-de-gestion-de-la-responsabilidad-social-corporativa-sa8000\/#primaryimage"},"thumbnailUrl":"https:\/\/www.osa.coop\/wp-content\/uploads\/2021\/01\/PDF_download.jpg","datePublished":"2022-03-04T11:37:54+00:00","dateModified":"2022-07-28T14:45:23+00:00","breadcrumb":{"@id":"https:\/\/www.osa.coop\/es\/sistema-de-gestion-de-la-responsabilidad-social-corporativa-sa8000\/#breadcrumb"},"inLanguage":"es","potentialAction":[{"@type":"ReadAction","target":["https:\/\/www.osa.coop\/es\/sistema-de-gestion-de-la-responsabilidad-social-corporativa-sa8000\/"]}]},{"@type":"ImageObject","inLanguage":"es","@id":"https:\/\/www.osa.coop\/es\/sistema-de-gestion-de-la-responsabilidad-social-corporativa-sa8000\/#primaryimage","url":"https:\/\/www.osa.coop\/wp-content\/uploads\/2021\/01\/PDF_download.jpg","contentUrl":"https:\/\/www.osa.coop\/wp-content\/uploads\/2021\/01\/PDF_download.jpg"},{"@type":"BreadcrumbList","@id":"https:\/\/www.osa.coop\/es\/sistema-de-gestion-de-la-responsabilidad-social-corporativa-sa8000\/#breadcrumb","itemListElement":[{"@type":"ListItem","position":1,"name":"Home","item":"https:\/\/www.osa.coop\/es\/"},{"@type":"ListItem","position":2,"name":"SISTEMA DE GESTI\u00d3N DE LA RESPONSABILIDAD SOCIAL CORPORATIVA (SA8000)"}]},{"@type":"WebSite","@id":"https:\/\/www.osa.coop\/es\/#website","url":"https:\/\/www.osa.coop\/es\/","name":"OSA coop","description":"Operatori Sanitari Associati","potentialAction":[{"@type":"SearchAction","target":{"@type":"EntryPoint","urlTemplate":"https:\/\/www.osa.coop\/es\/?s={search_term_string}"},"query-input":{"@type":"PropertyValueSpecification","valueRequired":true,"valueName":"search_term_string"}}],"inLanguage":"es"}]}},"_links":{"self":[{"href":"https:\/\/www.osa.coop\/es\/wp-json\/wp\/v2\/pages\/35200","targetHints":{"allow":["GET"]}}],"collection":[{"href":"https:\/\/www.osa.coop\/es\/wp-json\/wp\/v2\/pages"}],"about":[{"href":"https:\/\/www.osa.coop\/es\/wp-json\/wp\/v2\/types\/page"}],"author":[{"embeddable":true,"href":"https:\/\/www.osa.coop\/es\/wp-json\/wp\/v2\/users\/1"}],"replies":[{"embeddable":true,"href":"https:\/\/www.osa.coop\/es\/wp-json\/wp\/v2\/comments?post=35200"}],"version-history":[{"count":20,"href":"https:\/\/www.osa.coop\/es\/wp-json\/wp\/v2\/pages\/35200\/revisions"}],"predecessor-version":[{"id":36547,"href":"https:\/\/www.osa.coop\/es\/wp-json\/wp\/v2\/pages\/35200\/revisions\/36547"}],"wp:attachment":[{"href":"https:\/\/www.osa.coop\/es\/wp-json\/wp\/v2\/media?parent=35200"}],"curies":[{"name":"wp","href":"https:\/\/api.w.org\/{rel}","templated":true}]}}