{"id":35225,"date":"2022-03-04T17:08:49","date_gmt":"2022-03-04T16:08:49","guid":{"rendered":"https:\/\/www.osa.coop\/proyectos-especiales\/"},"modified":"2022-03-07T13:57:26","modified_gmt":"2022-03-07T12:57:26","slug":"proyectos-especiales","status":"publish","type":"page","link":"https:\/\/www.osa.coop\/es\/proyectos-especiales\/","title":{"rendered":"Proyectos especiales"},"content":{"rendered":"<p>[et_pb_section fb_built=\u00bb1&#8243; _builder_version=\u00bb4.6.6&#8243; background_image=\u00bbhttps:\/\/www.osa.coop\/wp-content\/uploads\/2020\/10\/Schermata-2020-10-26-alle-18.18.49.png\u00bb custom_padding=\u00bb0px|0px|0px|0px\u00bb][\/et_pb_section][et_pb_section fb_built=\u00bb1&#8243; _builder_version=\u00bb4.6.6&#8243; background_image=\u00bbhttps:\/\/www.osa.coop\/wp-content\/uploads\/2020\/10\/Schermata-2020-10-26-alle-18.18.49.png\u00bb custom_padding=\u00bb0px|0px|0px|0px\u00bb][et_pb_row column_structure=\u00bb1_2,1_2&#8243; use_custom_gutter=\u00bbon\u00bb gutter_width=\u00bb1&#8243; make_equal=\u00bbon\u00bb admin_label=\u00bb\u00c1rea Funcionalidades\u00bb module_class=\u00bb et_pb_row_fullwidth\u00bb _builder_version=\u00bb4.6.6&#8243; width=\u00bb100%\u00bb width_tablet=\u00bb100%\u00bb width_phone=\u00bb\u00bb width_last_edited=\u00bbon|desktop\u00bb max_width=\u00bb100%\u00bb max_width_tablet=\u00bb100%\u00bb max_width_phone=\u00bb\u00bb max_width_last_edited=\u00bbon|desktop\u00bb custom_padding=\u00bb0px||0px|\u00bb make_fullwidth=\u00bbon\u00bb][et_pb_column type=\u00bb1_2&#8243; _builder_version=\u00bb4.6.6&#8243; use_background_color_gradient=\u00bbon\u00bb background_color_gradient_start=\u00bbrgba(43,135,218,0)\u00bb background_color_gradient_end=\u00bb#f46624&#8243; background_color_gradient_direction=\u00bb105deg\u00bb background_color_gradient_start_position=\u00bb80%\u00bb background_color_gradient_end_position=\u00bb80%\u00bb background_color_gradient_overlays_image=\u00bbon\u00bb background_image=\u00bbhttps:\/\/www.osa.coop\/wp-content\/uploads\/2020\/10\/Schermata-2020-10-26-alle-18.18.49.png\u00bb custom_padding=\u00bb|||\u00bb custom_padding__hover=\u00bb|||\u00bb][\/et_pb_column][et_pb_column type=\u00bb1_2&#8243; _builder_version=\u00bb3.25&#8243; background_color=\u00bb#f46624&#8243; custom_padding=\u00bb170px|10%|170px|10%\u00bb custom_padding__hover=\u00bb|||\u00bb][et_pb_text admin_label=\u00bbTitle\u00bb _builder_version=\u00bb4.7.7&#8243; text_font=\u00bb||||||||\u00bb header_font=\u00bb||||||||\u00bb header_2_font=\u00bbMontserrat|600||on|||||\u00bb header_2_font_size=\u00bb30px\u00bb header_2_line_height=\u00bb1.5em\u00bb background_layout=\u00bbdark\u00bb custom_margin=\u00bb||5px|\u00bb animation_style=\u00bbfold\u00bb animation_direction=\u00bbleft\u00bb animation_intensity_fold=\u00bb20%\u00bb animation_starting_opacity=\u00bb1000%\u00bb hover_enabled=\u00bb0&#8243; locked=\u00bboff\u00bb sticky_enabled=\u00bb0&#8243;]<\/p>\n<h2>NONTISCORDARDIME&#8217;<\/h2>\n<p>[\/et_pb_text][et_pb_divider color=\u00bb#ffffff\u00bb divider_weight=\u00bb3px\u00bb _builder_version=\u00bb3.2&#8243; max_width=\u00bb23px\u00bb custom_padding=\u00bb||20px|\u00bb animation_style=\u00bbfade\u00bb locked=\u00bboff\u00bb][\/et_pb_divider][et_pb_text quote_border_color=\u00bb#91e226&#8243; _builder_version=\u00bb4.7.3&#8243; text_font=\u00bb||||||||\u00bb text_font_size=\u00bb16px\u00bb text_line_height=\u00bb1.8em\u00bb background_layout=\u00bbdark\u00bb]<\/p>\n<p><em>\u00abQue bonito ser\u00eda que, empezando por Roma, entre las cooperativas, las parroquias y los hospitales pudiera nacer una red eficaz de asistencia y de solidaridad.\u00bb<\/em><\/p>\n<p class=\"p1\"><strong>Papa Francisco<\/strong><\/p>\n<p><span style=\"font-size: 16px;\">OSA est\u00e1 al mando del proyecto de medicina de proximidad <strong>Nontiscordardim\u00e9<\/strong> que, a trav\u00e9s de dos consultorios m\u00f3viles y equipos de profesionales sociosanitarios, brinda asistencia, escucha, apoyo y cuidados a los ni\u00f1os y mayores de la periferia romana.<\/span><\/p>\n<p class=\"p1\"><strong><\/strong><\/p>\n<p>[\/et_pb_text][et_pb_button button_url=\u00bbhttps:\/\/www.osa.coop\/es\/proyectos-especiales\/nontiscordardime\/\u00bb button_text=\u00bbM\u00e1s informaci\u00f3n\u00bb _builder_version=\u00bb4.6.6&#8243; _module_preset=\u00bbdefault\u00bb custom_button=\u00bbon\u00bb button_text_color=\u00bb#ffffff\u00bb button_border_color=\u00bb#ffffff\u00bb custom_margin=\u00bb41px|||||\u00bb][\/et_pb_button][\/et_pb_column][\/et_pb_row][et_pb_row column_structure=\u00bb1_2,1_2&#8243; use_custom_gutter=\u00bbon\u00bb gutter_width=\u00bb1&#8243; make_equal=\u00bbon\u00bb admin_label=\u00bb\u00c1rea Funcionalidades\u00bb module_class=\u00bb et_pb_row_fullwidth\u00bb _builder_version=\u00bb4.6.6&#8243; width=\u00bb100%\u00bb width_tablet=\u00bb100%\u00bb width_phone=\u00bb\u00bb width_last_edited=\u00bbon|desktop\u00bb max_width=\u00bb100%\u00bb max_width_tablet=\u00bb100%\u00bb max_width_phone=\u00bb\u00bb max_width_last_edited=\u00bbon|desktop\u00bb custom_padding=\u00bb0px||0px|\u00bb make_fullwidth=\u00bbon\u00bb][et_pb_column type=\u00bb1_2&#8243; _builder_version=\u00bb4.6.6&#8243; background_color=\u00bb#ffc547&#8243; background_enable_image=\u00bboff\u00bb custom_padding=\u00bb170px|10%|170px|10%\u00bb custom_padding__hover=\u00bb|||\u00bb][et_pb_text admin_label=\u00bbTitle\u00bb _builder_version=\u00bb4.6.6&#8243; text_font=\u00bb||||||||\u00bb text_text_color=\u00bb#000000&#8243; text_line_height=\u00bb1em\u00bb header_font=\u00bb||||||||\u00bb header_2_font=\u00bbMontserrat|600||on|||||\u00bb header_2_font_size=\u00bb30px\u00bb custom_margin=\u00bb||5px|\u00bb animation_style=\u00bbfold\u00bb animation_direction=\u00bbleft\u00bb animation_intensity_fold=\u00bb20%\u00bb animation_starting_opacity=\u00bb1000%\u00bb locked=\u00bboff\u00bb]<\/p>\n<h2>I RAGAZZI DI PANORMUS:<\/h2>\n<h2>UNA HISTORIA QUE CONTAR<\/h2>\n<p>&nbsp;<\/p>\n<p>[\/et_pb_text][et_pb_divider color=\u00bb#e09900&#8243; divider_weight=\u00bb3px\u00bb _builder_version=\u00bb4.6.6&#8243; max_width=\u00bb23px\u00bb custom_padding=\u00bb||20px|\u00bb animation_style=\u00bbfade\u00bb locked=\u00bboff\u00bb][\/et_pb_divider][et_pb_text quote_border_color=\u00bb#e09900&#8243; _builder_version=\u00bb4.6.6&#8243; text_font=\u00bb||||||||\u00bb text_text_color=\u00bb#000000&#8243; text_font_size=\u00bb16px\u00bb text_line_height=\u00bb1.8em\u00bb quote_text_color=\u00bb#ed6a07&#8243; quote_font_size=\u00bb17px\u00bb header_line_height=\u00bb1.2em\u00bb header_4_text_color=\u00bb#000000&#8243; header_4_line_height=\u00bb1.3em\u00bb min_height=\u00bb257px\u00bb]<\/p>\n<blockquote>\n<h4 class=\"p1\"><em>El sue\u00f1o de Nicolino hecho realidad con OSA: <\/em><em>\u201cI Ragazzi di Panormus\u201d, una realidad que merece ser contada y vivida.<\/em><\/h4>\n<\/blockquote>\n<p class=\"p1\">Por segundo a\u00f1o consecutivo, la Cooperativa apoya las actividades del equipo de baloncesto en silla de ruedas \u2018OSA I Ragazzi di Panormus\u2019, un club de Palermo que juega en el campeonato FIPIC de serie B y en el campeonato juvenil para la categor\u00eda Sub-16.<\/p>\n<p>[\/et_pb_text][et_pb_button button_url=\u00bbhttps:\/\/www.osa.coop\/i-ragazzi-di-panormus\/\u00bb button_text=\u00bbM\u00e1s informaci\u00f3n\u00bb _builder_version=\u00bb4.6.6&#8243; _module_preset=\u00bbdefault\u00bb custom_button=\u00bbon\u00bb button_text_color=\u00bb#000000&#8243; button_border_color=\u00bb#000000&#8243; custom_padding=\u00bb4px|||||\u00bb][\/et_pb_button][\/et_pb_column][et_pb_column type=\u00bb1_2&#8243; _builder_version=\u00bb4.6.6&#8243; use_background_color_gradient=\u00bbon\u00bb background_color_gradient_start=\u00bbrgba(43,135,218,0)\u00bb background_color_gradient_end=\u00bb#ffc547&#8243; background_color_gradient_direction=\u00bb285deg\u00bb background_color_gradient_start_position=\u00bb80%\u00bb background_color_gradient_end_position=\u00bb80%\u00bb background_color_gradient_overlays_image=\u00bbon\u00bb background_image=\u00bbhttps:\/\/www.osa.coop\/wp-content\/uploads\/2020\/10\/Schermata-2020-10-26-alle-18.13.13.png\u00bb custom_padding=\u00bb|||\u00bb custom_padding__hover=\u00bb|||\u00bb][\/et_pb_column][\/et_pb_row][\/et_pb_section]<\/p>\n","protected":false},"excerpt":{"rendered":"<p>NONTISCORDARDIME&#8217; \u00abQue bonito ser\u00eda que, empezando por Roma, entre las cooperativas, las parroquias y los hospitales pudiera nacer una red eficaz de asistencia y de solidaridad.\u00bb Papa Francisco OSA est\u00e1 al mando del proyecto de medicina de proximidad Nontiscordardim\u00e9 que, a trav\u00e9s de dos consultorios m\u00f3viles y equipos de profesionales sociosanitarios, brinda asistencia, escucha, apoyo [&hellip;]<\/p>\n","protected":false},"author":1,"featured_media":0,"parent":0,"menu_order":0,"comment_status":"closed","ping_status":"closed","template":"","meta":{"_et_pb_use_builder":"on","_et_pb_old_content":"","_et_gb_content_width":"","footnotes":""},"class_list":["post-35225","page","type-page","status-publish","hentry"],"yoast_head":"<!-- This site is optimized with the Yoast SEO plugin v26.6 - https:\/\/yoast.com\/wordpress\/plugins\/seo\/ -->\n<title>Proyectos especiales - OSA coop<\/title>\n<meta name=\"robots\" content=\"index, follow, max-snippet:-1, max-image-preview:large, max-video-preview:-1\" \/>\n<link rel=\"canonical\" href=\"https:\/\/www.osa.coop\/es\/proyectos-especiales\/\" \/>\n<meta property=\"og:locale\" content=\"es_ES\" \/>\n<meta property=\"og:type\" content=\"article\" \/>\n<meta property=\"og:title\" content=\"Proyectos especiales - OSA coop\" \/>\n<meta property=\"og:description\" content=\"NONTISCORDARDIME&#039; &quot;Que bonito ser\u00eda que, empezando por Roma, entre las cooperativas, las parroquias y los hospitales pudiera nacer una red eficaz de asistencia y de solidaridad.&quot; Papa Francisco OSA est\u00e1 al mando del proyecto de medicina de proximidad Nontiscordardim\u00e9 que, a trav\u00e9s de dos consultorios m\u00f3viles y equipos de profesionales sociosanitarios, brinda asistencia, escucha, apoyo [&hellip;]\" \/>\n<meta property=\"og:url\" content=\"https:\/\/www.osa.coop\/es\/proyectos-especiales\/\" \/>\n<meta property=\"og:site_name\" content=\"OSA coop\" \/>\n<meta property=\"article:modified_time\" content=\"2022-03-07T12:57:26+00:00\" \/>\n<meta name=\"twitter:card\" content=\"summary_large_image\" \/>\n<meta name=\"twitter:label1\" content=\"Tiempo de lectura\" \/>\n\t<meta name=\"twitter:data1\" content=\"4 minutos\" \/>\n<script type=\"application\/ld+json\" class=\"yoast-schema-graph\">{\"@context\":\"https:\/\/schema.org\",\"@graph\":[{\"@type\":\"WebPage\",\"@id\":\"https:\/\/www.osa.coop\/es\/proyectos-especiales\/\",\"url\":\"https:\/\/www.osa.coop\/es\/proyectos-especiales\/\",\"name\":\"Proyectos especiales - OSA coop\",\"isPartOf\":{\"@id\":\"https:\/\/www.osa.coop\/es\/#website\"},\"datePublished\":\"2022-03-04T16:08:49+00:00\",\"dateModified\":\"2022-03-07T12:57:26+00:00\",\"breadcrumb\":{\"@id\":\"https:\/\/www.osa.coop\/es\/proyectos-especiales\/#breadcrumb\"},\"inLanguage\":\"es\",\"potentialAction\":[{\"@type\":\"ReadAction\",\"target\":[\"https:\/\/www.osa.coop\/es\/proyectos-especiales\/\"]}]},{\"@type\":\"BreadcrumbList\",\"@id\":\"https:\/\/www.osa.coop\/es\/proyectos-especiales\/#breadcrumb\",\"itemListElement\":[{\"@type\":\"ListItem\",\"position\":1,\"name\":\"Home\",\"item\":\"https:\/\/www.osa.coop\/es\/\"},{\"@type\":\"ListItem\",\"position\":2,\"name\":\"Proyectos especiales\"}]},{\"@type\":\"WebSite\",\"@id\":\"https:\/\/www.osa.coop\/es\/#website\",\"url\":\"https:\/\/www.osa.coop\/es\/\",\"name\":\"OSA coop\",\"description\":\"Operatori Sanitari Associati\",\"potentialAction\":[{\"@type\":\"SearchAction\",\"target\":{\"@type\":\"EntryPoint\",\"urlTemplate\":\"https:\/\/www.osa.coop\/es\/?s={search_term_string}\"},\"query-input\":{\"@type\":\"PropertyValueSpecification\",\"valueRequired\":true,\"valueName\":\"search_term_string\"}}],\"inLanguage\":\"es\"}]}<\/script>\n<!-- \/ Yoast SEO plugin. -->","yoast_head_json":{"title":"Proyectos especiales - OSA coop","robots":{"index":"index","follow":"follow","max-snippet":"max-snippet:-1","max-image-preview":"max-image-preview:large","max-video-preview":"max-video-preview:-1"},"canonical":"https:\/\/www.osa.coop\/es\/proyectos-especiales\/","og_locale":"es_ES","og_type":"article","og_title":"Proyectos especiales - OSA coop","og_description":"NONTISCORDARDIME' \"Que bonito ser\u00eda que, empezando por Roma, entre las cooperativas, las parroquias y los hospitales pudiera nacer una red eficaz de asistencia y de solidaridad.\" Papa Francisco OSA est\u00e1 al mando del proyecto de medicina de proximidad Nontiscordardim\u00e9 que, a trav\u00e9s de dos consultorios m\u00f3viles y equipos de profesionales sociosanitarios, brinda asistencia, escucha, apoyo [&hellip;]","og_url":"https:\/\/www.osa.coop\/es\/proyectos-especiales\/","og_site_name":"OSA coop","article_modified_time":"2022-03-07T12:57:26+00:00","twitter_card":"summary_large_image","twitter_misc":{"Tiempo de lectura":"4 minutos"},"schema":{"@context":"https:\/\/schema.org","@graph":[{"@type":"WebPage","@id":"https:\/\/www.osa.coop\/es\/proyectos-especiales\/","url":"https:\/\/www.osa.coop\/es\/proyectos-especiales\/","name":"Proyectos especiales - OSA coop","isPartOf":{"@id":"https:\/\/www.osa.coop\/es\/#website"},"datePublished":"2022-03-04T16:08:49+00:00","dateModified":"2022-03-07T12:57:26+00:00","breadcrumb":{"@id":"https:\/\/www.osa.coop\/es\/proyectos-especiales\/#breadcrumb"},"inLanguage":"es","potentialAction":[{"@type":"ReadAction","target":["https:\/\/www.osa.coop\/es\/proyectos-especiales\/"]}]},{"@type":"BreadcrumbList","@id":"https:\/\/www.osa.coop\/es\/proyectos-especiales\/#breadcrumb","itemListElement":[{"@type":"ListItem","position":1,"name":"Home","item":"https:\/\/www.osa.coop\/es\/"},{"@type":"ListItem","position":2,"name":"Proyectos especiales"}]},{"@type":"WebSite","@id":"https:\/\/www.osa.coop\/es\/#website","url":"https:\/\/www.osa.coop\/es\/","name":"OSA coop","description":"Operatori Sanitari Associati","potentialAction":[{"@type":"SearchAction","target":{"@type":"EntryPoint","urlTemplate":"https:\/\/www.osa.coop\/es\/?s={search_term_string}"},"query-input":{"@type":"PropertyValueSpecification","valueRequired":true,"valueName":"search_term_string"}}],"inLanguage":"es"}]}},"_links":{"self":[{"href":"https:\/\/www.osa.coop\/es\/wp-json\/wp\/v2\/pages\/35225","targetHints":{"allow":["GET"]}}],"collection":[{"href":"https:\/\/www.osa.coop\/es\/wp-json\/wp\/v2\/pages"}],"about":[{"href":"https:\/\/www.osa.coop\/es\/wp-json\/wp\/v2\/types\/page"}],"author":[{"embeddable":true,"href":"https:\/\/www.osa.coop\/es\/wp-json\/wp\/v2\/users\/1"}],"replies":[{"embeddable":true,"href":"https:\/\/www.osa.coop\/es\/wp-json\/wp\/v2\/comments?post=35225"}],"version-history":[{"count":26,"href":"https:\/\/www.osa.coop\/es\/wp-json\/wp\/v2\/pages\/35225\/revisions"}],"predecessor-version":[{"id":35476,"href":"https:\/\/www.osa.coop\/es\/wp-json\/wp\/v2\/pages\/35225\/revisions\/35476"}],"wp:attachment":[{"href":"https:\/\/www.osa.coop\/es\/wp-json\/wp\/v2\/media?parent=35225"}],"curies":[{"name":"wp","href":"https:\/\/api.w.org\/{rel}","templated":true}]}}