{"id":35236,"date":"2022-03-04T18:23:52","date_gmt":"2022-03-04T17:23:52","guid":{"rendered":"https:\/\/www.osa.coop\/proyectos-especiales\/i-ragazzi-di-panormus\/"},"modified":"2022-03-07T13:57:51","modified_gmt":"2022-03-07T12:57:51","slug":"i-ragazzi-di-panormus","status":"publish","type":"page","link":"https:\/\/www.osa.coop\/es\/proyectos-especiales\/i-ragazzi-di-panormus\/","title":{"rendered":"I ragazzi di Panormus"},"content":{"rendered":"<p>[et_pb_section fb_built=\u00bb1&#8243; _builder_version=\u00bb4.7.3&#8243; _module_preset=\u00bbdefault\u00bb background_color=\u00bb#3b3b3b\u00bb custom_margin=\u00bb0px||0px||false|false\u00bb custom_padding=\u00bb0px||0px||false|false\u00bb global_module=\u00bb14230&#8243;][\/et_pb_section][et_pb_section fb_built=\u00bb1&#8243; fullwidth=\u00bbon\u00bb next_background_color=\u00bb#ffb356&#8243; _builder_version=\u00bb3.22&#8243; bottom_divider_style=\u00bbslant\u00bb bottom_divider_flip=\u00bbhorizontal\u00bb][et_pb_fullwidth_header title=\u00bbI ragazzi di Panormus\u00bb subhead=\u00bbUna historia que contar\u00bb text_orientation=\u00bbcenter\u00bb background_overlay_color=\u00bbrgba(52,81,104,0.8)\u00bb _builder_version=\u00bb4.6.6&#8243; title_font=\u00bbLato|700|||||||\u00bb title_font_size=\u00bb46px\u00bb title_line_height=\u00bb1.5em\u00bb content_font=\u00bbLato||||||||\u00bb content_font_size=\u00bb20px\u00bb content_line_height=\u00bb1.8em\u00bb subhead_font=\u00bbLato|700|||||||\u00bb subhead_font_size=\u00bb25px\u00bb subhead_line_height=\u00bb1.5em\u00bb background_color=\u00bb#afafaf\u00bb background_image=\u00bbhttps:\/\/www.osa.coop\/wp-content\/uploads\/2020\/10\/Schermata-2020-10-26-alle-18.13.13.png\u00bb custom_margin=\u00bb|||\u00bb custom_padding=\u00bb5vw||150px||false\u00bb animation_style=\u00bbslide\u00bb animation_direction=\u00bbtop\u00bb animation_intensity_slide=\u00bb2%\u00bb title_font_size_tablet=\u00bb36px\u00bb title_font_size_phone=\u00bb\u00bb title_font_size_last_edited=\u00bbon|phone\u00bb button_one_text_size__hover_enabled=\u00bboff\u00bb button_two_text_size__hover_enabled=\u00bboff\u00bb button_one_text_color__hover_enabled=\u00bboff\u00bb button_two_text_color__hover_enabled=\u00bboff\u00bb button_one_border_width__hover_enabled=\u00bboff\u00bb button_two_border_width__hover_enabled=\u00bboff\u00bb button_one_border_color__hover_enabled=\u00bboff\u00bb button_two_border_color__hover_enabled=\u00bboff\u00bb button_one_border_radius__hover_enabled=\u00bboff\u00bb button_two_border_radius__hover_enabled=\u00bboff\u00bb button_one_letter_spacing__hover_enabled=\u00bboff\u00bb button_two_letter_spacing__hover_enabled=\u00bboff\u00bb button_one_bg_color__hover_enabled=\u00bboff\u00bb button_two_bg_color__hover_enabled=\u00bboff\u00bb][\/et_pb_fullwidth_header][\/et_pb_section][et_pb_section fb_built=\u00bb1&#8243; next_background_color=\u00bb#ffffff\u00bb admin_label=\u00bbQuote\u00bb _builder_version=\u00bb3.22&#8243; background_color=\u00bb#ffb356&#8243; custom_padding=\u00bb||102px||false|\u00bb bottom_divider_style=\u00bbslant\u00bb bottom_divider_flip=\u00bbhorizontal\u00bb][et_pb_row _builder_version=\u00bb3.25&#8243;][et_pb_column type=\u00bb4_4&#8243; _builder_version=\u00bb3.25&#8243; custom_padding=\u00bb|||\u00bb custom_padding__hover=\u00bb|||\u00bb][et_pb_text _builder_version=\u00bb4.6.6&#8243; text_font=\u00bbCaveat||||||||\u00bb text_text_color=\u00bb#ffffff\u00bb text_font_size=\u00bb34px\u00bb text_line_height=\u00bb1.5em\u00bb header_font=\u00bb||||||||\u00bb text_orientation=\u00bbcenter\u00bb max_width=\u00bb800px\u00bb module_alignment=\u00bbcenter\u00bb text_font_size_tablet=\u00bb36px\u00bb text_font_size_phone=\u00bb26px\u00bb text_font_size_last_edited=\u00bbon|phone\u00bb]<\/p>\n<p class=\"p1\">El sue\u00f1o de Nicolino hecho realidad con OSA: \u201cI Ragazzi di Panormus\u201d (literalmente, \u00abLos Chicos de Panormus\u00bb), una realidad que merece ser contada y vivida.<\/p>\n<p>[\/et_pb_text][\/et_pb_column][\/et_pb_row][\/et_pb_section][et_pb_section fb_built=\u00bb1&#8243; admin_label=\u00bbAbout Me\u00bb _builder_version=\u00bb4.7.3&#8243; background_color=\u00bb#ffffff\u00bb custom_padding=\u00bb||1px||false|false\u00bb bottom_divider_flip=\u00bbhorizontal\u00bb][et_pb_row column_structure=\u00bb1_2,1_2&#8243; _builder_version=\u00bb4.6.6&#8243; custom_padding=\u00bb4px|||||\u00bb][et_pb_column type=\u00bb1_2&#8243; _builder_version=\u00bb3.25&#8243; custom_padding=\u00bb|||\u00bb custom_padding__hover=\u00bb|||\u00bb][et_pb_text _builder_version=\u00bb4.7.5&#8243; text_font=\u00bbLato||||||||\u00bb text_font_size=\u00bb15px\u00bb text_line_height=\u00bb1.8em\u00bb link_font=\u00bb||||||||\u00bb ul_font=\u00bb||||||||\u00bb ol_font=\u00bb||||||||\u00bb quote_font=\u00bb||||||||\u00bb header_font=\u00bb||||||||\u00bb header_2_font=\u00bbLato|700|||||||\u00bb header_2_font_size=\u00bb30px\u00bb header_2_letter_spacing=\u00bb1px\u00bb header_2_line_height=\u00bb1.5em\u00bb animation_style=\u00bbslide\u00bb animation_direction=\u00bbbottom\u00bb animation_intensity_slide=\u00bb5%\u00bb header_2_font_size_tablet=\u00bb\u00bb header_2_font_size_phone=\u00bb22px\u00bb header_2_font_size_last_edited=\u00bbon|phone\u00bb]<\/p>\n<p class=\"p1\">Por segundo a\u00f1o consecutivo, la Cooperativa apoya las actividades del equipo de baloncesto en silla de ruedas <strong>\u2018OSA I Ragazzi di Panormus\u2019<\/strong>, un club de Palermo que juega en el campeonato FIPIC de serie B y en el campeonato juvenil para la categor\u00eda Sub-16.<\/p>\n<p class=\"p1\">Un proyecto que combina deporte, solidaridad e integraci\u00f3n y que nace del deseo del quincea\u00f1ero <strong>Nicola Arrisicato, atendido por el servicio ADI<\/strong> brindado por OSA en Palermo, de <strong>disputar un campeonato de baloncesto con sus amigos<\/strong>, evento que hoy proporciona numerosos jugadores a las selecciones de baloncesto en silla de ruedas.  <\/p>\n<p class=\"p1\">De particular importancia, en 2019, la <strong>convocatoria con la selecci\u00f3n Sub-22<\/strong> <strong>del atleta quincea\u00f1ero Cristian Gandolfo<\/strong>, qui\u00e9n despu\u00e9s gano la <strong>medalla de plata<\/strong> en Finlandia en los <strong>European Para Youth Games<\/strong>.<\/p>\n<p>[\/et_pb_text][\/et_pb_column][et_pb_column type=\u00bb1_2&#8243; _builder_version=\u00bb3.25&#8243; custom_padding=\u00bb|||\u00bb custom_padding__hover=\u00bb|||\u00bb][et_pb_text _builder_version=\u00bb4.6.6&#8243; _module_preset=\u00bbdefault\u00bb text_font_size=\u00bb15px\u00bb text_line_height=\u00bb1.8em\u00bb]<\/p>\n<p><img loading=\"lazy\" decoding=\"async\" src=\"https:\/\/www.osa.coop\/wp-content\/uploads\/2020\/11\/panormus-mattarella_LOW.jpg\" width=\"760\" height=\"350\" alt=\"\" class=\"wp-image-13908 alignnone size-full\" srcset=\"https:\/\/www.osa.coop\/wp-content\/uploads\/2020\/11\/panormus-mattarella_LOW.jpg 384w, https:\/\/www.osa.coop\/wp-content\/uploads\/2020\/11\/panormus-mattarella_LOW-300x138.jpg 300w\" sizes=\"auto, (max-width: 760px) 100vw, 760px\" \/><\/p>\n<p>El \u00e9xito deportivo de Cristian se vio coronado por la emoci\u00f3n de una ceremonia en la Sala de los Espejos del Palacio del Quirinal con el <strong>Presidente de la Rep\u00fablica Sergio Mattarella<\/strong> y un gran n\u00famero de atletas italianos que regresaban de prestigiosas competiciones internacionales.<\/p>\n<p>[\/et_pb_text][\/et_pb_column][\/et_pb_row][\/et_pb_section][et_pb_section fb_built=\u00bb1&#8243; _builder_version=\u00bb4.7.3&#8243; _module_preset=\u00bbdefault\u00bb custom_padding=\u00bb||0px|||\u00bb][et_pb_row column_structure=\u00bb1_2,1_2&#8243; _builder_version=\u00bb4.7.3&#8243; _module_preset=\u00bbdefault\u00bb][et_pb_column type=\u00bb1_2&#8243; _builder_version=\u00bb4.7.3&#8243; _module_preset=\u00bbdefault\u00bb][et_pb_button button_text=\u00bbNontiscordardim\u00e9\u00bb button_alignment=\u00bbcenter\u00bb _builder_version=\u00bb4.9.4&#8243; _module_preset=\u00bbdefault\u00bb hover_enabled=\u00bb0&#8243; button_url=\u00bbhttps:\/\/www.osa.coop\/es\/proyectos-especiales\/nontiscordardime\/\u00bb sticky_enabled=\u00bb0&#8243;][\/et_pb_button][\/et_pb_column][et_pb_column type=\u00bb1_2&#8243; _builder_version=\u00bb4.7.3&#8243; _module_preset=\u00bbdefault\u00bb][et_pb_button button_text=\u00bbVuelve a los proyectos especiales\u00bb button_alignment=\u00bbcenter\u00bb _builder_version=\u00bb4.7.3&#8243; _module_preset=\u00bbdefault\u00bb][\/et_pb_button][\/et_pb_column][\/et_pb_row][\/et_pb_section]<\/p>\n","protected":false},"excerpt":{"rendered":"<p>El sue\u00f1o de Nicolino hecho realidad con OSA: \u201cI Ragazzi di Panormus\u201d (literalmente, \u00abLos Chicos de Panormus\u00bb), una realidad que merece ser contada y vivida.Por segundo a\u00f1o consecutivo, la Cooperativa apoya las actividades del equipo de baloncesto en silla de ruedas \u2018OSA I Ragazzi di Panormus\u2019, un club de Palermo que juega en el campeonato [&hellip;]<\/p>\n","protected":false},"author":1,"featured_media":0,"parent":35225,"menu_order":0,"comment_status":"closed","ping_status":"closed","template":"","meta":{"_et_pb_use_builder":"on","_et_pb_old_content":"","_et_gb_content_width":"","footnotes":""},"class_list":["post-35236","page","type-page","status-publish","hentry"],"yoast_head":"<!-- This site is optimized with the Yoast SEO plugin v26.6 - https:\/\/yoast.com\/wordpress\/plugins\/seo\/ -->\n<title>I ragazzi di Panormus - OSA coop<\/title>\n<meta name=\"robots\" content=\"index, follow, max-snippet:-1, max-image-preview:large, max-video-preview:-1\" \/>\n<link rel=\"canonical\" href=\"https:\/\/www.osa.coop\/es\/proyectos-especiales\/i-ragazzi-di-panormus\/\" \/>\n<meta property=\"og:locale\" content=\"es_ES\" \/>\n<meta property=\"og:type\" content=\"article\" \/>\n<meta property=\"og:title\" content=\"I ragazzi di Panormus - OSA coop\" \/>\n<meta property=\"og:description\" content=\"El sue\u00f1o de Nicolino hecho realidad con OSA: \u201cI Ragazzi di Panormus\u201d (literalmente, &quot;Los Chicos de Panormus&quot;), una realidad que merece ser contada y vivida.Por segundo a\u00f1o consecutivo, la Cooperativa apoya las actividades del equipo de baloncesto en silla de ruedas \u2018OSA I Ragazzi di Panormus\u2019, un club de Palermo que juega en el campeonato [&hellip;]\" \/>\n<meta property=\"og:url\" content=\"https:\/\/www.osa.coop\/es\/proyectos-especiales\/i-ragazzi-di-panormus\/\" \/>\n<meta property=\"og:site_name\" content=\"OSA coop\" \/>\n<meta property=\"article:modified_time\" content=\"2022-03-07T12:57:51+00:00\" \/>\n<meta property=\"og:image\" content=\"https:\/\/www.osa.coop\/wp-content\/uploads\/2020\/11\/panormus-mattarella_LOW.jpg\" \/>\n<meta name=\"twitter:card\" content=\"summary_large_image\" \/>\n<meta name=\"twitter:label1\" content=\"Tiempo de lectura\" \/>\n\t<meta name=\"twitter:data1\" content=\"4 minutos\" \/>\n<script type=\"application\/ld+json\" class=\"yoast-schema-graph\">{\"@context\":\"https:\/\/schema.org\",\"@graph\":[{\"@type\":\"WebPage\",\"@id\":\"https:\/\/www.osa.coop\/es\/proyectos-especiales\/i-ragazzi-di-panormus\/\",\"url\":\"https:\/\/www.osa.coop\/es\/proyectos-especiales\/i-ragazzi-di-panormus\/\",\"name\":\"I ragazzi di Panormus - OSA coop\",\"isPartOf\":{\"@id\":\"https:\/\/www.osa.coop\/es\/#website\"},\"primaryImageOfPage\":{\"@id\":\"https:\/\/www.osa.coop\/es\/proyectos-especiales\/i-ragazzi-di-panormus\/#primaryimage\"},\"image\":{\"@id\":\"https:\/\/www.osa.coop\/es\/proyectos-especiales\/i-ragazzi-di-panormus\/#primaryimage\"},\"thumbnailUrl\":\"https:\/\/www.osa.coop\/wp-content\/uploads\/2020\/11\/panormus-mattarella_LOW.jpg\",\"datePublished\":\"2022-03-04T17:23:52+00:00\",\"dateModified\":\"2022-03-07T12:57:51+00:00\",\"breadcrumb\":{\"@id\":\"https:\/\/www.osa.coop\/es\/proyectos-especiales\/i-ragazzi-di-panormus\/#breadcrumb\"},\"inLanguage\":\"es\",\"potentialAction\":[{\"@type\":\"ReadAction\",\"target\":[\"https:\/\/www.osa.coop\/es\/proyectos-especiales\/i-ragazzi-di-panormus\/\"]}]},{\"@type\":\"ImageObject\",\"inLanguage\":\"es\",\"@id\":\"https:\/\/www.osa.coop\/es\/proyectos-especiales\/i-ragazzi-di-panormus\/#primaryimage\",\"url\":\"https:\/\/www.osa.coop\/wp-content\/uploads\/2020\/11\/panormus-mattarella_LOW.jpg\",\"contentUrl\":\"https:\/\/www.osa.coop\/wp-content\/uploads\/2020\/11\/panormus-mattarella_LOW.jpg\"},{\"@type\":\"BreadcrumbList\",\"@id\":\"https:\/\/www.osa.coop\/es\/proyectos-especiales\/i-ragazzi-di-panormus\/#breadcrumb\",\"itemListElement\":[{\"@type\":\"ListItem\",\"position\":1,\"name\":\"Home\",\"item\":\"https:\/\/www.osa.coop\/es\/\"},{\"@type\":\"ListItem\",\"position\":2,\"name\":\"Proyectos especiales\",\"item\":\"https:\/\/www.osa.coop\/es\/proyectos-especiales\/\"},{\"@type\":\"ListItem\",\"position\":3,\"name\":\"I ragazzi di Panormus\"}]},{\"@type\":\"WebSite\",\"@id\":\"https:\/\/www.osa.coop\/es\/#website\",\"url\":\"https:\/\/www.osa.coop\/es\/\",\"name\":\"OSA coop\",\"description\":\"Operatori Sanitari Associati\",\"potentialAction\":[{\"@type\":\"SearchAction\",\"target\":{\"@type\":\"EntryPoint\",\"urlTemplate\":\"https:\/\/www.osa.coop\/es\/?s={search_term_string}\"},\"query-input\":{\"@type\":\"PropertyValueSpecification\",\"valueRequired\":true,\"valueName\":\"search_term_string\"}}],\"inLanguage\":\"es\"}]}<\/script>\n<!-- \/ Yoast SEO plugin. -->","yoast_head_json":{"title":"I ragazzi di Panormus - OSA coop","robots":{"index":"index","follow":"follow","max-snippet":"max-snippet:-1","max-image-preview":"max-image-preview:large","max-video-preview":"max-video-preview:-1"},"canonical":"https:\/\/www.osa.coop\/es\/proyectos-especiales\/i-ragazzi-di-panormus\/","og_locale":"es_ES","og_type":"article","og_title":"I ragazzi di Panormus - OSA coop","og_description":"El sue\u00f1o de Nicolino hecho realidad con OSA: \u201cI Ragazzi di Panormus\u201d (literalmente, \"Los Chicos de Panormus\"), una realidad que merece ser contada y vivida.Por segundo a\u00f1o consecutivo, la Cooperativa apoya las actividades del equipo de baloncesto en silla de ruedas \u2018OSA I Ragazzi di Panormus\u2019, un club de Palermo que juega en el campeonato [&hellip;]","og_url":"https:\/\/www.osa.coop\/es\/proyectos-especiales\/i-ragazzi-di-panormus\/","og_site_name":"OSA coop","article_modified_time":"2022-03-07T12:57:51+00:00","og_image":[{"url":"https:\/\/www.osa.coop\/wp-content\/uploads\/2020\/11\/panormus-mattarella_LOW.jpg","type":"","width":"","height":""}],"twitter_card":"summary_large_image","twitter_misc":{"Tiempo de lectura":"4 minutos"},"schema":{"@context":"https:\/\/schema.org","@graph":[{"@type":"WebPage","@id":"https:\/\/www.osa.coop\/es\/proyectos-especiales\/i-ragazzi-di-panormus\/","url":"https:\/\/www.osa.coop\/es\/proyectos-especiales\/i-ragazzi-di-panormus\/","name":"I ragazzi di Panormus - OSA coop","isPartOf":{"@id":"https:\/\/www.osa.coop\/es\/#website"},"primaryImageOfPage":{"@id":"https:\/\/www.osa.coop\/es\/proyectos-especiales\/i-ragazzi-di-panormus\/#primaryimage"},"image":{"@id":"https:\/\/www.osa.coop\/es\/proyectos-especiales\/i-ragazzi-di-panormus\/#primaryimage"},"thumbnailUrl":"https:\/\/www.osa.coop\/wp-content\/uploads\/2020\/11\/panormus-mattarella_LOW.jpg","datePublished":"2022-03-04T17:23:52+00:00","dateModified":"2022-03-07T12:57:51+00:00","breadcrumb":{"@id":"https:\/\/www.osa.coop\/es\/proyectos-especiales\/i-ragazzi-di-panormus\/#breadcrumb"},"inLanguage":"es","potentialAction":[{"@type":"ReadAction","target":["https:\/\/www.osa.coop\/es\/proyectos-especiales\/i-ragazzi-di-panormus\/"]}]},{"@type":"ImageObject","inLanguage":"es","@id":"https:\/\/www.osa.coop\/es\/proyectos-especiales\/i-ragazzi-di-panormus\/#primaryimage","url":"https:\/\/www.osa.coop\/wp-content\/uploads\/2020\/11\/panormus-mattarella_LOW.jpg","contentUrl":"https:\/\/www.osa.coop\/wp-content\/uploads\/2020\/11\/panormus-mattarella_LOW.jpg"},{"@type":"BreadcrumbList","@id":"https:\/\/www.osa.coop\/es\/proyectos-especiales\/i-ragazzi-di-panormus\/#breadcrumb","itemListElement":[{"@type":"ListItem","position":1,"name":"Home","item":"https:\/\/www.osa.coop\/es\/"},{"@type":"ListItem","position":2,"name":"Proyectos especiales","item":"https:\/\/www.osa.coop\/es\/proyectos-especiales\/"},{"@type":"ListItem","position":3,"name":"I ragazzi di Panormus"}]},{"@type":"WebSite","@id":"https:\/\/www.osa.coop\/es\/#website","url":"https:\/\/www.osa.coop\/es\/","name":"OSA coop","description":"Operatori Sanitari Associati","potentialAction":[{"@type":"SearchAction","target":{"@type":"EntryPoint","urlTemplate":"https:\/\/www.osa.coop\/es\/?s={search_term_string}"},"query-input":{"@type":"PropertyValueSpecification","valueRequired":true,"valueName":"search_term_string"}}],"inLanguage":"es"}]}},"_links":{"self":[{"href":"https:\/\/www.osa.coop\/es\/wp-json\/wp\/v2\/pages\/35236","targetHints":{"allow":["GET"]}}],"collection":[{"href":"https:\/\/www.osa.coop\/es\/wp-json\/wp\/v2\/pages"}],"about":[{"href":"https:\/\/www.osa.coop\/es\/wp-json\/wp\/v2\/types\/page"}],"author":[{"embeddable":true,"href":"https:\/\/www.osa.coop\/es\/wp-json\/wp\/v2\/users\/1"}],"replies":[{"embeddable":true,"href":"https:\/\/www.osa.coop\/es\/wp-json\/wp\/v2\/comments?post=35236"}],"version-history":[{"count":8,"href":"https:\/\/www.osa.coop\/es\/wp-json\/wp\/v2\/pages\/35236\/revisions"}],"predecessor-version":[{"id":35479,"href":"https:\/\/www.osa.coop\/es\/wp-json\/wp\/v2\/pages\/35236\/revisions\/35479"}],"up":[{"embeddable":true,"href":"https:\/\/www.osa.coop\/es\/wp-json\/wp\/v2\/pages\/35225"}],"wp:attachment":[{"href":"https:\/\/www.osa.coop\/es\/wp-json\/wp\/v2\/media?parent=35236"}],"curies":[{"name":"wp","href":"https:\/\/api.w.org\/{rel}","templated":true}]}}