{"id":35256,"date":"2022-03-04T19:40:01","date_gmt":"2022-03-04T18:40:01","guid":{"rendered":"https:\/\/www.osa.coop\/proyectos-especiales\/nontiscordardime\/"},"modified":"2022-03-07T13:58:29","modified_gmt":"2022-03-07T12:58:29","slug":"nontiscordardime","status":"publish","type":"page","link":"https:\/\/www.osa.coop\/es\/proyectos-especiales\/nontiscordardime\/","title":{"rendered":"Nontiscordardim\u00e8"},"content":{"rendered":"<p>[et_pb_section fb_built=\u00bb1&#8243; fullwidth=\u00bbon\u00bb next_background_color=\u00bb#ffb356&#8243; _builder_version=\u00bb4.6.6&#8243; bottom_divider_style=\u00bbslant\u00bb bottom_divider_flip=\u00bbhorizontal\u00bb][et_pb_fullwidth_header title=\u00bbEl proyecto \u201cNontiscordardim\u00e9\u201d\u00bb subhead=\u00bb para apoyar a ni\u00f1os y mayores\u00bb text_orientation=\u00bbcenter\u00bb background_overlay_color=\u00bbrgba(52,81,104,0.8)\u00bb _builder_version=\u00bb4.6.6&#8243; title_font=\u00bbLato|700|||||||\u00bb title_font_size=\u00bb46px\u00bb title_line_height=\u00bb1.5em\u00bb content_font=\u00bbLato||||||||\u00bb content_font_size=\u00bb20px\u00bb content_line_height=\u00bb1.8em\u00bb subhead_font=\u00bbLato|700|||||||\u00bb subhead_font_size=\u00bb25px\u00bb subhead_line_height=\u00bb1.5em\u00bb background_color=\u00bb#afafaf\u00bb background_image=\u00bbhttps:\/\/www.osa.coop\/wp-content\/uploads\/2020\/11\/HP_camper.jpg\u00bb custom_margin=\u00bb|||\u00bb custom_padding=\u00bb5vw||150px||false\u00bb animation_style=\u00bbslide\u00bb animation_direction=\u00bbtop\u00bb animation_intensity_slide=\u00bb2%\u00bb title_font_size_tablet=\u00bb36px\u00bb title_font_size_phone=\u00bb\u00bb title_font_size_last_edited=\u00bbon|phone\u00bb button_one_text_size__hover_enabled=\u00bboff\u00bb button_two_text_size__hover_enabled=\u00bboff\u00bb button_one_text_color__hover_enabled=\u00bboff\u00bb button_two_text_color__hover_enabled=\u00bboff\u00bb button_one_border_width__hover_enabled=\u00bboff\u00bb button_two_border_width__hover_enabled=\u00bboff\u00bb button_one_border_color__hover_enabled=\u00bboff\u00bb button_two_border_color__hover_enabled=\u00bboff\u00bb button_one_border_radius__hover_enabled=\u00bboff\u00bb button_two_border_radius__hover_enabled=\u00bboff\u00bb button_one_letter_spacing__hover_enabled=\u00bboff\u00bb button_two_letter_spacing__hover_enabled=\u00bboff\u00bb button_one_bg_color__hover_enabled=\u00bboff\u00bb button_two_bg_color__hover_enabled=\u00bboff\u00bb][\/et_pb_fullwidth_header][\/et_pb_section][et_pb_section fb_built=\u00bb1&#8243; next_background_color=\u00bb#ffffff\u00bb admin_label=\u00bbQuote\u00bb _builder_version=\u00bb3.22&#8243; background_color=\u00bb#ffb356&#8243; custom_padding=\u00bb4px||114px||false|\u00bb bottom_divider_style=\u00bbslant\u00bb bottom_divider_flip=\u00bbhorizontal\u00bb][et_pb_row _builder_version=\u00bb3.25&#8243; custom_padding=\u00bb||6px|||\u00bb][et_pb_column type=\u00bb4_4&#8243; _builder_version=\u00bb3.25&#8243; custom_padding=\u00bb|||\u00bb custom_padding__hover=\u00bb|||\u00bb][et_pb_code _builder_version=\u00bb4.7.3&#8243; _module_preset=\u00bbdefault\u00bb]<span><span><a href=\"https:\/\/www.osa.coop\/es\/\">Home<\/a><\/span><\/span>[\/et_pb_code][et_pb_text _builder_version=\u00bb4.6.6&#8243; text_font=\u00bbCaveat|700|||||||\u00bb text_text_color=\u00bb#ffffff\u00bb text_font_size=\u00bb34px\u00bb text_line_height=\u00bb1.3em\u00bb header_font=\u00bb||||||||\u00bb text_orientation=\u00bbcenter\u00bb max_width=\u00bb800px\u00bb module_alignment=\u00bbcenter\u00bb text_font_size_tablet=\u00bb36px\u00bb text_font_size_phone=\u00bb26px\u00bb text_font_size_last_edited=\u00bbon|phone\u00bb]<\/p>\n<p class=\"p1\">\u00ab\u00a1Que bonito seri\u0301a que, empezando por Roma, entre las cooperativas, las parroquias y los hospitales pudiera nacer una red eficaz de asistencia y de solidaridad! \u00a1Y que a la gente, empezando por la ma\u0301s necesitada, se la pusiera en el centro de todo ese movimiento solidario: la gente en el centro, los ma\u0301s necesitados en el centro!  \u00a1Esta es la misio\u0301n que nos proponemos!\u00bb<\/p>\n<p class=\"p1\">Papa Francisco<\/p>\n<p>[\/et_pb_text][\/et_pb_column][\/et_pb_row][\/et_pb_section][et_pb_section fb_built=\u00bb1&#8243; admin_label=\u00bbAbout Me\u00bb _builder_version=\u00bb4.7.3&#8243; background_color=\u00bb#ffffff\u00bb custom_padding=\u00bb||1px||false|false\u00bb bottom_divider_flip=\u00bbhorizontal\u00bb][et_pb_row column_structure=\u00bb1_2,1_2&#8243; _builder_version=\u00bb3.25&#8243; custom_padding=\u00bb||7px|||\u00bb][et_pb_column type=\u00bb1_2&#8243; _builder_version=\u00bb3.25&#8243; custom_padding=\u00bb|||\u00bb custom_padding__hover=\u00bb|||\u00bb][et_pb_text _builder_version=\u00bb4.7.5&#8243; text_font=\u00bbLato||||||||\u00bb text_font_size=\u00bb15px\u00bb text_line_height=\u00bb1.8em\u00bb link_font=\u00bb||||||||\u00bb ul_font=\u00bb||||||||\u00bb ol_font=\u00bb||||||||\u00bb quote_font=\u00bb||||||||\u00bb header_font=\u00bb||||||||\u00bb header_2_font=\u00bbLato|700|||||||\u00bb header_2_font_size=\u00bb30px\u00bb header_2_letter_spacing=\u00bb1px\u00bb header_2_line_height=\u00bb1.5em\u00bb custom_padding=\u00bb||0px|||\u00bb animation_style=\u00bbslide\u00bb animation_direction=\u00bbbottom\u00bb animation_intensity_slide=\u00bb5%\u00bb header_2_font_size_tablet=\u00bb\u00bb header_2_font_size_phone=\u00bb22px\u00bb header_2_font_size_last_edited=\u00bbon|phone\u00bb]<\/p>\n<p class=\"p1\" style=\"text-align: justify;\"><span class=\"s1\">OSA est\u00e1 al mando del proyecto de medicina de proximidad Nontiscordardim\u00e9 (literalmente, Noteolvidesdem\u00ed) que, a trav\u00e9s de dos consultorios m\u00f3viles y equipos de profesionales sociosanitarios, brinda asistencia, escucha, apoyo y cuidados a los ni\u00f1os y mayores de la periferia romana con los que la Cooperativa entra en contacto gracias a una amplia red de parroquias, de C\u00e1ritas y de asociaciones locales que participan en la iniciativa.<\/span><\/p>\n<p style=\"text-align: justify;\"><span class=\"s1\">El proyecto, <strong>puesto en marcha en 2015<\/strong> con la unidad m\u00f3vil <strong>Junior<\/strong> dedicada a los ni\u00f1os en situaci\u00f3n de fragilidad social, a la que se sum\u00f3 en <strong>2018<\/strong> el consultorio <strong>Senior<\/strong> dirigido a los mayores, cuenta con la colaboraci\u00f3n de <strong>hospital pedi\u00e1trico Bambino Ges\u00f9, de la Universidad Cat\u00f3lica del Sagrado Coraz\u00f3n de Mil\u00e1n, del hospital Fondazione Policlinico Agostino Gemelli y de la Vicar\u00eda<\/strong>, as\u00ed como con el apoyo de     <strong>Banca di Credito Cooperativo y de FondoSviluppo Confcooperative.<\/strong> En 2019, las actividades de <strong>Nontiscordardim\u00e9<\/strong> se consolidaron a\u00fan m\u00e1s: en el marco del proyecto Senior, se llevaron a cabo en las parroquias numerosas actividades de promoci\u00f3n de la salud como encuentros de educaci\u00f3n sanitaria y nutricional. Adem\u00e1s, se lanz\u00f3 la iniciativa <strong>Gruppi di Cammino<\/strong> (Grupos de Caminar) para incentivar la socializaci\u00f3n y cosech\u00f3 mucho \u00e9xito sobre todo entre los <strong>voluntarios<\/strong> de las parroquias.  <\/span><\/p>\n<p><span class=\"s1\"><\/span><\/p>\n<p>[\/et_pb_text][\/et_pb_column][et_pb_column type=\u00bb1_2&#8243; _builder_version=\u00bb3.25&#8243; custom_padding=\u00bb|||\u00bb custom_padding__hover=\u00bb|||\u00bb][et_pb_text _builder_version=\u00bb4.7.5&#8243; _module_preset=\u00bbdefault\u00bb text_font_size=\u00bb15px\u00bb text_line_height=\u00bb1.8em\u00bb animation_style=\u00bbslide\u00bb animation_direction=\u00bbbottom\u00bb custom_padding=\u00bb||7px|||\u00bb]<\/p>\n<p><span class=\"s1\">Basada en la evidencia cient\u00edfica, esta iniciativa promueve el <strong>ejercicio f\u00edsico<\/strong> y <strong>un estilo de vida saludable<\/strong> en la <strong>poblaci\u00f3n mayor<\/strong> mediante <strong>un programa de paseos y ejercicios suaves<\/strong> <span class=\"Apple-converted-space\">en<\/span> los barrios y parques de la ciudad.<\/span><\/p>\n<p><span class=\"s1\">Ni siquiera la emergencia sanitaria detuvo la <strong>actividad f\u00edsica<\/strong>, que fue replanteada gracias a las redes sociales y a los smartphones. Durante la pandemia de Covid-19, las unidades m\u00f3viles del proyecto Nontiscordardim\u00e9, con el personal sanitario de OSA a bordo, realizaron pruebas de Covid-19 y an\u00e1lisis a la poblaci\u00f3n en las zonas m\u00e1s afectadas por el virus (las llamadas \u00abzonas rojas\u00bb) del Lacio.  <\/span><\/p>\n<p><span class=\"s1\">El proyecto cont\u00f3 con el apoyo de la Regi\u00f3n del Lacio, del Instituto Nacional de Enfermedades Infecciosas <strong>Lazzaro Spallanzani<\/strong>, de los m\u00e9dicos voluntarios de la FIMMG, fundaci\u00f3n que re\u00fane a los m\u00e9dicos de familia romanos, y del sindicato de m\u00e9dicos especializados <strong>Sumai Assoprof<\/strong>.<\/span><\/p>\n<p><strong><span class=\"s1\">PARA M\u00c1S INFORMACI\u00d3N CONSULTA LA P\u00c1GINA WEB <a href=\"http:\/\/WWW.NONTISCORDARDIME.EU\">WWW.NONTISCORDARDIME.EU<\/a><\/span><\/strong><\/p>\n<p>[\/et_pb_text][\/et_pb_column][\/et_pb_row][et_pb_row _builder_version=\u00bb4.6.6&#8243; _module_preset=\u00bbdefault\u00bb custom_padding=\u00bb3px|||||\u00bb][et_pb_column type=\u00bb4_4&#8243; _builder_version=\u00bb4.6.6&#8243; _module_preset=\u00bbdefault\u00bb][et_pb_image src=\u00bbhttps:\/\/www.osa.coop\/wp-content\/uploads\/2020\/11\/HP_PAPA2.jpg\u00bb title_text=\u00bbHP_PAPA2&#8243; _builder_version=\u00bb4.6.6&#8243; _module_preset=\u00bbdefault\u00bb][\/et_pb_image][\/et_pb_column][\/et_pb_row][\/et_pb_section][et_pb_section fb_built=\u00bb1&#8243; _builder_version=\u00bb4.7.3&#8243; _module_preset=\u00bbdefault\u00bb custom_padding=\u00bb||0px|||\u00bb][et_pb_row column_structure=\u00bb1_2,1_2&#8243; _builder_version=\u00bb4.7.3&#8243; _module_preset=\u00bbdefault\u00bb][et_pb_column type=\u00bb1_2&#8243; _builder_version=\u00bb4.7.3&#8243; _module_preset=\u00bbdefault\u00bb][et_pb_button button_url=\u00bbhttps:\/\/www.osa.coop\/es\/proyectos-especiales\/\u00bb button_text=\u00bbVuelve a los proyectos especiales\u00bb button_alignment=\u00bbcenter\u00bb _builder_version=\u00bb4.7.5&#8243; _module_preset=\u00bbdefault\u00bb][\/et_pb_button][\/et_pb_column][et_pb_column type=\u00bb1_2&#8243; _builder_version=\u00bb4.7.3&#8243; _module_preset=\u00bbdefault\u00bb][et_pb_button button_url=\u00bbhttps:\/\/www.osa.coop\/es\/proyectos-especiales\/i-ragazzi-di-panormus\/\u00bb button_text=\u00bbI ragazzi di Panormus\u00bb button_alignment=\u00bbcenter\u00bb _builder_version=\u00bb4.7.5&#8243; _module_preset=\u00bbdefault\u00bb][\/et_pb_button][\/et_pb_column][\/et_pb_row][\/et_pb_section]<\/p>\n","protected":false},"excerpt":{"rendered":"<p><span><span><a href=\"https:\/\/www.osa.coop\/es\/\">Home<\/a><\/span><\/span>\u00ab\u00a1Que bonito seri\u0301a que, empezando por Roma, entre las cooperativas, las parroquias y los hospitales pudiera nacer una red eficaz de asistencia y de solidaridad! \u00a1Y que a la gente, empezando por la ma\u0301s necesitada, se la pusiera en el centro de todo ese movimiento solidario: la gente en el centro, los ma\u0301s necesitados en [&hellip;]<\/p>\n","protected":false},"author":1,"featured_media":0,"parent":35225,"menu_order":0,"comment_status":"closed","ping_status":"closed","template":"","meta":{"_et_pb_use_builder":"on","_et_pb_old_content":"","_et_gb_content_width":"","footnotes":""},"class_list":["post-35256","page","type-page","status-publish","hentry"],"yoast_head":"<!-- This site is optimized with the Yoast SEO plugin v26.6 - https:\/\/yoast.com\/wordpress\/plugins\/seo\/ -->\n<title>Nontiscordardim\u00e8 - OSA coop<\/title>\n<meta name=\"robots\" content=\"index, follow, max-snippet:-1, max-image-preview:large, max-video-preview:-1\" \/>\n<link rel=\"canonical\" href=\"https:\/\/www.osa.coop\/es\/proyectos-especiales\/nontiscordardime\/\" \/>\n<meta property=\"og:locale\" content=\"es_ES\" \/>\n<meta property=\"og:type\" content=\"article\" \/>\n<meta property=\"og:title\" content=\"Nontiscordardim\u00e8 - OSA coop\" \/>\n<meta property=\"og:description\" content=\"&quot;\u00a1Que bonito seri\u0301a que, empezando por Roma, entre las cooperativas, las parroquias y los hospitales pudiera nacer una red eficaz de asistencia y de solidaridad! \u00a1Y que a la gente, empezando por la ma\u0301s necesitada, se la pusiera en el centro de todo ese movimiento solidario: la gente en el centro, los ma\u0301s necesitados en [&hellip;]\" \/>\n<meta property=\"og:url\" content=\"https:\/\/www.osa.coop\/es\/proyectos-especiales\/nontiscordardime\/\" \/>\n<meta property=\"og:site_name\" content=\"OSA coop\" \/>\n<meta property=\"article:modified_time\" content=\"2022-03-07T12:58:29+00:00\" \/>\n<meta name=\"twitter:card\" content=\"summary_large_image\" \/>\n<meta name=\"twitter:label1\" content=\"Tiempo de lectura\" \/>\n\t<meta name=\"twitter:data1\" content=\"6 minutos\" \/>\n<script type=\"application\/ld+json\" class=\"yoast-schema-graph\">{\"@context\":\"https:\/\/schema.org\",\"@graph\":[{\"@type\":\"WebPage\",\"@id\":\"https:\/\/www.osa.coop\/es\/proyectos-especiales\/nontiscordardime\/\",\"url\":\"https:\/\/www.osa.coop\/es\/proyectos-especiales\/nontiscordardime\/\",\"name\":\"Nontiscordardim\u00e8 - OSA coop\",\"isPartOf\":{\"@id\":\"https:\/\/www.osa.coop\/es\/#website\"},\"datePublished\":\"2022-03-04T18:40:01+00:00\",\"dateModified\":\"2022-03-07T12:58:29+00:00\",\"breadcrumb\":{\"@id\":\"https:\/\/www.osa.coop\/es\/proyectos-especiales\/nontiscordardime\/#breadcrumb\"},\"inLanguage\":\"es\",\"potentialAction\":[{\"@type\":\"ReadAction\",\"target\":[\"https:\/\/www.osa.coop\/es\/proyectos-especiales\/nontiscordardime\/\"]}]},{\"@type\":\"BreadcrumbList\",\"@id\":\"https:\/\/www.osa.coop\/es\/proyectos-especiales\/nontiscordardime\/#breadcrumb\",\"itemListElement\":[{\"@type\":\"ListItem\",\"position\":1,\"name\":\"Home\",\"item\":\"https:\/\/www.osa.coop\/es\/\"},{\"@type\":\"ListItem\",\"position\":2,\"name\":\"Proyectos especiales\",\"item\":\"https:\/\/www.osa.coop\/es\/proyectos-especiales\/\"},{\"@type\":\"ListItem\",\"position\":3,\"name\":\"Nontiscordardim\u00e8\"}]},{\"@type\":\"WebSite\",\"@id\":\"https:\/\/www.osa.coop\/es\/#website\",\"url\":\"https:\/\/www.osa.coop\/es\/\",\"name\":\"OSA coop\",\"description\":\"Operatori Sanitari Associati\",\"potentialAction\":[{\"@type\":\"SearchAction\",\"target\":{\"@type\":\"EntryPoint\",\"urlTemplate\":\"https:\/\/www.osa.coop\/es\/?s={search_term_string}\"},\"query-input\":{\"@type\":\"PropertyValueSpecification\",\"valueRequired\":true,\"valueName\":\"search_term_string\"}}],\"inLanguage\":\"es\"}]}<\/script>\n<!-- \/ Yoast SEO plugin. -->","yoast_head_json":{"title":"Nontiscordardim\u00e8 - OSA coop","robots":{"index":"index","follow":"follow","max-snippet":"max-snippet:-1","max-image-preview":"max-image-preview:large","max-video-preview":"max-video-preview:-1"},"canonical":"https:\/\/www.osa.coop\/es\/proyectos-especiales\/nontiscordardime\/","og_locale":"es_ES","og_type":"article","og_title":"Nontiscordardim\u00e8 - OSA coop","og_description":"\"\u00a1Que bonito seri\u0301a que, empezando por Roma, entre las cooperativas, las parroquias y los hospitales pudiera nacer una red eficaz de asistencia y de solidaridad! \u00a1Y que a la gente, empezando por la ma\u0301s necesitada, se la pusiera en el centro de todo ese movimiento solidario: la gente en el centro, los ma\u0301s necesitados en [&hellip;]","og_url":"https:\/\/www.osa.coop\/es\/proyectos-especiales\/nontiscordardime\/","og_site_name":"OSA coop","article_modified_time":"2022-03-07T12:58:29+00:00","twitter_card":"summary_large_image","twitter_misc":{"Tiempo de lectura":"6 minutos"},"schema":{"@context":"https:\/\/schema.org","@graph":[{"@type":"WebPage","@id":"https:\/\/www.osa.coop\/es\/proyectos-especiales\/nontiscordardime\/","url":"https:\/\/www.osa.coop\/es\/proyectos-especiales\/nontiscordardime\/","name":"Nontiscordardim\u00e8 - OSA coop","isPartOf":{"@id":"https:\/\/www.osa.coop\/es\/#website"},"datePublished":"2022-03-04T18:40:01+00:00","dateModified":"2022-03-07T12:58:29+00:00","breadcrumb":{"@id":"https:\/\/www.osa.coop\/es\/proyectos-especiales\/nontiscordardime\/#breadcrumb"},"inLanguage":"es","potentialAction":[{"@type":"ReadAction","target":["https:\/\/www.osa.coop\/es\/proyectos-especiales\/nontiscordardime\/"]}]},{"@type":"BreadcrumbList","@id":"https:\/\/www.osa.coop\/es\/proyectos-especiales\/nontiscordardime\/#breadcrumb","itemListElement":[{"@type":"ListItem","position":1,"name":"Home","item":"https:\/\/www.osa.coop\/es\/"},{"@type":"ListItem","position":2,"name":"Proyectos especiales","item":"https:\/\/www.osa.coop\/es\/proyectos-especiales\/"},{"@type":"ListItem","position":3,"name":"Nontiscordardim\u00e8"}]},{"@type":"WebSite","@id":"https:\/\/www.osa.coop\/es\/#website","url":"https:\/\/www.osa.coop\/es\/","name":"OSA coop","description":"Operatori Sanitari Associati","potentialAction":[{"@type":"SearchAction","target":{"@type":"EntryPoint","urlTemplate":"https:\/\/www.osa.coop\/es\/?s={search_term_string}"},"query-input":{"@type":"PropertyValueSpecification","valueRequired":true,"valueName":"search_term_string"}}],"inLanguage":"es"}]}},"_links":{"self":[{"href":"https:\/\/www.osa.coop\/es\/wp-json\/wp\/v2\/pages\/35256","targetHints":{"allow":["GET"]}}],"collection":[{"href":"https:\/\/www.osa.coop\/es\/wp-json\/wp\/v2\/pages"}],"about":[{"href":"https:\/\/www.osa.coop\/es\/wp-json\/wp\/v2\/types\/page"}],"author":[{"embeddable":true,"href":"https:\/\/www.osa.coop\/es\/wp-json\/wp\/v2\/users\/1"}],"replies":[{"embeddable":true,"href":"https:\/\/www.osa.coop\/es\/wp-json\/wp\/v2\/comments?post=35256"}],"version-history":[{"count":9,"href":"https:\/\/www.osa.coop\/es\/wp-json\/wp\/v2\/pages\/35256\/revisions"}],"predecessor-version":[{"id":35482,"href":"https:\/\/www.osa.coop\/es\/wp-json\/wp\/v2\/pages\/35256\/revisions\/35482"}],"up":[{"embeddable":true,"href":"https:\/\/www.osa.coop\/es\/wp-json\/wp\/v2\/pages\/35225"}],"wp:attachment":[{"href":"https:\/\/www.osa.coop\/es\/wp-json\/wp\/v2\/media?parent=35256"}],"curies":[{"name":"wp","href":"https:\/\/api.w.org\/{rel}","templated":true}]}}